{"id":518,"date":"2024-04-18T01:53:16","date_gmt":"2024-04-18T01:53:16","guid":{"rendered":"https:\/\/thepadelkit.com\/?page_id=518"},"modified":"2024-04-21T02:18:52","modified_gmt":"2024-04-21T02:18:52","slug":"canopy","status":"publish","type":"page","link":"https:\/\/thepadelkit.com\/pt\/canopy\/","title":{"rendered":"Marquise"},"content":{"rendered":"<section class=\"section\" id=\"section_1623634575\">\n\t\t<div class=\"section-bg fill\" >\n\t\t\t\t\t\t\t\t\t\n\t\t\t\n\n\t\t<\/div>\n\n\t\t\n\n\t\t<div class=\"section-content relative\">\n\t\t\t\n\n<div class=\"row align-center\"  id=\"row-936174310\">\n\n\n\t<div id=\"col-1901326232\" class=\"col medium-9 small-11 large-8\"  >\n\t\t\t\t<div class=\"col-inner text-center\"  >\n\t\t\t\n\t\t\t\n\n<h1>Coberturas de quadra de Padel: garantindo divers\u00e3o o ano todo<\/h1>\n<p class=\"lead\">As coberturas das quadras de Padel ThePadelKit oferecem prote\u00e7\u00e3o permanente contra as intemp\u00e9ries, ao contr\u00e1rio das op\u00e7\u00f5es infl\u00e1veis. Nossas instala\u00e7\u00f5es est\u00e1ticas fornecem cobertura dur\u00e1vel para qualquer clima, garantindo jogo ininterrupto. Com solu\u00e7\u00f5es personalizadas adaptadas \u00e0s necessidades de cada local, o ThePadelKit garante um processo de sele\u00e7\u00e3o e instala\u00e7\u00e3o perfeito, elevando as experi\u00eancias de jogo ao ar livre a novos patamares.<\/p>\n\n\t\t<\/div>\n\t\t\t\t\n<style>\n#col-1901326232 > .col-inner {\n  padding: 60px 0px 60px 0px;\n}\n<\/style>\n\t<\/div>\n\n\t\n\n<\/div>\n\n\t\t<\/div>\n\n\t\t\n<style>\n#section_1623634575 {\n  padding-top: 30px;\n  padding-bottom: 30px;\n}\n<\/style>\n\t<\/section>\n\t\n\n\t<section class=\"section dark\" id=\"section_57852172\">\n\t\t<div class=\"section-bg fill\" >\n\t\t\t\t\t\t\t\t\t\n\t\t\t\n\n\t\t<\/div>\n\n\t\t\n\n\t\t<div class=\"section-content relative\">\n\t\t\t\n\n<div class=\"row row-large align-middle align-center\"  id=\"row-1395745802\">\n\n\n\t<div id=\"col-1520377977\" class=\"col medium-10 small-12 large-6\"  >\n\t\t\t\t<div class=\"col-inner\"  >\n\t\t\t\n\t\t\t\n\n\n  <div class=\"banner has-hover\" id=\"banner-362097374\">\n          <div class=\"banner-inner fill\">\n        <div class=\"banner-bg fill\" >\n            <img loading=\"lazy\" decoding=\"async\" width=\"1000\" height=\"750\" src=\"https:\/\/thepadelkit.com\/wp-content\/uploads\/2024\/03\/Padel-Court-Structure-Integrated-Roofing.jpg\" class=\"bg attachment-large size-large\" alt=\"\" \/>                                    \n                    <\/div>\n\t\t\n        <div class=\"banner-layers container\">\n            <div class=\"fill banner-link\"><\/div>            \n\n   <div id=\"text-box-1962968684\" class=\"text-box banner-layer x50 md-x50 lg-x50 y50 md-y50 lg-y50 res-text\">\n                                <div class=\"text-box-content text dark\">\n              \n              <div class=\"text-inner text-center\">\n                  \n\n\n              <\/div>\n           <\/div>\n                            \n<style>\n#text-box-1962968684 {\n  width: 60%;\n}\n#text-box-1962968684 .text-box-content {\n  font-size: 100%;\n}\n@media (min-width:550px) {\n  #text-box-1962968684 {\n    width: 60%;\n  }\n}\n<\/style>\n    <\/div>\n \n\n        <\/div>\n      <\/div>\n\n            \n<style>\n#banner-362097374 {\n  padding-top: 350px;\n}\n@media (min-width:550px) {\n  #banner-362097374 {\n    padding-top: 99.99%;\n  }\n}\n<\/style>\n  <\/div>\n\n\n\n\t\t<\/div>\n\t\t\t\t\t<\/div>\n\n\t\n\n\t<div id=\"col-1067103386\" class=\"col medium-10 small-12 large-6\"  >\n\t\t\t\t<div class=\"col-inner\"  >\n\t\t\t\n\t\t\t\n\n\n\t\t<div class=\"icon-box featured-box icon-box-left text-left\"  style=\"margin:0px 0px 30px 0px;\">\n\t\t\t\t<div class=\"icon-box-text last-reset\">\n\t\t\t\t\t\t\t\t\t\n\n<h3>Canopy integrado aos pilares da quadra de Padel<\/h3>\n<p>Experimente a integra\u00e7\u00e3o perfeita com nossas solu\u00e7\u00f5es de velame integradas diretamente nos pilares da quadra de padel. Oferecendo um design elegante e unificado, essas coberturas fornecem prote\u00e7\u00e3o ideal contra as intemp\u00e9ries, ao mesmo tempo que melhoram o apelo est\u00e9tico da sua quadra de padel. Desfrute de uma jogabilidade ininterrupta sob a cobertura dur\u00e1vel para qualquer clima fornecida pelo nosso velame integrado aos pilares da quadra de padel.<\/p>\n\n\t\t<\/div>\n\t<\/div>\n\t\n\t\n\n\t\t<\/div>\n\t\t\t\t\n<style>\n#col-1067103386 > .col-inner {\n  padding: 20px 0px 0px 0px;\n}\n<\/style>\n\t<\/div>\n\n\t\n\n<\/div>\n\t<div id=\"gap-349292571\" class=\"gap-element clearfix\" style=\"display:block; height:auto;\">\n\t\t\n<style>\n#gap-349292571 {\n  padding-top: 30px;\n}\n<\/style>\n\t<\/div>\n\t\n\n<div class=\"row row-large align-middle align-center\"  id=\"row-675703943\">\n\n\n\t<div id=\"col-961470091\" class=\"col medium-10 small-12 large-6\"  >\n\t\t\t\t<div class=\"col-inner\"  >\n\t\t\t\n\t\t\t\n\n<div class=\"row\"  id=\"row-1975592889\">\n\n\n\t<div id=\"col-1093782870\" class=\"col small-12 large-12\"  >\n\t\t\t\t<div class=\"col-inner\"  >\n\t\t\t\n\t\t\t\n\n<h3>Canopy separado do Padel Court<\/h3>\n<p>Maximize a flexibilidade com as nossas solu\u00e7\u00f5es de velame separadas da estrutura do campo de padel. Projetados para versatilidade, esses velames oferecem op\u00e7\u00f5es de cobertura personaliz\u00e1veis, adaptadas \u00e0s necessidades espec\u00edficas do local. Experimente um jogo ininterrupto em todas as condi\u00e7\u00f5es clim\u00e1ticas com nossas instala\u00e7\u00f5es de cobertura dur\u00e1veis, estrategicamente posicionadas para fornecer prote\u00e7\u00e3o confi\u00e1vel sem comprometer a integridade do layout da sua quadra de padel.<\/p>\n\n\t\t<\/div>\n\t\t\t\t\t<\/div>\n\n\t\n\n<\/div>\n\n\t\t<\/div>\n\t\t\t\t\n<style>\n#col-961470091 > .col-inner {\n  padding: 20px 0px 0px 0px;\n}\n<\/style>\n\t<\/div>\n\n\t\n\n\t<div id=\"col-1928306454\" class=\"col medium-10 small-12 large-6 medium-col-first\"  >\n\t\t\t\t<div class=\"col-inner\"  >\n\t\t\t\n\t\t\t\n\n\n  <div class=\"banner has-hover\" id=\"banner-485698409\">\n          <div class=\"banner-inner fill\">\n        <div class=\"banner-bg fill\" >\n            <img loading=\"lazy\" decoding=\"async\" width=\"1000\" height=\"750\" src=\"https:\/\/thepadelkit.com\/wp-content\/uploads\/2024\/03\/Padel-Court-Roof.jpg\" class=\"bg attachment-large size-large\" alt=\"\" \/>                                    \n                    <\/div>\n\t\t\n        <div class=\"banner-layers container\">\n            <div class=\"fill banner-link\"><\/div>            \n\n   <div id=\"text-box-1785890900\" class=\"text-box banner-layer x50 md-x50 lg-x50 y50 md-y50 lg-y50 res-text\">\n                                <div class=\"text-box-content text dark\">\n              \n              <div class=\"text-inner text-center\">\n                  \n\n\n              <\/div>\n           <\/div>\n                            \n<style>\n#text-box-1785890900 {\n  width: 60%;\n}\n#text-box-1785890900 .text-box-content {\n  font-size: 100%;\n}\n@media (min-width:550px) {\n  #text-box-1785890900 {\n    width: 60%;\n  }\n}\n<\/style>\n    <\/div>\n \n\n        <\/div>\n      <\/div>\n\n            \n<style>\n#banner-485698409 {\n  padding-top: 350px;\n}\n#banner-485698409 .banner-bg img {\n  object-position: 31% 100%;\n}\n@media (min-width:550px) {\n  #banner-485698409 {\n    padding-top: 99.99%;\n  }\n}\n<\/style>\n  <\/div>\n\n\n\n\t\t<\/div>\n\t\t\t\t\t<\/div>\n\n\t\n\n<\/div>\n\t<div id=\"gap-1665435525\" class=\"gap-element clearfix\" style=\"display:block; height:auto;\">\n\t\t\n<style>\n#gap-1665435525 {\n  padding-top: 60px;\n}\n<\/style>\n\t<\/div>\n\t\n\n\n\t\t<\/div>\n\n\t\t\n<style>\n#section_57852172 {\n  padding-top: 50px;\n  padding-bottom: 50px;\n  background-color: rgb(190, 102, 71);\n}\n@media (min-width:550px) {\n  #section_57852172 {\n    padding-top: 80px;\n    padding-bottom: 80px;\n  }\n}\n<\/style>\n\t<\/section>\n\t\n\n\t<section class=\"section dark\" id=\"section_1728720553\">\n\t\t<div class=\"section-bg fill\" >\n\t\t\t\t\t\t\t\t\t\n\t\t\t\n\n\t\t<\/div>\n\n\t\t\n\n\t\t<div class=\"section-content relative\">\n\t\t\t\n\n\t<div id=\"gap-1501273893\" class=\"gap-element clearfix\" style=\"display:block; height:auto;\">\n\t\t\n<style>\n#gap-1501273893 {\n  padding-top: 30px;\n}\n<\/style>\n\t<\/div>\n\t\n\n<div class=\"row\"  id=\"row-613760666\">\n\n\n\t<div id=\"col-1467503617\" class=\"col small-12 large-12\"  >\n\t\t\t\t<div class=\"col-inner text-center\"  >\n\t\t\t\n\t\t\t\n\n\t<div id=\"text-3072126974\" class=\"text\">\n\t\t\n\n<h2>Op\u00e7\u00f5es personalizadas<\/h2>\n\t\t\n<style>\n#text-3072126974 {\n  font-size: 1.75rem;\n}\n<\/style>\n\t<\/div>\n\t\n\n\t\t<\/div>\n\t\t\t\t\t<\/div>\n\n\t\n\n<\/div>\n<div class=\"row row-large\"  id=\"row-319103931\">\n\n\n\t<div id=\"col-1033379188\" class=\"col medium-4 small-12 large-4\"  >\n\t\t\t\t<div class=\"col-inner text-center\"  >\n\t\t\t\n\t\t\t\n\n\n\t\t<div class=\"icon-box featured-box icon-box-center text-center\"  >\n\t\t\t\t<div class=\"icon-box-text last-reset\">\n\t\t\t\t\t\t\t\t\t\n\n\t<div id=\"text-3753274119\" class=\"text\">\n\t\t\n\n<h3>Estilo Estrutural<\/h3>\n\t\t\n<style>\n#text-3753274119 {\n  font-size: 1.25rem;\n}\n<\/style>\n\t<\/div>\n\t\n\n\t\t<\/div>\n\t<\/div>\n\t\n\t\n<p>Escolha op\u00e7\u00f5es pr\u00e9-projetadas ou personalize de acordo com suas prefer\u00eancias e forne\u00e7a imagens para requisitos exclusivos.<\/p>\n\n\t\t<\/div>\n\t\t\t\t\t<\/div>\n\n\t\n\n\t<div id=\"col-1638521682\" class=\"col medium-4 small-12 large-4\"  >\n\t\t\t\t<div class=\"col-inner text-center\"  >\n\t\t\t\n\t\t\t\n\n\n\t\t<div class=\"icon-box featured-box icon-box-center text-center\"  >\n\t\t\t\t<div class=\"icon-box-text last-reset\">\n\t\t\t\t\t\t\t\t\t\n\n\t<div id=\"text-2593741388\" class=\"text\">\n\t\t\n\n<h3>Cor da Estrutura<\/h3>\n\t\t\n<style>\n#text-2593741388 {\n  font-size: 1.25rem;\n}\n<\/style>\n\t<\/div>\n\t\n\n\t\t<\/div>\n\t<\/div>\n\t\n\t\n<p>\u00a0Personalize a cor do velame de acordo com as prefer\u00eancias do cliente, a cor da quadra de padel e o ambiente ao redor.<\/p>\n\n\t\t<\/div>\n\t\t\t\t\t<\/div>\n\n\t\n\n\t<div id=\"col-720996201\" class=\"col medium-4 small-12 large-4\"  >\n\t\t\t\t<div class=\"col-inner text-center\"  >\n\t\t\t\n\t\t\t\n\n\n\t\t<div class=\"icon-box featured-box icon-box-center text-center\"  >\n\t\t\t\t<div class=\"icon-box-text last-reset\">\n\t\t\t\t\t\t\t\t\t\n\n\t<div id=\"text-1193265502\" class=\"text\">\n\t\t\n\n<h3>Material de capa<\/h3>\n\t\t\n<style>\n#text-1193265502 {\n  font-size: 1.25rem;\n}\n<\/style>\n\t<\/div>\n\t\n\n\t\t<\/div>\n\t<\/div>\n\t\n\t\n<p>Escolha entre tecido de PVC dur\u00e1vel ou PVDF de longa dura\u00e7\u00e3o, ambos ideais para telhados de padel, garantindo durabilidade e resist\u00eancia \u00e0s intemp\u00e9ries.<\/p>\n\n\t\t<\/div>\n\t\t\t\t\t<\/div>\n\n\t\n\n<\/div>\n\n\t\t<\/div>\n\n\t\t\n<style>\n#section_1728720553 {\n  padding-top: 45px;\n  padding-bottom: 45px;\n  background-color: rgb(93, 93, 94);\n}\n@media (min-width:550px) {\n  #section_1728720553 {\n    padding-top: 65px;\n    padding-bottom: 65px;\n  }\n}\n@media (min-width:850px) {\n  #section_1728720553 {\n    padding-top: 90px;\n    padding-bottom: 90px;\n  }\n}\n<\/style>\n\t<\/section>\n\t\n\n\t<section class=\"section\" id=\"section_1607176429\">\n\t\t<div class=\"section-bg fill\" >\n\t\t\t\t\t\t\t\t\t\n\t\t\t\n\n\t\t<\/div>\n\n\t\t\n\n\t\t<div class=\"section-content relative\">\n\t\t\t\n\n<div class=\"row align-center\"  id=\"row-383224256\">\n\n\n\t<div id=\"col-2099640673\" class=\"col medium-8 small-11 large-8\"  >\n\t\t\t\t<div class=\"col-inner text-center\"  >\n\t\t\t\n\t\t\t\n\n<h2><span style=\"font-size: 120%;\">Entrar em contato<br \/><\/span><\/h2>\n<p>Compartilhe suas necessidades e nossa equipe de vendas dedicada ir\u00e1 ajud\u00e1-lo prontamente. Como um fabricante confi\u00e1vel de quadras de padel com sede na China, recomendamos considerar um pedido m\u00ednimo de duas quadras para obter efici\u00eancia ideal no transporte de cont\u00eaineres.<\/p>\n\t<div id=\"gap-1956635415\" class=\"gap-element clearfix\" style=\"display:block; height:auto;\">\n\t\t\n<style>\n#gap-1956635415 {\n  padding-top: 20px;\n}\n<\/style>\n\t<\/div>\n\t\n\n<div class=\"forminator-ui forminator-custom-form forminator-custom-form-100 forminator-design--default  forminator_ajax\" data-forminator-render=\"0\" data-form=\"forminator-module-100\" data-uid=\"69e30e043548b\"><br\/><\/div><form\n\t\t\t\tid=\"forminator-module-100\"\n\t\t\t\tclass=\"forminator-ui forminator-custom-form forminator-custom-form-100 forminator-design--default  forminator_ajax\"\n\t\t\t\tmethod=\"post\"\n\t\t\t\tdata-forminator-render=\"0\"\n\t\t\t\tdata-form-id=\"100\"\n\t\t\t\t\n\t\t\t\tdata-design=\"default\"\n\t\t\t\t\n\t\t\t\t\n\t\t\t\t\n\t\t\t\tdata-grid=\"open\"\n\t\t\t\t\n\t\t\t\t\n\t\t\t\tstyle=\"display: none;\"\n\t\t\t\t\n\t\t\t\tdata-uid=\"69e30e043548b\" action=\"\"\n\t\t\t><div role=\"alert\" aria-live=\"polite\" class=\"forminator-response-message forminator-error\" aria-hidden=\"true\"><\/div><div class=\"forminator-row\"><div id=\"name-1\" class=\"forminator-field-name forminator-col forminator-col-12\"><div class=\"forminator-field\"><input type=\"text\" name=\"name-1\" value=\"\" placeholder=\"Seu nome\" id=\"forminator-field-name-1_69e30e043548b\" class=\"forminator-input forminator-name--field\" aria-required=\"true\" \/><\/div><\/div><\/div><div class=\"forminator-row\"><div id=\"email-1\" class=\"forminator-field-email forminator-col forminator-col-12\"><div class=\"forminator-field\"><input type=\"email\" name=\"email-1\" value=\"\" placeholder=\"Endere\u00e7o de email\" id=\"forminator-field-email-1_69e30e043548b\" class=\"forminator-input forminator-email--field\" data-required=\"true\" aria-required=\"true\" \/><\/div><\/div><\/div><div class=\"forminator-row\"><div id=\"phone-1\" class=\"forminator-field-phone forminator-col forminator-col-12\"><div class=\"forminator-field\"><input type=\"text\" name=\"phone-1\" value=\"\" placeholder=\"N\u00famero de telefone\" id=\"forminator-field-phone-1_69e30e043548b\" class=\"forminator-input forminator-field--phone\" data-required=\"\" aria-required=\"false\" autocomplete=\"off\" \/><\/div><\/div><\/div><div class=\"forminator-row\"><div id=\"textarea-1\" class=\"forminator-field-textarea forminator-col forminator-col-12\"><div class=\"forminator-field\"><textarea name=\"textarea-1\" placeholder=\"Digite sua mensagem...\" id=\"forminator-field-textarea-1_69e30e043548b\" class=\"forminator-textarea\" rows=\"6\" style=\"min-height:140px;\" maxlength=\"180\" ><\/textarea><span id=\"forminator-field-textarea-1_69e30e043548b-description\" class=\"forminator-description\"><span data-limit=\"180\" data-type=\"characters\" data-editor=\"\">0 \/ 180<\/span><\/span><\/div><\/div><\/div><div class=\"forminator-row\"><div id=\"captcha-1\" class=\"forminator-field-captcha forminator-col forminator-col-12\"><div class=\"forminator-captcha-left forminator-g-recaptcha recaptcha-invisible\" data-theme=\"light\" data-badge=\"bottomright\" data-sitekey=\"6LcAaaUqAAAAANTAfX6qVlxFYEeuxvQr2fwoo4Md\" data-size=\"invisible\"><\/div> <\/div><\/div><input type=\"hidden\" name=\"referer_url\" value=\"\" \/><div class=\"forminator-row forminator-row-last\"><div class=\"forminator-col\"><div class=\"forminator-field\"><button class=\"forminator-button forminator-button-submit\">Enviar mensagem<\/button><\/div><\/div><\/div><input type=\"hidden\" id=\"forminator_nonce\" name=\"forminator_nonce\" value=\"258d22d7f5\" \/><input type=\"hidden\" name=\"_wp_http_referer\" value=\"\/pt\/wp-json\/wp\/v2\/pages\/518\" \/><input type=\"hidden\" name=\"form_id\" value=\"100\"><input type=\"hidden\" name=\"page_id\" value=\"518\"><input type=\"hidden\" name=\"form_type\" value=\"default\"><input type=\"hidden\" name=\"current_url\" value=\"https:\/\/thepadelkit.com\/pt\/canopy\/\"><input type=\"hidden\" name=\"render_id\" value=\"0\"><input type=\"hidden\" name=\"action\" value=\"forminator_submit_form_custom-forms\"><input type=\"hidden\" name=\"trp-form-language\" value=\"pt\"\/><\/form>\n\n\t\t<\/div>\n\t\t\t\t\n<style>\n#col-2099640673 > .col-inner {\n  margin: 40px 0px 0px 0px;\n}\n<\/style>\n\t<\/div>\n\n\t\n\n<\/div>\n\n\t\t<\/div>\n\n\t\t\n<style>\n#section_1607176429 {\n  padding-top: 60px;\n  padding-bottom: 60px;\n}\n<\/style>\n\t<\/section>","protected":false},"excerpt":{"rendered":"","protected":false},"author":1,"featured_media":0,"parent":0,"menu_order":0,"comment_status":"closed","ping_status":"closed","template":"page-blank.php","meta":{"_seopress_robots_primary_cat":"0","_seopress_titles_title":"Padel Court Canopies: Year-Round Protection","_seopress_titles_desc":"Explore ThePadelKit&#039;s static canopy solutions, providing durable, all-weather coverage for uninterrupted play. Choose from integrated or separated options tailored to your venue&#039;s needs, elevating outdoor gameplay experiences.","_seopress_robots_index":"","footnotes":""},"class_list":["post-518","page","type-page","status-publish","hentry"],"_links":{"self":[{"href":"https:\/\/thepadelkit.com\/pt\/wp-json\/wp\/v2\/pages\/518","targetHints":{"allow":["GET"]}}],"collection":[{"href":"https:\/\/thepadelkit.com\/pt\/wp-json\/wp\/v2\/pages"}],"about":[{"href":"https:\/\/thepadelkit.com\/pt\/wp-json\/wp\/v2\/types\/page"}],"author":[{"embeddable":true,"href":"https:\/\/thepadelkit.com\/pt\/wp-json\/wp\/v2\/users\/1"}],"replies":[{"embeddable":true,"href":"https:\/\/thepadelkit.com\/pt\/wp-json\/wp\/v2\/comments?post=518"}],"version-history":[{"count":6,"href":"https:\/\/thepadelkit.com\/pt\/wp-json\/wp\/v2\/pages\/518\/revisions"}],"predecessor-version":[{"id":590,"href":"https:\/\/thepadelkit.com\/pt\/wp-json\/wp\/v2\/pages\/518\/revisions\/590"}],"wp:attachment":[{"href":"https:\/\/thepadelkit.com\/pt\/wp-json\/wp\/v2\/media?parent=518"}],"curies":[{"name":"wp","href":"https:\/\/api.w.org\/{rel}","templated":true}]}}