{"id":22,"date":"2024-03-05T03:24:03","date_gmt":"2024-03-05T03:24:03","guid":{"rendered":"https:\/\/thepadelkit.com\/?page_id=22"},"modified":"2024-04-19T00:32:47","modified_gmt":"2024-04-19T00:32:47","slug":"homepage","status":"publish","type":"page","link":"https:\/\/thepadelkit.com\/pt\/","title":{"rendered":"Pagina inicial"},"content":{"rendered":"<section class=\"section dark\" id=\"section_440087330\">\n\t\t<div class=\"section-bg fill\" >\n\t\t\t<img loading=\"lazy\" decoding=\"async\" width=\"2000\" height=\"1500\" src=\"https:\/\/thepadelkit.com\/wp-content\/uploads\/2024\/03\/Thepadelkit-Arturf-Padel-Court.jpg\" class=\"bg attachment-original size-original\" alt=\"\" \/>\t\t\t\t\t\t<div class=\"section-bg-overlay absolute fill\"><\/div>\n\t\t\t\n\n\t\t<\/div>\n\n\t\t\n\n\t\t<div class=\"section-content relative\">\n\t\t\t\n\n<div class=\"row\" style=\"max-width:1300px\" id=\"row-326200089\">\n\n\n\t<div id=\"col-265706490\" class=\"col medium-5 small-12 large-5\"  >\n\t\t\t\t<div class=\"col-inner\"  >\n\t\t\t\n\t\t\t\n\n<div class=\"row\"  id=\"row-1825832598\">\n\n\n\t<div id=\"col-988891612\" class=\"col medium-4 small-12 large-4\"  >\n\t\t\t\t<div class=\"col-inner\"  >\n\t\t\t\n\t\t\t\n\n\t<div id=\"text-2497625284\" class=\"text\">\n\t\t\n\n<h3>01<\/h3>\n\t\t\n<style>\n#text-2497625284 {\n  font-size: 1.25rem;\n  text-align: left;\n}\n<\/style>\n\t<\/div>\n\t\n<div class=\"is-divider divider clearfix\" style=\"margin-top:15px;margin-bottom:15px;max-width:50px;background-color:rgb(255, 255, 255);\"><\/div>\n\n<h5>Tribunais de Padel<\/h5>\n\n\t\t<\/div>\n\t\t\t\t\t<\/div>\n\n\t\n\n\t<div id=\"col-443345586\" class=\"col medium-4 small-12 large-4\"  >\n\t\t\t\t<div class=\"col-inner\"  >\n\t\t\t\n\t\t\t\n\n\t<div id=\"text-1766071898\" class=\"text\">\n\t\t\n\n<h3>02<\/h3>\n\t\t\n<style>\n#text-1766071898 {\n  font-size: 1.25rem;\n  text-align: left;\n}\n<\/style>\n\t<\/div>\n\t\n<div class=\"is-divider divider clearfix\" style=\"margin-top:15px;margin-bottom:15px;max-width:50px;background-color:rgb(255, 255, 255);\"><\/div>\n\n<h5>Teto<\/h5>\n\n\t\t<\/div>\n\t\t\t\t\t<\/div>\n\n\t\n\n\t<div id=\"col-860586007\" class=\"col medium-4 small-12 large-4\"  >\n\t\t\t\t<div class=\"col-inner\"  >\n\t\t\t\n\t\t\t\n\n\t<div id=\"text-1721100446\" class=\"text\">\n\t\t\n\n<h3>03<\/h3>\n\t\t\n<style>\n#text-1721100446 {\n  font-size: 1.25rem;\n  text-align: left;\n}\n<\/style>\n\t<\/div>\n\t\n<div class=\"is-divider divider clearfix\" style=\"margin-top:15px;margin-bottom:15px;max-width:50px;background-color:rgb(255, 255, 255);\"><\/div>\n\n<h5>Produtos relacionados ao padel<\/h5>\n\n\t\t<\/div>\n\t\t\t\t\t<\/div>\n\n\t\n\n<\/div>\n\n\t\t<\/div>\n\t\t\t\t\n<style>\n#col-265706490 > .col-inner {\n  margin: 0 0px 0px 0px;\n}\n@media (min-width:550px) {\n  #col-265706490 > .col-inner {\n    margin: 185px 0px 0px 0px;\n  }\n}\n@media (min-width:850px) {\n  #col-265706490 > .col-inner {\n    margin: 483px 0px 0px 0px;\n  }\n}\n<\/style>\n\t<\/div>\n\n\t\n\n<\/div>\n\n\t\t<\/div>\n\n\t\t\n<style>\n#section_440087330 {\n  padding-top: 0px;\n  padding-bottom: 0px;\n  min-height: 500px;\n}\n#section_440087330 .section-bg-overlay {\n  background-color: rgba(0, 0, 0, 0.33);\n}\n#section_440087330 .section-bg img {\n  object-position: Center;\n}\n@media (min-width:550px) {\n  #section_440087330 {\n    min-height: 500px;\n  }\n}\n@media (min-width:850px) {\n  #section_440087330 {\n    min-height: 600px;\n  }\n  #section_440087330 .section-bg-overlay {\n    background-color: rgba(0, 0, 0, 0.15);\n  }\n}\n<\/style>\n\t<\/section>\n\t\n<div class=\"row align-right\" style=\"max-width:1300px\" id=\"row-1684486493\">\n\n\n\t<div id=\"col-121428890\" class=\"col medium-12 small-12 large-6\"  >\n\t\t\t\t<div class=\"col-inner dark\" style=\"background-color:rgba(32, 32, 32, 0.483);\" >\n\t\t\t\n\t\t\t\n\n\t<div id=\"text-1084073304\" class=\"text\">\n\t\t\n\n<h1>Conhe\u00e7a o Pacote Completo de Padel Court<\/h1>\n\t\t\n<style>\n#text-1084073304 {\n  font-size: 1.25rem;\n}\n@media (min-width:550px) {\n  #text-1084073304 {\n    font-size: 1.5rem;\n  }\n}\n<\/style>\n\t<\/div>\n\t\n<div class=\"is-divider divider clearfix\" style=\"margin-top:25px;margin-bottom:25px;max-width:100px;background-color:rgb(255, 255, 255);\"><\/div>\n\n<p>Experimente a facilidade de construir a quadra de padel dos seus sonhos com nosso pacote abrangente. Tudo o que voc\u00ea precisa para um tribunal de n\u00edvel profissional, em um s\u00f3 lugar.<\/p>\n\n\t\t<\/div>\n\t\t\t\t\n<style>\n#col-121428890 > .col-inner {\n  padding: 40px 40px 40px 40px;\n  margin: -75px 0px 0px 0px;\n}\n@media (min-width:550px) {\n  #col-121428890 > .col-inner {\n    padding: 60px 80px 60px 80px;\n    margin: -121px 0px 0px 0px;\n  }\n}\n@media (min-width:850px) {\n  #col-121428890 > .col-inner {\n    margin: -225px 0px 0px 0px;\n  }\n}\n<\/style>\n\t<\/div>\n\n\t\n\n<\/div>\n\n\t<section class=\"section\" id=\"section_1842575387\">\n\t\t<div class=\"section-bg fill\" >\n\t\t\t\t\t\t\t\t\t\n\t\t\t\n\n\t\t<\/div>\n\n\t\t\n\n\t\t<div class=\"section-content relative\">\n\t\t\t\n\n<div class=\"row align-middle\" style=\"max-width:1300px\" id=\"row-241094993\">\n\n\n\t<div id=\"col-551502126\" class=\"col medium-12 small-12 large-5\"  >\n\t\t\t\t<div class=\"col-inner\"  >\n\t\t\t\n\t\t\t\n\n\n  <div class=\"banner has-hover\" id=\"banner-1871589497\">\n          <div class=\"banner-inner fill\">\n        <div class=\"banner-bg fill\" >\n            <img loading=\"lazy\" decoding=\"async\" width=\"1020\" height=\"765\" src=\"https:\/\/thepadelkit.com\/wp-content\/uploads\/2024\/03\/Padel-Courts-Arturf.jpg\" class=\"bg attachment-large size-large\" alt=\"\" \/>                                    \n                    <\/div>\n\t\t\n        <div class=\"banner-layers container\">\n            <div class=\"fill banner-link\"><\/div>            \n\n   <div id=\"text-box-733300105\" class=\"text-box banner-layer x50 md-x50 lg-x50 y50 md-y50 lg-y50 res-text\">\n                                <div class=\"text-box-content text dark\">\n              \n              <div class=\"text-inner text-center\">\n                  \n\n\n              <\/div>\n           <\/div>\n                            \n<style>\n#text-box-733300105 {\n  width: 60%;\n}\n#text-box-733300105 .text-box-content {\n  font-size: 100%;\n}\n@media (min-width:550px) {\n  #text-box-733300105 {\n    width: 60%;\n  }\n}\n<\/style>\n    <\/div>\n \n\n        <\/div>\n      <\/div>\n\n            \n<style>\n#banner-1871589497 {\n  padding-top: 350px;\n  background-color: rgb(255, 255, 255);\n}\n@media (min-width:550px) {\n  #banner-1871589497 {\n    padding-top: 400px;\n  }\n}\n@media (min-width:850px) {\n  #banner-1871589497 {\n    padding-top: 500px;\n  }\n}\n<\/style>\n  <\/div>\n\n\n\n\t\t<\/div>\n\t\t\t\t\n<style>\n#col-551502126 > .col-inner {\n  margin: -0 0px 0px 0px;\n}\n@media (min-width:850px) {\n  #col-551502126 > .col-inner {\n    margin: -100px 0px 0px 0px;\n  }\n}\n<\/style>\n\t<\/div>\n\n\t\n\n\t<div id=\"col-1580338919\" class=\"col medium-10 small-12 large-5\"  >\n\t\t\t\t<div class=\"col-inner\"  >\n\t\t\t\n\t\t\t\n\n\t<div id=\"text-1177002473\" class=\"text\">\n\t\t\n\n<h2>Maximizando a qualidade<\/h2>\n\t\t\n<style>\n#text-1177002473 {\n  font-size: 1.25rem;\n}\n<\/style>\n\t<\/div>\n\t\n<p>Trabalhamos em estreita colabora\u00e7\u00e3o com os nossos parceiros da cadeia de fornecimento para selecionar os melhores materiais e caracter\u00edsticas de design inovadoras para os nossos pacotes premium de campos de padel. Esta colabora\u00e7\u00e3o meticulosa garante uma experi\u00eancia excepcional ao jogador, ao mesmo tempo que otimiza o valor a longo prazo para os propriet\u00e1rios das quadras.<\/p>\n<a href=\"https:\/\/thepadelkit.com\/pt\/contato\/\" class=\"button secondary is-underline\"  >\n\t\t<span>Fa\u00e7a uma cota\u00e7\u00e3o<\/span>\n\t<\/a>\n\n\n\n\t\t<\/div>\n\t\t\t\t\n<style>\n#col-1580338919 > .col-inner {\n  padding: 0px 0px 0px 0;\n}\n@media (min-width:850px) {\n  #col-1580338919 > .col-inner {\n    padding: 0px 0px 0px 105px;\n  }\n}\n<\/style>\n\t<\/div>\n\n\t\n\n<\/div>\n\t<div id=\"gap-1095976088\" class=\"gap-element clearfix\" style=\"display:block; height:auto;\">\n\t\t\n<style>\n#gap-1095976088 {\n  padding-top: 0px;\n}\n@media (min-width:850px) {\n  #gap-1095976088 {\n    padding-top: 45px;\n  }\n}\n<\/style>\n\t<\/div>\n\t\n\n\n\t\t<\/div>\n\n\t\t\n<style>\n#section_1842575387 {\n  padding-top: 30px;\n  padding-bottom: 30px;\n}\n<\/style>\n\t<\/section>\n\t\n\n\t<section class=\"section\" id=\"section_399725454\">\n\t\t<div class=\"section-bg fill\" >\n\t\t\t\t\t\t\t\t\t\n\t\t\t\n\n\t\t<\/div>\n\n\t\t\n\n\t\t<div class=\"section-content relative\">\n\t\t\t\n\n\t<div id=\"gap-1326818045\" class=\"gap-element clearfix\" style=\"display:block; height:auto;\">\n\t\t\n<style>\n#gap-1326818045 {\n  padding-top: 30px;\n}\n<\/style>\n\t<\/div>\n\t\n\n<div class=\"row align-right\" style=\"max-width:1300px\" id=\"row-1638063641\">\n\n\n\t<div id=\"col-1489059751\" class=\"col medium-3 small-12 large-3\"  >\n\t\t\t\t<div class=\"col-inner\"  >\n\t\t\t\n\t\t\t\n\n\t<div id=\"text-520218336\" class=\"text\">\n\t\t\n\n<h3><span style=\"color: #f2f2f2;\">Desde 2018<\/span><\/h3>\n\t\t\n<style>\n#text-520218336 {\n  font-size: 4rem;\n}\n<\/style>\n\t<\/div>\n\t\n\n\t\t<\/div>\n\t\t\t\t\t<\/div>\n\n\t\n\n\t<div id=\"col-1666230014\" class=\"col medium-9 small-12 large-9\"  >\n\t\t\t\t<div class=\"col-inner\"  >\n\t\t\t\n\t\t\t\n\n\n  <div class=\"banner has-hover\" id=\"banner-1491133987\">\n          <div class=\"banner-inner fill\">\n        <div class=\"banner-bg fill\" >\n            <img loading=\"lazy\" decoding=\"async\" width=\"1020\" height=\"765\" src=\"https:\/\/thepadelkit.com\/wp-content\/uploads\/2024\/03\/Padel-Court-001.jpeg\" class=\"bg attachment-large size-large\" alt=\"\" \/>                                    \n                    <\/div>\n\t\t\n        <div class=\"banner-layers container\">\n            <div class=\"fill banner-link\"><\/div>            \n\n   <div id=\"text-box-395021279\" class=\"text-box banner-layer x50 md-x50 lg-x50 y50 md-y50 lg-y50 res-text\">\n                                <div class=\"text-box-content text dark\">\n              \n              <div class=\"text-inner text-center\">\n                  \n\n\n              <\/div>\n           <\/div>\n                            \n<style>\n#text-box-395021279 {\n  width: 60%;\n}\n#text-box-395021279 .text-box-content {\n  font-size: 100%;\n}\n@media (min-width:550px) {\n  #text-box-395021279 {\n    width: 60%;\n  }\n}\n<\/style>\n    <\/div>\n \n\n        <\/div>\n      <\/div>\n\n            \n<style>\n#banner-1491133987 {\n  padding-top: 250px;\n  background-color: rgb(217, 217, 217);\n}\n#banner-1491133987 .banner-bg img {\n  object-position: 53% 100%;\n}\n@media (min-width:550px) {\n  #banner-1491133987 {\n    padding-top: 400px;\n  }\n}\n@media (min-width:850px) {\n  #banner-1491133987 {\n    padding-top: 500px;\n  }\n}\n<\/style>\n  <\/div>\n\n\n\n\t\t<\/div>\n\t\t\t\t\t<\/div>\n\n\t\n\n<\/div>\n<div class=\"row\" style=\"max-width:1300px\" id=\"row-1786368529\">\n\n\n\t<div id=\"col-1444034487\" class=\"col medium-8 small-12 large-5\"  >\n\t\t\t\t<div class=\"col-inner\" style=\"background-color:rgb(255, 255, 255);\" >\n\t\t\t\n\t\t\t\n\n\t<div id=\"text-1137137399\" class=\"text\">\n\t\t\n\n<h2>Solu\u00e7\u00f5es pioneiras para quadras de padel<\/h2>\n\t\t\n<style>\n#text-1137137399 {\n  font-size: 1.25rem;\n}\n<\/style>\n\t<\/div>\n\t\n<p>Com mais de 14 anos de experi\u00eancia na fabrica\u00e7\u00e3o de grama artificial de padel e 6 anos fornecendo pacotes abrangentes de quadras de padel, lideramos o setor com inova\u00e7\u00e3o e qualidade. Explore nossa linha diversificada de solu\u00e7\u00f5es para quadras de padel, apresentando as edi\u00e7\u00f5es Classic, Pro e SuperView. Al\u00e9m disso, oferecemos op\u00e7\u00f5es personaliz\u00e1veis para atender \u00e0s suas necessidades individuais.<\/p>\n<a href=\"https:\/\/thepadelkit.com\/pt\/padel-courts\/\" class=\"button secondary is-underline\"  >\n\t\t<span>Detalhes<\/span>\n\t<\/a>\n\n\n\n\t\t<\/div>\n\t\t\t\t\n<style>\n#col-1444034487 > .col-inner {\n  padding: 40px 40px 40px 40px;\n  margin: -37px 0px 0px 0px;\n}\n@media (min-width:550px) {\n  #col-1444034487 > .col-inner {\n    padding: 50px 50px 50px 50px;\n    margin: -270px 0px 0px 0px;\n  }\n}\n<\/style>\n\t<\/div>\n\n\t\n\n<\/div>\n\n\t\t<\/div>\n\n\t\t\n<style>\n#section_399725454 {\n  padding-top: 50px;\n  padding-bottom: 50px;\n  background-color: #d26e4b;\n}\n@media (min-width:550px) {\n  #section_399725454 {\n    padding-top: 80px;\n    padding-bottom: 80px;\n  }\n}\n<\/style>\n\t<\/section>\n\t\n\n\t<section class=\"section dark\" id=\"section_1176695463\">\n\t\t<div class=\"section-bg fill\" >\n\t\t\t\t\t\t\t\t\t\n\t\t\t\n\n\t\t<\/div>\n\n\t\t\n\n\t\t<div class=\"section-content relative\">\n\t\t\t\n\n\t<div id=\"gap-2104983180\" class=\"gap-element clearfix\" style=\"display:block; height:auto;\">\n\t\t\n<style>\n#gap-2104983180 {\n  padding-top: 30px;\n}\n<\/style>\n\t<\/div>\n\t\n\n<div class=\"row row-large\" style=\"max-width:1000px\" id=\"row-2133405236\">\n\n\n\t<div id=\"col-1129935502\" class=\"col medium-4 small-12 large-4\"  >\n\t\t\t\t<div class=\"col-inner text-center\"  >\n\t\t\t\n\t\t\t\n\n\n\t\t<div class=\"icon-box featured-box icon-box-top text-left\"  >\n\t\t\t\t\t<div class=\"icon-box-img\" style=\"width: 48px\">\n\t\t\t\t<div class=\"icon\">\n\t\t\t\t\t<div class=\"icon-inner\" >\n\t\t\t\t\t\t<?xml version=\"1.0\" standalone=\"no\"?><!DOCTYPE svg PUBLIC \"-\/\/W3C\/\/DTD SVG 1.1\/\/EN\" \"http:\/\/www.w3.org\/Graphics\/SVG\/1.1\/DTD\/svg11.dtd\"><svg t=\"1710850830994\" class=\"icon\" viewbox=\"0 0 1024 1024\" version=\"1.1\" xmlns=\"http:\/\/www.w3.org\/2000\/svg\" p-id=\"1735\" xmlns:xlink=\"http:\/\/www.w3.org\/1999\/xlink\" width=\"200\" height=\"200\"><path d=\"M735.168 112H288.832a80 80 0 0 0-65.92 34.688l-152.448 221.76a80 80 0 0 0 5.44 97.696L451.584 899.52a80 80 0 0 0 120.896 0l375.616-433.376a80 80 0 0 0 5.472-97.728l-152.448-221.76a80 80 0 0 0-65.92-34.656z m-8.448 96l140.672 204.608L512 822.688 156.576 412.608 297.248 208H726.72z m-32.768 215.552l24.512 20.544a32 32 0 0 1 3.936 45.12l-110.304 131.456a32 32 0 0 1-45.12 3.936l-24.48-20.576a32 32 0 0 1-3.968-45.056l110.336-131.52a32 32 0 0 1 45.088-3.904z\" fill=\"#333333\" p-id=\"1736\"><\/path><\/svg>\t\t\t\t\t<\/div>\n\t\t\t\t<\/div>\n\t\t\t<\/div>\n\t\t\t\t<div class=\"icon-box-text last-reset\">\n\t\t\t\t\t\t\t\t\t\n\n\t<div id=\"text-1182100868\" class=\"text\">\n\t\t\n\n<h3>Qualidade premium<\/h3>\n\t\t\n<style>\n#text-1182100868 {\n  text-align: center;\n}\n<\/style>\n\t<\/div>\n\t\n\n\t\t<\/div>\n\t<\/div>\n\t\n\t\n<div class=\"is-divider divider clearfix\" style=\"margin-top:15px;margin-bottom:15px;max-width:50px;background-color:rgb(255, 255, 255);\"><\/div>\n\n<p>Fazemos parcerias com l\u00edderes do setor e usamos materiais de primeira linha para desempenho duradouro.<\/p>\n\n\t\t<\/div>\n\t\t\t\t\t<\/div>\n\n\t\n\n\t<div id=\"col-1862640267\" class=\"col medium-4 small-12 large-4\"  >\n\t\t\t\t<div class=\"col-inner text-center\"  >\n\t\t\t\n\t\t\t\n\n\n\t\t<div class=\"icon-box featured-box icon-box-top text-left\"  >\n\t\t\t\t\t<div class=\"icon-box-img\" style=\"width: 48px\">\n\t\t\t\t<div class=\"icon\">\n\t\t\t\t\t<div class=\"icon-inner\" >\n\t\t\t\t\t\t<?xml version=\"1.0\" standalone=\"no\"?><!DOCTYPE svg PUBLIC \"-\/\/W3C\/\/DTD SVG 1.1\/\/EN\" \"http:\/\/www.w3.org\/Graphics\/SVG\/1.1\/DTD\/svg11.dtd\"><svg t=\"1710850912569\" class=\"icon\" viewbox=\"0 0 1024 1024\" version=\"1.1\" xmlns=\"http:\/\/www.w3.org\/2000\/svg\" p-id=\"2819\" xmlns:xlink=\"http:\/\/www.w3.org\/1999\/xlink\" width=\"200\" height=\"200\"><path d=\"M833.3 515.33l159.09-159.1c43-43 43-111.8 0-150.49L824.7 38.04c-38.7-38.7-111.8-38.7-150.5 0L515.11 197.13 356.02 38.04c-38.7-38.7-111.79-38.7-150.49 0l-167.7 167.7c-43 43-43 111.8 0 150.49l159.09 159.1-68.8 64.5c-12.9 12.9-21.5 25.8-25.8 43L7.73 885.11c-12.9 34.4-4.3 68.8 12.9 94.6 21.5 25.8 51.59 43 86 43 12.9 0 21.5 0 34.4-4.3l262.29-94.6c17.2-4.3 30.1-12.9 43-25.8l64.5-64.5L669.91 992.6c21.5 21.5 47.3 30.1 77.4 30.1 30.1 0 55.9-12.9 77.4-30.1L992.4 824.9c43-43 43-111.79 0-150.49L833.3 515.33zM761.61 89.64c4.3 0 12.9 4.3 17.2 4.3l167.69 167.7c8.6 8.6 8.6 21.5 0 30.09l-60.2 60.2-197.79-197.79 60.2-60.2c-0.01 0 4.29-4.3 12.9-4.3zM211.23 399.23l77.39-77.4c12.9-12.9 12.9-34.4 0-47.3-12.9-12.9-34.4-12.9-47.3 0l-77.39 77.4-55.9-55.9c-8.6-8.6-8.6-21.5 0-30.1l167.7-167.69c4.3-4.3 8.6-4.3 17.2-4.3s12.9 4.3 17.2 4.3l154.8 159.09-197.8 197.79-55.9-55.89z m189.19 442.88s-4.3 4.3-8.6 4.3l-262.29 94.6c-8.6 4.3-17.2 0-21.5-8.6-4.3-4.3-4.3-8.6-4.3-17.2l94.6-262.29c0-4.3 4.3-4.3 4.3-8.6l438.58-438.58L839 403.53l-86 86-257.99 257.98-94.59 94.6z m541.78-77.39L774.5 932.41c-8.6 8.6-21.5 8.6-30.1 0l-55.9-55.89 77.4-77.4c12.9-12.9 12.9-34.4 0-47.3-12.9-12.9-34.4-12.9-47.3 0l-77.4 77.4-55.89-55.9 197.79-197.8 159.1 159.1c8.6 8.6 8.6 21.49 0 30.1z m0 0\" fill=\"#333333\" p-id=\"2820\"><\/path><\/svg>\t\t\t\t\t<\/div>\n\t\t\t\t<\/div>\n\t\t\t<\/div>\n\t\t\t\t<div class=\"icon-box-text last-reset\">\n\t\t\t\t\t\t\t\t\t\n\n\t<div id=\"text-2322722740\" class=\"text\">\n\t\t\n\n<h3>Costumiza\u00e7\u00e3o<\/h3>\n\t\t\n<style>\n#text-2322722740 {\n  text-align: center;\n}\n<\/style>\n\t<\/div>\n\t\n\n\t\t<\/div>\n\t<\/div>\n\t\n\t\n<div class=\"is-divider divider clearfix\" style=\"margin-top:15px;margin-bottom:15px;max-width:50px;background-color:rgb(255, 255, 255);\"><\/div>\n\n<p>Adaptado \u00e0s suas prefer\u00eancias, desde a estrutura e cor do gramado at\u00e9 detalhes de design intrincados.<\/p>\n\n\t\t<\/div>\n\t\t\t\t\t<\/div>\n\n\t\n\n\t<div id=\"col-1192253768\" class=\"col medium-4 small-12 large-4\"  >\n\t\t\t\t<div class=\"col-inner text-center\"  >\n\t\t\t\n\t\t\t\n\n\n\t\t<div class=\"icon-box featured-box icon-box-top text-left\"  >\n\t\t\t\t\t<div class=\"icon-box-img\" style=\"width: 48px\">\n\t\t\t\t<div class=\"icon\">\n\t\t\t\t\t<div class=\"icon-inner\" >\n\t\t\t\t\t\t<?xml version=\"1.0\" standalone=\"no\"?><!DOCTYPE svg PUBLIC \"-\/\/W3C\/\/DTD SVG 1.1\/\/EN\" \"http:\/\/www.w3.org\/Graphics\/SVG\/1.1\/DTD\/svg11.dtd\"><svg t=\"1710850979480\" class=\"icon\" viewbox=\"0 0 1064 1024\" version=\"1.1\" xmlns=\"http:\/\/www.w3.org\/2000\/svg\" p-id=\"3849\" xmlns:xlink=\"http:\/\/www.w3.org\/1999\/xlink\" width=\"207.8125\" height=\"200\"><path d=\"M532.8 582.4c-12.8 0-25.6-6.4-38.4-12.8L20.8 332.8l-6.4-6.4c-19.2-19.2-19.2-57.6 0-76.8l6.4-6.4L494.4 6.4c12.8 0 25.6-6.4 38.4-6.4 12.8 0 25.6 6.4 32 12.8l473.6 236.8 6.4 6.4c19.2 19.2 19.2 57.6 0 76.8l-6.4 6.4-473.6 230.4c-6.4 6.4-19.2 12.8-32 12.8zM78.4 288L532.8 512l454.4-224L532.8 64 78.4 288z\" p-id=\"3850\"><\/path><path d=\"M532.8 800c-12.8 0-25.6-6.4-32-12.8L27.2 556.8c-19.2-6.4-25.6-25.6-19.2-38.4 6.4-12.8 25.6-25.6 38.4-12.8l473.6 236.8 473.6-236.8c12.8-6.4 32 0 38.4 12.8 6.4 12.8 0 32-12.8 38.4l-473.6 230.4c12.8 12.8 0 12.8-12.8 12.8z\" p-id=\"3851\"><\/path><path d=\"M532.8 1024c-12.8 0-25.6-6.4-32-12.8L27.2 780.8c-12.8-6.4-25.6-25.6-12.8-38.4s25.6-25.6 38.4-12.8L526.4 960l473.6-236.8c12.8-6.4 32 0 44.8 12.8s0 32-12.8 44.8l-473.6 230.4c0 6.4-12.8 12.8-25.6 12.8z\" p-id=\"3852\"><\/path><\/svg>\t\t\t\t\t<\/div>\n\t\t\t\t<\/div>\n\t\t\t<\/div>\n\t\t\t\t<div class=\"icon-box-text last-reset\">\n\t\t\t\t\t\t\t\t\t\n\n\t<div id=\"text-2658602295\" class=\"text\">\n\t\t\n\n<h3>Balc\u00e3o \u00fanico<\/h3>\n\t\t\n<style>\n#text-2658602295 {\n  text-align: center;\n}\n<\/style>\n\t<\/div>\n\t\n\n\t\t<\/div>\n\t<\/div>\n\t\n\t\n<div class=\"is-divider divider clearfix\" style=\"margin-top:15px;margin-bottom:15px;max-width:50px;background-color:rgb(255, 255, 255);\"><\/div>\n\n<p>Solu\u00e7\u00f5es completas para campos de padel, incluindo pe\u00e7as de instala\u00e7\u00e3o, coberturas e todos os produtos relacionados.<\/p>\n\n\t\t<\/div>\n\t\t\t\t\t<\/div>\n\n\t\n\n<\/div>\n\n\t\t<\/div>\n\n\t\t\n<style>\n#section_1176695463 {\n  padding-top: 50px;\n  padding-bottom: 50px;\n  background-color: rgb(32, 32, 32);\n}\n<\/style>\n\t<\/section>\n\t\n\n\t<section class=\"section\" id=\"section_1731560633\">\n\t\t<div class=\"section-bg fill\" >\n\t\t\t\t\t\t\t\t\t\n\t\t\t\n\n\t\t<\/div>\n\n\t\t\n\n\t\t<div class=\"section-content relative\">\n\t\t\t\n\n<div class=\"row\" style=\"max-width:1300px\" id=\"row-1767320219\">\n\n\n\t<div id=\"col-1776901468\" class=\"col medium-11 small-12 large-9\"  >\n\t\t\t\t<div class=\"col-inner\"  >\n\t\t\t\n\t\t\t\n\n\n  <div class=\"banner has-hover\" id=\"banner-508453599\">\n          <div class=\"banner-inner fill\">\n        <div class=\"banner-bg fill\" >\n            <img loading=\"lazy\" decoding=\"async\" width=\"1020\" height=\"764\" src=\"https:\/\/thepadelkit.com\/wp-content\/uploads\/2024\/03\/Arturf-Padel-Court-China-02.jpg\" class=\"bg attachment-large size-large\" alt=\"\" \/>                                    \n                    <\/div>\n\t\t\n        <div class=\"banner-layers container\">\n            <div class=\"fill banner-link\"><\/div>            \n\n   <div id=\"text-box-610463635\" class=\"text-box banner-layer x50 md-x50 lg-x50 y50 md-y50 lg-y50 res-text\">\n                                <div class=\"text-box-content text dark\">\n              \n              <div class=\"text-inner text-center\">\n                  \n\n\n              <\/div>\n           <\/div>\n                            \n<style>\n#text-box-610463635 {\n  width: 60%;\n}\n#text-box-610463635 .text-box-content {\n  font-size: 100%;\n}\n@media (min-width:550px) {\n  #text-box-610463635 {\n    width: 60%;\n  }\n}\n<\/style>\n    <\/div>\n \n\n        <\/div>\n      <\/div>\n\n            \n<style>\n#banner-508453599 {\n  padding-top: 300px;\n  background-color: rgb(255, 255, 255);\n}\n#banner-508453599 .banner-bg img {\n  object-position: 44% 100%;\n}\n@media (min-width:550px) {\n  #banner-508453599 {\n    padding-top: 400px;\n  }\n}\n@media (min-width:850px) {\n  #banner-508453599 {\n    padding-top: 500px;\n  }\n}\n<\/style>\n  <\/div>\n\n\n\n\t\t<\/div>\n\t\t\t\t\t<\/div>\n\n\t\n\n<\/div>\n<div class=\"row align-right\" style=\"max-width:1300px\" id=\"row-762579093\">\n\n\n\t<div id=\"col-1869670648\" class=\"col medium-10 small-12 large-6\"  >\n\t\t\t\t<div class=\"col-inner\"  >\n\t\t\t\n\t\t\t\n\n<div class=\"row\"  id=\"row-723156752\">\n\n\n\t<div id=\"col-1907339984\" class=\"col medium-4 small-12 large-4\"  >\n\t\t\t\t<div class=\"col-inner\"  >\n\t\t\t\n\t\t\t\n\n\t<div id=\"text-3584627164\" class=\"text\">\n\t\t\n\n<h3><span class=\"count-up\">800+<\/span><\/h3>\n\t\t\n<style>\n#text-3584627164 {\n  font-size: 1.5rem;\n  text-align: left;\n}\n<\/style>\n\t<\/div>\n\t\n<div class=\"is-divider divider clearfix\" style=\"margin-top:15px;margin-bottom:15px;max-width:50px;background-color:rgb(39, 54, 71);\"><\/div>\n\n<p>Quadras de Padel instaladas em todo o mundo<\/p>\n\n\t\t<\/div>\n\t\t\t\t\t<\/div>\n\n\t\n\n\t<div id=\"col-666330718\" class=\"col medium-4 small-12 large-4\"  >\n\t\t\t\t<div class=\"col-inner\"  >\n\t\t\t\n\t\t\t\n\n\t<div id=\"text-799665443\" class=\"text\">\n\t\t\n\n<h3><span class=\"count-up\">13<\/span><\/h3>\n\t\t\n<style>\n#text-799665443 {\n  font-size: 1.5rem;\n  text-align: left;\n}\n<\/style>\n\t<\/div>\n\t\n<div class=\"is-divider divider clearfix\" style=\"margin-top:15px;margin-bottom:15px;max-width:50px;background-color:rgb(39, 54, 71);\"><\/div>\n\n<p>Na\u00e7\u00f5es servidas e contando<\/p>\n\n\t\t<\/div>\n\t\t\t\t\t<\/div>\n\n\t\n\n\t<div id=\"col-1431502314\" class=\"col medium-4 small-12 large-4\"  >\n\t\t\t\t<div class=\"col-inner\"  >\n\t\t\t\n\t\t\t\n\n\t<div id=\"text-1838025240\" class=\"text\">\n\t\t\n\n<h3><span class=\"count-up\">6<\/span><\/h3>\n\t\t\n<style>\n#text-1838025240 {\n  font-size: 1.5rem;\n  text-align: left;\n}\n<\/style>\n\t<\/div>\n\t\n<div class=\"is-divider divider clearfix\" style=\"margin-top:15px;margin-bottom:15px;max-width:50px;background-color:rgb(39, 54, 71);\"><\/div>\n\n<p>Anos de experi\u00eancia no fornecimento de Padel Court<\/p>\n\n\t\t<\/div>\n\t\t\t\t\t<\/div>\n\n\t\n\n<\/div>\n\n\t\t<\/div>\n\t\t\t\t\t<\/div>\n\n\t\n\n\t<div id=\"col-55689634\" class=\"col medium-10 small-12 large-6 medium-col-first\"  >\n\t\t\t\t<div class=\"col-inner\" style=\"background-color:rgb(233, 233, 233);\" >\n\t\t\t\n\t\t\t\n\n\t<div id=\"text-372848311\" class=\"text\">\n\t\t\n\n<h2>Bem-vindo \u00e0 nossa experi\u00eancia<\/h2>\n\t\t\n<style>\n#text-372848311 {\n  font-size: 1.25rem;\n}\n<\/style>\n\t<\/div>\n\t\n<p>Com sede na China e envio para todo o mundo, convidamos voc\u00ea a explorar nossa experi\u00eancia. Quer voc\u00ea esteja estabelecendo quadras de padel para aluguel ou centros esportivos governamentais, oferecemos solu\u00e7\u00f5es personalizadas. Colaborando estreitamente com seus engenheiros ou designers, personalizamos pacotes exclusivos para atender \u00e0s suas necessidades. Confie em nosso compromisso de fornecer produtos de alto desempenho e qualidade. Contate-nos hoje para discutir as necessidades do seu projeto.<\/p>\n<a href=\"https:\/\/thepadelkit.com\/pt\/contato\/\" class=\"button secondary is-underline\"  >\n\t\t<span>Entrar em contato<\/span>\n\t<\/a>\n\n\n\n\t\t<\/div>\n\t\t\t\t\n<style>\n#col-55689634 > .col-inner {\n  padding: 40px 40px 40px 40px;\n  margin: -50px 0px 0px 0px;\n}\n@media (min-width:550px) {\n  #col-55689634 > .col-inner {\n    padding: 50px 50px 50px 50px;\n    margin: -110px 0px 0px 0px;\n  }\n}\n@media (min-width:850px) {\n  #col-55689634 > .col-inner {\n    margin: -210px 0px 0px 0px;\n  }\n}\n<\/style>\n\t<\/div>\n\n\t\n\n<\/div>\n\n\t\t<\/div>\n\n\t\t\n<style>\n#section_1731560633 {\n  padding-top: 65px;\n  padding-bottom: 65px;\n}\n@media (min-width:850px) {\n  #section_1731560633 {\n    padding-top: 100px;\n    padding-bottom: 100px;\n  }\n}\n<\/style>\n\t<\/section>","protected":false},"excerpt":{"rendered":"","protected":false},"author":1,"featured_media":0,"parent":0,"menu_order":0,"comment_status":"closed","ping_status":"closed","template":"page-blank.php","meta":{"_seopress_robots_primary_cat":"0","_seopress_titles_title":"Premium Padel Courts: Manufacturer in China","_seopress_titles_desc":"Discover premium padel court packages for your dream court. Tailored solutions, top-tier materials, and expert craftsmanship. Based in China with 6 years of experience.","_seopress_robots_index":"","footnotes":""},"class_list":["post-22","page","type-page","status-publish","hentry"],"_links":{"self":[{"href":"https:\/\/thepadelkit.com\/pt\/wp-json\/wp\/v2\/pages\/22","targetHints":{"allow":["GET"]}}],"collection":[{"href":"https:\/\/thepadelkit.com\/pt\/wp-json\/wp\/v2\/pages"}],"about":[{"href":"https:\/\/thepadelkit.com\/pt\/wp-json\/wp\/v2\/types\/page"}],"author":[{"embeddable":true,"href":"https:\/\/thepadelkit.com\/pt\/wp-json\/wp\/v2\/users\/1"}],"replies":[{"embeddable":true,"href":"https:\/\/thepadelkit.com\/pt\/wp-json\/wp\/v2\/comments?post=22"}],"version-history":[{"count":0,"href":"https:\/\/thepadelkit.com\/pt\/wp-json\/wp\/v2\/pages\/22\/revisions"}],"wp:attachment":[{"href":"https:\/\/thepadelkit.com\/pt\/wp-json\/wp\/v2\/media?parent=22"}],"curies":[{"name":"wp","href":"https:\/\/api.w.org\/{rel}","templated":true}]}}