{"id":36,"date":"2024-03-07T04:07:02","date_gmt":"2024-03-07T04:07:02","guid":{"rendered":"https:\/\/thepadelkit.com\/?page_id=36"},"modified":"2024-06-15T11:38:43","modified_gmt":"2024-06-15T11:38:43","slug":"about","status":"publish","type":"page","link":"https:\/\/thepadelkit.com\/it\/di\/","title":{"rendered":"Di"},"content":{"rendered":"<section class=\"section\" id=\"section_715261200\">\n\t\t<div class=\"section-bg fill\" >\n\t\t\t\t\t\t\t\t\t<button class=\"scroll-for-more z-5 icon absolute bottom h-center\" aria-label=\"Scorri per ulteriori informazioni\"><i class=\"icon-angle-down\" style=\"font-size:42px;\" ><\/i><\/button>\n\t\t\t\n\n\t\t<\/div>\n\n\t\t\n\n\t\t<div class=\"section-content relative\">\n\t\t\t\n\n<div class=\"row align-center\"  id=\"row-379710587\">\n\n\n\t<div id=\"col-725798143\" class=\"col medium-8 small-10 large-7\"  >\n\t\t\t\t<div class=\"col-inner text-center\"  >\n\t\t\t\n\t\t\t\n\n<h6 class=\"uppercase\">Chi siamo<\/h6>\n<h1 style=\"font-size: 250%;\">Le tue migliori soluzioni per campi da paddle Provider<\/h1>\n\n\t\t<\/div>\n\t\t\t\t\n<style>\n#col-725798143 > .col-inner {\n  padding: 40px 0px 0px 0px;\n}\n<\/style>\n\t<\/div>\n\n\t\n\n<\/div>\n\n\t\t<\/div>\n\n\t\t\n<style>\n#section_715261200 {\n  padding-top: 30px;\n  padding-bottom: 30px;\n}\n<\/style>\n\t<\/section>\n\t\n\n\t<section class=\"section\" id=\"section_255512497\">\n\t\t<div class=\"section-bg fill\" >\n\t\t\t\t\t\t\t\t\t\n\t\t\t\n\n\t\t<\/div>\n\n\t\t\n\n\t\t<div class=\"section-content relative\">\n\t\t\t\n\n<div class=\"row align-middle\"  id=\"row-915190188\">\n\n\n\t<div id=\"col-44001215\" class=\"col medium-4 small-12 large-4\"  >\n\t\t\t\t<div class=\"col-inner\"  >\n\t\t\t\n\t\t\t\n\n\n  <div class=\"banner has-hover\" id=\"banner-297427638\">\n          <div class=\"banner-inner fill\">\n        <div class=\"banner-bg fill\" >\n            <img loading=\"lazy\" decoding=\"async\" width=\"1000\" height=\"750\" src=\"https:\/\/thepadelkit.com\/wp-content\/uploads\/2024\/03\/Padel-Frame-Structure-Making-2.jpg\" class=\"bg attachment-large size-large\" alt=\"\" \/>                                    \n                    <\/div>\n\t\t\n        <div class=\"banner-layers container\">\n            <div class=\"fill banner-link\"><\/div>            \n\n   <div id=\"text-box-1583998372\" class=\"text-box banner-layer x50 md-x50 lg-x50 y50 md-y50 lg-y50 res-text\">\n                                <div class=\"text-box-content text dark\">\n              \n              <div class=\"text-inner text-center\">\n                  \n\n\n              <\/div>\n           <\/div>\n                            \n<style>\n#text-box-1583998372 {\n  width: 60%;\n}\n#text-box-1583998372 .text-box-content {\n  font-size: 100%;\n}\n@media (min-width:550px) {\n  #text-box-1583998372 {\n    width: 60%;\n  }\n}\n<\/style>\n    <\/div>\n \n\n        <\/div>\n      <\/div>\n\n            \n<style>\n#banner-297427638 {\n  padding-top: 250px;\n  background-color: rgb(247, 245, 244);\n}\n@media (min-width:550px) {\n  #banner-297427638 {\n    padding-top: 99.99%;\n  }\n}\n<\/style>\n  <\/div>\n\n\n\n\t\t<\/div>\n\t\t\t\t\t<\/div>\n\n\t\n\n\t<div id=\"col-195168314\" class=\"col medium-4 small-12 large-4\"  >\n\t\t\t\t<div class=\"col-inner\"  >\n\t\t\t\n\t\t\t\n\n\n  <div class=\"banner has-hover has-parallax\" id=\"banner-18676495\">\n          <div class=\"banner-inner fill\">\n        <div class=\"banner-bg fill\" data-parallax=\"-6\" data-parallax-container=\".banner\" data-parallax-background>\n            <img loading=\"lazy\" decoding=\"async\" width=\"768\" height=\"1024\" src=\"https:\/\/thepadelkit.com\/wp-content\/uploads\/2024\/03\/Padel-Frame-Structure-Making.jpg\" class=\"bg attachment-large size-large\" alt=\"\" \/>                                    \n                    <\/div>\n\t\t\n        <div class=\"banner-layers container\">\n            <div class=\"fill banner-link\"><\/div>            \n\n   <div id=\"text-box-803382314\" class=\"text-box banner-layer x50 md-x50 lg-x50 y50 md-y50 lg-y50 res-text\">\n                                <div class=\"text-box-content text dark\">\n              \n              <div class=\"text-inner text-center\">\n                  \n\n\n              <\/div>\n           <\/div>\n                            \n<style>\n#text-box-803382314 {\n  width: 60%;\n}\n#text-box-803382314 .text-box-content {\n  font-size: 100%;\n}\n@media (min-width:550px) {\n  #text-box-803382314 {\n    width: 60%;\n  }\n}\n<\/style>\n    <\/div>\n \n\n        <\/div>\n      <\/div>\n\n            \n<style>\n#banner-18676495 {\n  padding-top: 400px;\n  background-color: rgb(247, 245, 244);\n}\n@media (min-width:850px) {\n  #banner-18676495 {\n    padding-top: 500px;\n  }\n}\n<\/style>\n  <\/div>\n\n\n\n\t\t<\/div>\n\t\t\t\t\t<\/div>\n\n\t\n\n\t<div id=\"col-2010252498\" class=\"col medium-4 small-12 large-4\"  >\n\t\t\t\t<div class=\"col-inner\"  >\n\t\t\t\n\t\t\t\n\n\n  <div class=\"banner has-hover\" id=\"banner-1159025148\">\n          <div class=\"banner-inner fill\">\n        <div class=\"banner-bg fill\" >\n            <img loading=\"lazy\" decoding=\"async\" width=\"1000\" height=\"1000\" src=\"https:\/\/thepadelkit.com\/wp-content\/uploads\/2024\/03\/Padel-Court-Loading.jpg\" class=\"bg attachment-large size-large\" alt=\"\" \/>                                    \n                    <\/div>\n\t\t\n        <div class=\"banner-layers container\">\n            <div class=\"fill banner-link\"><\/div>            \n\n   <div id=\"text-box-46813514\" class=\"text-box banner-layer x50 md-x50 lg-x50 y50 md-y50 lg-y50 res-text\">\n                                <div class=\"text-box-content text dark\">\n              \n              <div class=\"text-inner text-center\">\n                  \n\n\n              <\/div>\n           <\/div>\n                            \n<style>\n#text-box-46813514 {\n  width: 60%;\n}\n#text-box-46813514 .text-box-content {\n  font-size: 100%;\n}\n@media (min-width:550px) {\n  #text-box-46813514 {\n    width: 60%;\n  }\n}\n<\/style>\n    <\/div>\n \n\n        <\/div>\n      <\/div>\n\n            \n<style>\n#banner-1159025148 {\n  padding-top: 250px;\n  background-color: rgb(247, 245, 244);\n}\n@media (min-width:550px) {\n  #banner-1159025148 {\n    padding-top: 99.99%;\n  }\n}\n<\/style>\n  <\/div>\n\n\n\n\t\t<\/div>\n\t\t\t\t\t<\/div>\n\n\t\n\n<\/div>\n\n\t\t<\/div>\n\n\t\t\n<style>\n#section_255512497 {\n  padding-top: 30px;\n  padding-bottom: 30px;\n}\n<\/style>\n\t<\/section>\n\t\n\n\t<section class=\"section\" id=\"section_625124637\">\n\t\t<div class=\"section-bg fill\" >\n\t\t\t\t\t\t\t\t\t\n\t\t\t\n\n\t\t<\/div>\n\n\t\t\n\n\t\t<div class=\"section-content relative\">\n\t\t\t\n\n<div class=\"row align-center\"  id=\"row-1543613566\">\n\n\n\t<div id=\"col-465759020\" class=\"col medium-7 small-12 large-7\"  >\n\t\t\t\t<div class=\"col-inner\"  >\n\t\t\t\n\t\t\t\n\n<p class=\"lead\">Benvenuti in ThePadelKit, una divisione di Team Sports Industry Limited, dedicata a fornire soluzioni complete per campi da paddle e prodotti associati.<\/p>\n<p>Team Sports Industry Limited, noto anche come <a href=\"https:\/\/arturf.com\/\" target=\"_blank\" rel=\"noopener\">Arturf<\/a>, \u00e8 uno dei principali produttori di erba artificiale con sede in Cina. La nostra esperienza risiede nella realizzazione di tappeti erbosi di alta qualit\u00e0 sia per applicazioni da giardino che sportive, incluso il padel. Mentre la popolarit\u00e0 del padel continua a crescere, abbiamo assistito a una crescente domanda non solo di erba artificiale di alta qualit\u00e0 ma di soluzioni complete. Di conseguenza, abbiamo creato un dipartimento dedicato focalizzato sui campi da paddle sotto la piattaforma di ThePadelKit.com.<\/p>\n<p>Attraverso collaborazioni strategiche con stimati partner, forniamo prodotti premium e all-inclusive per la costruzione di campi da paddle. Le nostre offerte comprendono strutture in acciaio, pannelli in vetro, apparecchi di illuminazione, soluzioni per coperture e, naturalmente, il nostro manto erboso di qualit\u00e0 superiore. Inoltre, forniamo accessori essenziali come racchette da padel, palline, contapunti e altro ancora.<\/p>\n<p>Con i nostri pacchetti completi di campi da paddle, puoi creare strutture da paddle di successo per iniziative commerciali, club privati o centri sportivi. Collabora con noi per trasformare la tua visione in realt\u00e0 e migliorare l&#039;esperienza del padel per gli appassionati di tutto il mondo.<\/p>\n\n\t\t<\/div>\n\t\t\t\t\n<style>\n#col-465759020 > .col-inner {\n  margin: 0px 0px -60px 0px;\n}\n<\/style>\n\t<\/div>\n\n\t\n\n<\/div>\n\n\t\t<\/div>\n\n\t\t\n<style>\n#section_625124637 {\n  padding-top: 60px;\n  padding-bottom: 60px;\n}\n<\/style>\n\t<\/section>\n\t\n\n\t<section class=\"section\" id=\"section_1232686494\">\n\t\t<div class=\"section-bg fill\" >\n\t\t\t\t\t\t\t\t\t\n\t\t\t\n\n\t\t<\/div>\n\n\t\t\n\n\t\t<div class=\"section-content relative\">\n\t\t\t\n\n<div class=\"row row-solid\"  id=\"row-30591340\">\n\n\n\t<div id=\"col-192404436\" class=\"col medium-3 small-12 large-3\"  >\n\t\t\t\t<div class=\"col-inner text-center\"  >\n\t\t\t\n\t\t\t\n\n<h2 style=\"font-size: 200%;\">14+<\/h2>\n<p>Pi\u00f9 di 14 anni di produzione di erba artificiale da padel<\/p>\n\n\t\t<\/div>\n\t\t\t\t\t<\/div>\n\n\t\n\n\t<div id=\"col-1316955448\" class=\"col medium-3 small-12 large-3\"  >\n\t\t\t\t<div class=\"col-inner text-center\"  >\n\t\t\t\n\t\t\t\n\n<h2 style=\"font-size: 200%;\">6<\/h2>\n<p>6 anni di offerta di pacchetti completi per campi da paddle<\/p>\n\n\t\t<\/div>\n\t\t\t\t\t<\/div>\n\n\t\n\n\t<div id=\"col-1190139570\" class=\"col medium-3 small-12 large-3\"  >\n\t\t\t\t<div class=\"col-inner text-center\"  >\n\t\t\t\n\t\t\t\n\n<h2 style=\"font-size: 200%;\">13<\/h2>\n<h5>Proudly serve 13 nazioni e si espande a livello globale<\/h5>\n\n\t\t<\/div>\n\t\t\t\t\t<\/div>\n\n\t\n\n\t<div id=\"col-1241276998\" class=\"col medium-3 small-12 large-3\"  >\n\t\t\t\t<div class=\"col-inner text-center\"  >\n\t\t\t\n\t\t\t\n\n<h2 style=\"font-size: 200%;\">800+<\/h2>\n<p>Pi\u00f9 di 800 campi da paddle installati in tutto il mondo<\/p>\n\n\t\t<\/div>\n\t\t\t\t\t<\/div>\n\n\t\n\n<\/div>\n\n\t\t<\/div>\n\n\t\t\n<style>\n#section_1232686494 {\n  padding-top: 60px;\n  padding-bottom: 60px;\n}\n<\/style>\n\t<\/section>\n\t\n\n\t<section class=\"section dark\" id=\"section_1206610316\">\n\t\t<div class=\"section-bg fill\" >\n\t\t\t<img loading=\"lazy\" decoding=\"async\" width=\"1536\" height=\"864\" src=\"https:\/\/thepadelkit.com\/wp-content\/uploads\/2024\/03\/Padel-court-surface-rackets-and-ball.jpg\" class=\"bg attachment- size-\" alt=\"\" \/>\t\t\t\t\t\t\n\t\t\t\n\n\t\t<\/div>\n\n\t\t\n\n\t\t<div class=\"section-content relative\">\n\t\t\t\n\n<div class=\"row row-collapse align-center\"  id=\"row-548313885\">\n\n\n\t<div id=\"col-1269238691\" class=\"col medium-7 small-10 large-6\"  >\n\t\t\t\t<div class=\"col-inner text-center\"  >\n\t\t\t\n\t\t\t\n\n<h3 style=\"font-size: 220%;\">Eccellenza progettata, qualit\u00e0 garantita: il tuo partner di fiducia per i campi da paddle<\/h3>\n\n\t\t<\/div>\n\t\t\t\t\t<\/div>\n\n\t\n\n<\/div>\n\n\t\t<\/div>\n\n\t\t\n<style>\n#section_1206610316 {\n  padding-top: 120px;\n  padding-bottom: 120px;\n  background-color: rgb(247, 245, 244);\n}\n<\/style>\n\t<\/section>\n\t\n\n\t<section class=\"section\" id=\"section_1982154706\">\n\t\t<div class=\"section-bg fill\" >\n\t\t\t\t\t\t\t\t\t\n\t\t\t\n\n\t\t<\/div>\n\n\t\t\n\n\t\t<div class=\"section-content relative\">\n\t\t\t\n\n<div class=\"row\" style=\"max-width:1200px\" id=\"row-513500632\">\n\n\n\t<div id=\"col-1109397155\" class=\"col small-12 large-12\"  >\n\t\t\t\t<div class=\"col-inner\"  >\n\t\t\t\n\t\t\t\n\n\t<div id=\"text-2887981433\" class=\"text\">\n\t\t\n\n<h2>Eccellenza artigianale: il nostro impegno per la qualit\u00e0<\/h2>\n\t\t\n<style>\n#text-2887981433 {\n  font-size: 1.75rem;\n  text-align: center;\n}\n<\/style>\n\t<\/div>\n\t\n\n\t\t<\/div>\n\t\t\t\t\t<\/div>\n\n\t\n\n<\/div>\n<div class=\"row row-large row-solid\" style=\"max-width:1200px\" id=\"row-1223442577\">\n\n\n\t<div id=\"col-493244195\" class=\"col medium-10 small-12 large-6\"  >\n\t\t\t\t<div class=\"col-inner\"  >\n\t\t\t\n\t\t\t\n\n\n\t\t<div class=\"icon-box featured-box icon-box-left text-left\"  >\n\t\t\t\t\t<div class=\"icon-box-img\" style=\"width: 69px\">\n\t\t\t\t<div class=\"icon\">\n\t\t\t\t\t<div class=\"icon-inner\" >\n\t\t\t\t\t\t<img loading=\"lazy\" decoding=\"async\" width=\"120\" height=\"120\" src=\"https:\/\/thepadelkit.com\/wp-content\/uploads\/2024\/03\/check-line.png\" class=\"attachment-medium size-medium\" alt=\"\" \/>\t\t\t\t\t<\/div>\n\t\t\t\t<\/div>\n\t\t\t<\/div>\n\t\t\t\t<div class=\"icon-box-text last-reset\">\n\t\t\t\t\t\t\t\t\t\n\n<h4>Ricerca e sviluppo innovativi e produzione di precisione<\/h4>\n<p>Il nostro team di ricerca e sviluppo garantisce l&#039;eccellenza dall&#039;ideazione alla creazione, garantendo che ogni aspetto dei nostri campi da paddle rifletta il nostro costante impegno per la qualit\u00e0. Sfruttando la tecnologia robotica all\u2019avanguardia, otteniamo precisione ed efficienza in ogni fase della produzione.<\/p>\n\n\t\t<\/div>\n\t<\/div>\n\t\n\t\n\t<div id=\"gap-580840075\" class=\"gap-element clearfix\" style=\"display:block; height:auto;\">\n\t\t\n<style>\n#gap-580840075 {\n  padding-top: 30px;\n}\n<\/style>\n\t<\/div>\n\t\n\n\n\t\t<div class=\"icon-box featured-box icon-box-left text-left\"  >\n\t\t\t\t\t<div class=\"icon-box-img\" style=\"width: 69px\">\n\t\t\t\t<div class=\"icon\">\n\t\t\t\t\t<div class=\"icon-inner\" >\n\t\t\t\t\t\t<img loading=\"lazy\" decoding=\"async\" width=\"120\" height=\"120\" src=\"https:\/\/thepadelkit.com\/wp-content\/uploads\/2024\/03\/check-line.png\" class=\"attachment-medium size-medium\" alt=\"\" \/>\t\t\t\t\t<\/div>\n\t\t\t\t<\/div>\n\t\t\t<\/div>\n\t\t\t\t<div class=\"icon-box-text last-reset\">\n\t\t\t\t\t\t\t\t\t\n\n<h4>Design robusto per una stabilit\u00e0 duratura<\/h4>\n<p>I nostri campi da paddle presentano una struttura robusta, meticolosamente progettata per garantire stabilit\u00e0 e durata nel tempo. Bilanciando funzionalit\u00e0 ed estetica, ogni dettaglio riflette la nostra incessante dedizione all&#039;eccellenza.<\/p>\n\n\t\t<\/div>\n\t<\/div>\n\t\n\t\n\t<div id=\"gap-721256367\" class=\"gap-element clearfix\" style=\"display:block; height:auto;\">\n\t\t\n<style>\n#gap-721256367 {\n  padding-top: 30px;\n}\n<\/style>\n\t<\/div>\n\t\n\n\t<div id=\"gap-1183591144\" class=\"gap-element clearfix\" style=\"display:block; height:auto;\">\n\t\t\n<style>\n#gap-1183591144 {\n  padding-top: 30px;\n}\n<\/style>\n\t<\/div>\n\t\n\n\n\t\t<\/div>\n\t\t\t\t\n<style>\n#col-493244195 > .col-inner {\n  padding: 0px 0 0px 0px;\n}\n@media (min-width:850px) {\n  #col-493244195 > .col-inner {\n    padding: 0px 40px 0px 0px;\n  }\n}\n<\/style>\n\t<\/div>\n\n\t\n\n\t<div id=\"col-725037856\" class=\"col medium-10 small-12 large-6\"  >\n\t\t\t\t<div class=\"col-inner\"  >\n\t\t\t\n\t\t\t\n\n\n\t\t<div class=\"icon-box featured-box icon-box-left text-left\"  >\n\t\t\t\t\t<div class=\"icon-box-img\" style=\"width: 69px\">\n\t\t\t\t<div class=\"icon\">\n\t\t\t\t\t<div class=\"icon-inner\" >\n\t\t\t\t\t\t<img loading=\"lazy\" decoding=\"async\" width=\"120\" height=\"120\" src=\"https:\/\/thepadelkit.com\/wp-content\/uploads\/2024\/03\/check-line.png\" class=\"attachment-medium size-medium\" alt=\"\" \/>\t\t\t\t\t<\/div>\n\t\t\t\t<\/div>\n\t\t\t<\/div>\n\t\t\t\t<div class=\"icon-box-text last-reset\">\n\t\t\t\t\t\t\t\t\t\n\n<h4>Standard di qualit\u00e0 superiori, componenti senza compromessi<\/h4>\n<p>Manteniamo i pi\u00f9 alti standard di produzione, utilizzando materiali di prima qualit\u00e0 per una durata e una longevit\u00e0 senza pari. Ogni componente soddisfa gli standard di competizione di alto livello, offrendo un&#039;esperienza di gioco senza precedenti.<\/p>\n\n\t\t<\/div>\n\t<\/div>\n\t\n\t\n\t<div id=\"gap-129123671\" class=\"gap-element clearfix\" style=\"display:block; height:auto;\">\n\t\t\n<style>\n#gap-129123671 {\n  padding-top: 30px;\n}\n<\/style>\n\t<\/div>\n\t\n\n\n\t\t<div class=\"icon-box featured-box icon-box-left text-left\"  >\n\t\t\t\t\t<div class=\"icon-box-img\" style=\"width: 69px\">\n\t\t\t\t<div class=\"icon\">\n\t\t\t\t\t<div class=\"icon-inner\" >\n\t\t\t\t\t\t<img loading=\"lazy\" decoding=\"async\" width=\"120\" height=\"120\" src=\"https:\/\/thepadelkit.com\/wp-content\/uploads\/2024\/03\/check-line.png\" class=\"attachment-medium size-medium\" alt=\"\" \/>\t\t\t\t\t<\/div>\n\t\t\t\t<\/div>\n\t\t\t<\/div>\n\t\t\t\t<div class=\"icon-box-text last-reset\">\n\t\t\t\t\t\t\t\t\t\n\n<h4>Soluzioni personalizzate, flessibilit\u00e0 senza pari<\/h4>\n<p>Personalizzando i campi da padel secondo le tue esatte specifiche, offriamo una flessibilit\u00e0 senza pari. Che si tratti di modificare le dimensioni o integrare il marchio, le nostre soluzioni personalizzabili garantiscono che la tua visione venga realizzata con precisione e facilit\u00e0.<\/p>\n\n\t\t<\/div>\n\t<\/div>\n\t\n\t\n\n\t\t<\/div>\n\t\t\t\t\n<style>\n#col-725037856 > .col-inner {\n  padding: 0px 0px 0px 0;\n}\n@media (min-width:850px) {\n  #col-725037856 > .col-inner {\n    padding: 0px 0px 0px 30px;\n  }\n}\n<\/style>\n\t<\/div>\n\n\t\n\n<\/div>\n\t<div id=\"gap-416819897\" class=\"gap-element clearfix\" style=\"display:block; height:auto;\">\n\t\t\n<style>\n#gap-416819897 {\n  padding-top: 30px;\n}\n<\/style>\n\t<\/div>\n\t\n\n\n\t\t<\/div>\n\n\t\t\n<style>\n#section_1982154706 {\n  padding-top: 80px;\n  padding-bottom: 80px;\n  background-color: rgb(242, 238, 241);\n}\n<\/style>\n\t<\/section>","protected":false},"excerpt":{"rendered":"","protected":false},"author":1,"featured_media":0,"parent":0,"menu_order":0,"comment_status":"closed","ping_status":"closed","template":"page-blank.php","meta":{"_seopress_robots_primary_cat":"0","_seopress_titles_title":"ThePadelKit: Premier Padel Court Solutions Manufacturer in China","_seopress_titles_desc":"Discover complete Padel court packages from ThePadelKit. Based in China, our expertise spans worldwide, offering tailored premium solutions","_seopress_robots_index":"","footnotes":""},"class_list":["post-36","page","type-page","status-publish","hentry"],"_links":{"self":[{"href":"https:\/\/thepadelkit.com\/it\/wp-json\/wp\/v2\/pages\/36","targetHints":{"allow":["GET"]}}],"collection":[{"href":"https:\/\/thepadelkit.com\/it\/wp-json\/wp\/v2\/pages"}],"about":[{"href":"https:\/\/thepadelkit.com\/it\/wp-json\/wp\/v2\/types\/page"}],"author":[{"embeddable":true,"href":"https:\/\/thepadelkit.com\/it\/wp-json\/wp\/v2\/users\/1"}],"replies":[{"embeddable":true,"href":"https:\/\/thepadelkit.com\/it\/wp-json\/wp\/v2\/comments?post=36"}],"version-history":[{"count":2,"href":"https:\/\/thepadelkit.com\/it\/wp-json\/wp\/v2\/pages\/36\/revisions"}],"predecessor-version":[{"id":614,"href":"https:\/\/thepadelkit.com\/it\/wp-json\/wp\/v2\/pages\/36\/revisions\/614"}],"wp:attachment":[{"href":"https:\/\/thepadelkit.com\/it\/wp-json\/wp\/v2\/media?parent=36"}],"curies":[{"name":"wp","href":"https:\/\/api.w.org\/{rel}","templated":true}]}}