{"id":518,"date":"2024-04-18T01:53:16","date_gmt":"2024-04-18T01:53:16","guid":{"rendered":"https:\/\/thepadelkit.com\/?page_id=518"},"modified":"2024-04-21T02:18:52","modified_gmt":"2024-04-21T02:18:52","slug":"canopy","status":"publish","type":"page","link":"https:\/\/thepadelkit.com\/es\/pabellon\/","title":{"rendered":"Pabell\u00f3n"},"content":{"rendered":"<section class=\"section\" id=\"section_397906677\">\n\t\t<div class=\"section-bg fill\" >\n\t\t\t\t\t\t\t\t\t\n\t\t\t\n\n\t\t<\/div>\n\n\t\t\n\n\t\t<div class=\"section-content relative\">\n\t\t\t\n\n<div class=\"row align-center\"  id=\"row-1724325868\">\n\n\n\t<div id=\"col-1360595221\" class=\"col medium-9 small-11 large-8\"  >\n\t\t\t\t<div class=\"col-inner text-center\"  >\n\t\t\t\n\t\t\t\n\n<h1>Marquesinas para pistas de p\u00e1del: garantizar el disfrute durante todo el a\u00f1o<\/h1>\n<p class=\"lead\">Las marquesinas para pistas de p\u00e1del ThePadelKit ofrecen protecci\u00f3n permanente contra los elementos, a diferencia de las opciones inflables. Nuestras instalaciones est\u00e1ticas brindan cobertura duradera para todo clima, lo que garantiza un juego ininterrumpido. Con soluciones personalizadas adaptadas a las necesidades de cada lugar, ThePadelKit garantiza un proceso de selecci\u00f3n e instalaci\u00f3n perfecto, elevando las experiencias de juego al aire libre a nuevas alturas.<\/p>\n\n\t\t<\/div>\n\t\t\t\t\n<style>\n#col-1360595221 > .col-inner {\n  padding: 60px 0px 60px 0px;\n}\n<\/style>\n\t<\/div>\n\n\t\n\n<\/div>\n\n\t\t<\/div>\n\n\t\t\n<style>\n#section_397906677 {\n  padding-top: 30px;\n  padding-bottom: 30px;\n}\n<\/style>\n\t<\/section>\n\t\n\n\t<section class=\"section dark\" id=\"section_944976672\">\n\t\t<div class=\"section-bg fill\" >\n\t\t\t\t\t\t\t\t\t\n\t\t\t\n\n\t\t<\/div>\n\n\t\t\n\n\t\t<div class=\"section-content relative\">\n\t\t\t\n\n<div class=\"row row-large align-middle align-center\"  id=\"row-724237001\">\n\n\n\t<div id=\"col-1204993466\" class=\"col medium-10 small-12 large-6\"  >\n\t\t\t\t<div class=\"col-inner\"  >\n\t\t\t\n\t\t\t\n\n\n  <div class=\"banner has-hover\" id=\"banner-166213513\">\n          <div class=\"banner-inner fill\">\n        <div class=\"banner-bg fill\" >\n            <img loading=\"lazy\" decoding=\"async\" width=\"1000\" height=\"750\" src=\"https:\/\/thepadelkit.com\/wp-content\/uploads\/2024\/03\/Padel-Court-Structure-Integrated-Roofing.jpg\" class=\"bg attachment-large size-large\" alt=\"\" \/>                                    \n                    <\/div>\n\t\t\n        <div class=\"banner-layers container\">\n            <div class=\"fill banner-link\"><\/div>            \n\n   <div id=\"text-box-1838044408\" class=\"text-box banner-layer x50 md-x50 lg-x50 y50 md-y50 lg-y50 res-text\">\n                                <div class=\"text-box-content text dark\">\n              \n              <div class=\"text-inner text-center\">\n                  \n\n\n              <\/div>\n           <\/div>\n                            \n<style>\n#text-box-1838044408 {\n  width: 60%;\n}\n#text-box-1838044408 .text-box-content {\n  font-size: 100%;\n}\n@media (min-width:550px) {\n  #text-box-1838044408 {\n    width: 60%;\n  }\n}\n<\/style>\n    <\/div>\n \n\n        <\/div>\n      <\/div>\n\n            \n<style>\n#banner-166213513 {\n  padding-top: 350px;\n}\n@media (min-width:550px) {\n  #banner-166213513 {\n    padding-top: 99.99%;\n  }\n}\n<\/style>\n  <\/div>\n\n\n\n\t\t<\/div>\n\t\t\t\t\t<\/div>\n\n\t\n\n\t<div id=\"col-205802295\" class=\"col medium-10 small-12 large-6\"  >\n\t\t\t\t<div class=\"col-inner\"  >\n\t\t\t\n\t\t\t\n\n\n\t\t<div class=\"icon-box featured-box icon-box-left text-left\"  style=\"margin:0px 0px 30px 0px;\">\n\t\t\t\t<div class=\"icon-box-text last-reset\">\n\t\t\t\t\t\t\t\t\t\n\n<h3>Marquesina integrada con pilares de pista de p\u00e1del<\/h3>\n<p>Experimente una integraci\u00f3n perfecta con nuestras soluciones de marquesinas integradas directamente en los pilares de la pista de p\u00e1del. Ofreciendo un dise\u00f1o elegante y unificado, estas marquesinas brindan una protecci\u00f3n \u00f3ptima contra los elementos al tiempo que mejoran el atractivo est\u00e9tico de su cancha de p\u00e1del. Disfrute de un juego ininterrumpido bajo la cobertura duradera para todo clima que brinda nuestro dosel integrado con los pilares de la cancha de p\u00e1del.<\/p>\n\n\t\t<\/div>\n\t<\/div>\n\t\n\t\n\n\t\t<\/div>\n\t\t\t\t\n<style>\n#col-205802295 > .col-inner {\n  padding: 20px 0px 0px 0px;\n}\n<\/style>\n\t<\/div>\n\n\t\n\n<\/div>\n\t<div id=\"gap-1624314713\" class=\"gap-element clearfix\" style=\"display:block; height:auto;\">\n\t\t\n<style>\n#gap-1624314713 {\n  padding-top: 30px;\n}\n<\/style>\n\t<\/div>\n\t\n\n<div class=\"row row-large align-middle align-center\"  id=\"row-1123917091\">\n\n\n\t<div id=\"col-1974433534\" class=\"col medium-10 small-12 large-6\"  >\n\t\t\t\t<div class=\"col-inner\"  >\n\t\t\t\n\t\t\t\n\n<div class=\"row\"  id=\"row-574621797\">\n\n\n\t<div id=\"col-1378706361\" class=\"col small-12 large-12\"  >\n\t\t\t\t<div class=\"col-inner\"  >\n\t\t\t\n\t\t\t\n\n<h3>Canopy Separado de Pista de P\u00e1del<\/h3>\n<p>Maximice la flexibilidad con nuestras soluciones de marquesinas separadas de la estructura de la pista de p\u00e1del. Dise\u00f1ados para brindar versatilidad, estos toldos ofrecen opciones de cobertura personalizables adaptadas a los requisitos espec\u00edficos de su lugar. Experimente un juego ininterrumpido en todas las condiciones clim\u00e1ticas con nuestras instalaciones de dosel duraderas, ubicadas estrat\u00e9gicamente para brindar protecci\u00f3n confiable sin comprometer la integridad del dise\u00f1o de su cancha de p\u00e1del.<\/p>\n\n\t\t<\/div>\n\t\t\t\t\t<\/div>\n\n\t\n\n<\/div>\n\n\t\t<\/div>\n\t\t\t\t\n<style>\n#col-1974433534 > .col-inner {\n  padding: 20px 0px 0px 0px;\n}\n<\/style>\n\t<\/div>\n\n\t\n\n\t<div id=\"col-1703941869\" class=\"col medium-10 small-12 large-6 medium-col-first\"  >\n\t\t\t\t<div class=\"col-inner\"  >\n\t\t\t\n\t\t\t\n\n\n  <div class=\"banner has-hover\" id=\"banner-1529042740\">\n          <div class=\"banner-inner fill\">\n        <div class=\"banner-bg fill\" >\n            <img loading=\"lazy\" decoding=\"async\" width=\"1000\" height=\"750\" src=\"https:\/\/thepadelkit.com\/wp-content\/uploads\/2024\/03\/Padel-Court-Roof.jpg\" class=\"bg attachment-large size-large\" alt=\"\" \/>                                    \n                    <\/div>\n\t\t\n        <div class=\"banner-layers container\">\n            <div class=\"fill banner-link\"><\/div>            \n\n   <div id=\"text-box-821125908\" class=\"text-box banner-layer x50 md-x50 lg-x50 y50 md-y50 lg-y50 res-text\">\n                                <div class=\"text-box-content text dark\">\n              \n              <div class=\"text-inner text-center\">\n                  \n\n\n              <\/div>\n           <\/div>\n                            \n<style>\n#text-box-821125908 {\n  width: 60%;\n}\n#text-box-821125908 .text-box-content {\n  font-size: 100%;\n}\n@media (min-width:550px) {\n  #text-box-821125908 {\n    width: 60%;\n  }\n}\n<\/style>\n    <\/div>\n \n\n        <\/div>\n      <\/div>\n\n            \n<style>\n#banner-1529042740 {\n  padding-top: 350px;\n}\n#banner-1529042740 .banner-bg img {\n  object-position: 31% 100%;\n}\n@media (min-width:550px) {\n  #banner-1529042740 {\n    padding-top: 99.99%;\n  }\n}\n<\/style>\n  <\/div>\n\n\n\n\t\t<\/div>\n\t\t\t\t\t<\/div>\n\n\t\n\n<\/div>\n\t<div id=\"gap-1679161599\" class=\"gap-element clearfix\" style=\"display:block; height:auto;\">\n\t\t\n<style>\n#gap-1679161599 {\n  padding-top: 60px;\n}\n<\/style>\n\t<\/div>\n\t\n\n\n\t\t<\/div>\n\n\t\t\n<style>\n#section_944976672 {\n  padding-top: 50px;\n  padding-bottom: 50px;\n  background-color: rgb(190, 102, 71);\n}\n@media (min-width:550px) {\n  #section_944976672 {\n    padding-top: 80px;\n    padding-bottom: 80px;\n  }\n}\n<\/style>\n\t<\/section>\n\t\n\n\t<section class=\"section dark\" id=\"section_221435464\">\n\t\t<div class=\"section-bg fill\" >\n\t\t\t\t\t\t\t\t\t\n\t\t\t\n\n\t\t<\/div>\n\n\t\t\n\n\t\t<div class=\"section-content relative\">\n\t\t\t\n\n\t<div id=\"gap-1851761\" class=\"gap-element clearfix\" style=\"display:block; height:auto;\">\n\t\t\n<style>\n#gap-1851761 {\n  padding-top: 30px;\n}\n<\/style>\n\t<\/div>\n\t\n\n<div class=\"row\"  id=\"row-549637871\">\n\n\n\t<div id=\"col-1820806075\" class=\"col small-12 large-12\"  >\n\t\t\t\t<div class=\"col-inner text-center\"  >\n\t\t\t\n\t\t\t\n\n\t<div id=\"text-1443929609\" class=\"text\">\n\t\t\n\n<h2>Opciones personalizadas<\/h2>\n\t\t\n<style>\n#text-1443929609 {\n  font-size: 1.75rem;\n}\n<\/style>\n\t<\/div>\n\t\n\n\t\t<\/div>\n\t\t\t\t\t<\/div>\n\n\t\n\n<\/div>\n<div class=\"row row-large\"  id=\"row-350599813\">\n\n\n\t<div id=\"col-2129005023\" class=\"col medium-4 small-12 large-4\"  >\n\t\t\t\t<div class=\"col-inner text-center\"  >\n\t\t\t\n\t\t\t\n\n\n\t\t<div class=\"icon-box featured-box icon-box-center text-center\"  >\n\t\t\t\t<div class=\"icon-box-text last-reset\">\n\t\t\t\t\t\t\t\t\t\n\n\t<div id=\"text-531924146\" class=\"text\">\n\t\t\n\n<h3>Estilo estructural<\/h3>\n\t\t\n<style>\n#text-531924146 {\n  font-size: 1.25rem;\n}\n<\/style>\n\t<\/div>\n\t\n\n\t\t<\/div>\n\t<\/div>\n\t\n\t\n<p>Elija opciones predise\u00f1adas o personal\u00edcelas para que se ajusten a sus preferencias y proporcione im\u00e1genes para requisitos \u00fanicos.<\/p>\n\n\t\t<\/div>\n\t\t\t\t\t<\/div>\n\n\t\n\n\t<div id=\"col-1114157572\" class=\"col medium-4 small-12 large-4\"  >\n\t\t\t\t<div class=\"col-inner text-center\"  >\n\t\t\t\n\t\t\t\n\n\n\t\t<div class=\"icon-box featured-box icon-box-center text-center\"  >\n\t\t\t\t<div class=\"icon-box-text last-reset\">\n\t\t\t\t\t\t\t\t\t\n\n\t<div id=\"text-2948031916\" class=\"text\">\n\t\t\n\n<h3>Color de la estructura<\/h3>\n\t\t\n<style>\n#text-2948031916 {\n  font-size: 1.25rem;\n}\n<\/style>\n\t<\/div>\n\t\n\n\t\t<\/div>\n\t<\/div>\n\t\n\t\n<p>\u00a0Personalice el color de la marquesina para alinearlo con las preferencias del cliente, el color de la pista de p\u00e1del y el entorno circundante.<\/p>\n\n\t\t<\/div>\n\t\t\t\t\t<\/div>\n\n\t\n\n\t<div id=\"col-1458332926\" class=\"col medium-4 small-12 large-4\"  >\n\t\t\t\t<div class=\"col-inner text-center\"  >\n\t\t\t\n\t\t\t\n\n\n\t\t<div class=\"icon-box featured-box icon-box-center text-center\"  >\n\t\t\t\t<div class=\"icon-box-text last-reset\">\n\t\t\t\t\t\t\t\t\t\n\n\t<div id=\"text-1277350495\" class=\"text\">\n\t\t\n\n<h3>Material de la cubierta<\/h3>\n\t\t\n<style>\n#text-1277350495 {\n  font-size: 1.25rem;\n}\n<\/style>\n\t<\/div>\n\t\n\n\t\t<\/div>\n\t<\/div>\n\t\n\t\n<p>Elija entre tejido de PVC duradero o PVDF de larga duraci\u00f3n, ambos ideales para un techo de p\u00e1del, asegurando durabilidad y resistencia a la intemperie.<\/p>\n\n\t\t<\/div>\n\t\t\t\t\t<\/div>\n\n\t\n\n<\/div>\n\n\t\t<\/div>\n\n\t\t\n<style>\n#section_221435464 {\n  padding-top: 45px;\n  padding-bottom: 45px;\n  background-color: rgb(93, 93, 94);\n}\n@media (min-width:550px) {\n  #section_221435464 {\n    padding-top: 65px;\n    padding-bottom: 65px;\n  }\n}\n@media (min-width:850px) {\n  #section_221435464 {\n    padding-top: 90px;\n    padding-bottom: 90px;\n  }\n}\n<\/style>\n\t<\/section>\n\t\n\n\t<section class=\"section\" id=\"section_672360524\">\n\t\t<div class=\"section-bg fill\" >\n\t\t\t\t\t\t\t\t\t\n\t\t\t\n\n\t\t<\/div>\n\n\t\t\n\n\t\t<div class=\"section-content relative\">\n\t\t\t\n\n<div class=\"row align-center\"  id=\"row-495165368\">\n\n\n\t<div id=\"col-5753259\" class=\"col medium-8 small-11 large-8\"  >\n\t\t\t\t<div class=\"col-inner text-center\"  >\n\t\t\t\n\t\t\t\n\n<h2><span style=\"font-size: 120%;\">Ponerse en contacto<br \/><\/span><\/h2>\n<p>Comparta sus requisitos y nuestro dedicado equipo de ventas lo ayudar\u00e1 de inmediato. Como fabricante confiable de canchas de p\u00e1del con sede en China, recomendamos considerar un pedido m\u00ednimo de dos canchas para una eficiencia \u00f3ptima en el env\u00edo de contenedores.<\/p>\n\t<div id=\"gap-32582514\" class=\"gap-element clearfix\" style=\"display:block; height:auto;\">\n\t\t\n<style>\n#gap-32582514 {\n  padding-top: 20px;\n}\n<\/style>\n\t<\/div>\n\t\n\n<div class=\"forminator-ui forminator-custom-form forminator-custom-form-100 forminator-design--default  forminator_ajax\" data-forminator-render=\"0\" data-form=\"forminator-module-100\" data-uid=\"69e31f9b05e5f\"><br\/><\/div><form\n\t\t\t\tid=\"forminator-module-100\"\n\t\t\t\tclass=\"forminator-ui forminator-custom-form forminator-custom-form-100 forminator-design--default  forminator_ajax\"\n\t\t\t\tmethod=\"post\"\n\t\t\t\tdata-forminator-render=\"0\"\n\t\t\t\tdata-form-id=\"100\"\n\t\t\t\t\n\t\t\t\tdata-design=\"default\"\n\t\t\t\t\n\t\t\t\t\n\t\t\t\t\n\t\t\t\tdata-grid=\"open\"\n\t\t\t\t\n\t\t\t\t\n\t\t\t\tstyle=\"display: none;\"\n\t\t\t\t\n\t\t\t\tdata-uid=\"69e31f9b05e5f\" action=\"\"\n\t\t\t><div role=\"alert\" aria-live=\"polite\" class=\"forminator-response-message forminator-error\" aria-hidden=\"true\"><\/div><div class=\"forminator-row\"><div id=\"name-1\" class=\"forminator-field-name forminator-col forminator-col-12\"><div class=\"forminator-field\"><input type=\"text\" name=\"name-1\" value=\"\" placeholder=\"Su nombre\" id=\"forminator-field-name-1_69e31f9b05e5f\" class=\"forminator-input forminator-name--field\" aria-required=\"true\" \/><\/div><\/div><\/div><div class=\"forminator-row\"><div id=\"email-1\" class=\"forminator-field-email forminator-col forminator-col-12\"><div class=\"forminator-field\"><input type=\"email\" name=\"email-1\" value=\"\" placeholder=\"Direcci\u00f3n de correo electr\u00f3nico\" id=\"forminator-field-email-1_69e31f9b05e5f\" class=\"forminator-input forminator-email--field\" data-required=\"true\" aria-required=\"true\" \/><\/div><\/div><\/div><div class=\"forminator-row\"><div id=\"phone-1\" class=\"forminator-field-phone forminator-col forminator-col-12\"><div class=\"forminator-field\"><input type=\"text\" name=\"phone-1\" value=\"\" placeholder=\"N\u00famero de tel\u00e9fono\" id=\"forminator-field-phone-1_69e31f9b05e5f\" class=\"forminator-input forminator-field--phone\" data-required=\"\" aria-required=\"false\" autocomplete=\"off\" \/><\/div><\/div><\/div><div class=\"forminator-row\"><div id=\"textarea-1\" class=\"forminator-field-textarea forminator-col forminator-col-12\"><div class=\"forminator-field\"><textarea name=\"textarea-1\" placeholder=\"Ingrese su mensaje...\" id=\"forminator-field-textarea-1_69e31f9b05e5f\" class=\"forminator-textarea\" rows=\"6\" style=\"min-height:140px;\" maxlength=\"180\" ><\/textarea><span id=\"forminator-field-textarea-1_69e31f9b05e5f-description\" class=\"forminator-description\"><span data-limit=\"180\" data-type=\"characters\" data-editor=\"\">0 \/ 180<\/span><\/span><\/div><\/div><\/div><div class=\"forminator-row\"><div id=\"captcha-1\" class=\"forminator-field-captcha forminator-col forminator-col-12\"><div class=\"forminator-captcha-left forminator-g-recaptcha recaptcha-invisible\" data-theme=\"light\" data-badge=\"bottomright\" data-sitekey=\"6LcAaaUqAAAAANTAfX6qVlxFYEeuxvQr2fwoo4Md\" data-size=\"invisible\"><\/div> <\/div><\/div><input type=\"hidden\" name=\"referer_url\" value=\"\" \/><div class=\"forminator-row forminator-row-last\"><div class=\"forminator-col\"><div class=\"forminator-field\"><button class=\"forminator-button forminator-button-submit\">Enviar mensaje<\/button><\/div><\/div><\/div><input type=\"hidden\" id=\"forminator_nonce\" name=\"forminator_nonce\" value=\"258d22d7f5\" \/><input type=\"hidden\" name=\"_wp_http_referer\" value=\"\/es\/wp-json\/wp\/v2\/pages\/518\" \/><input type=\"hidden\" name=\"form_id\" value=\"100\"><input type=\"hidden\" name=\"page_id\" value=\"518\"><input type=\"hidden\" name=\"form_type\" value=\"default\"><input type=\"hidden\" name=\"current_url\" value=\"https:\/\/thepadelkit.com\/es\/pabellon\/\"><input type=\"hidden\" name=\"render_id\" value=\"0\"><input type=\"hidden\" name=\"action\" value=\"forminator_submit_form_custom-forms\"><input type=\"hidden\" name=\"trp-form-language\" value=\"es\"\/><\/form>\n\n\t\t<\/div>\n\t\t\t\t\n<style>\n#col-5753259 > .col-inner {\n  margin: 40px 0px 0px 0px;\n}\n<\/style>\n\t<\/div>\n\n\t\n\n<\/div>\n\n\t\t<\/div>\n\n\t\t\n<style>\n#section_672360524 {\n  padding-top: 60px;\n  padding-bottom: 60px;\n}\n<\/style>\n\t<\/section>","protected":false},"excerpt":{"rendered":"","protected":false},"author":1,"featured_media":0,"parent":0,"menu_order":0,"comment_status":"closed","ping_status":"closed","template":"page-blank.php","meta":{"_seopress_robots_primary_cat":"0","_seopress_titles_title":"Padel Court Canopies: Year-Round Protection","_seopress_titles_desc":"Explore ThePadelKit&#039;s static canopy solutions, providing durable, all-weather coverage for uninterrupted play. Choose from integrated or separated options tailored to your venue&#039;s needs, elevating outdoor gameplay experiences.","_seopress_robots_index":"","footnotes":""},"class_list":["post-518","page","type-page","status-publish","hentry"],"_links":{"self":[{"href":"https:\/\/thepadelkit.com\/es\/wp-json\/wp\/v2\/pages\/518","targetHints":{"allow":["GET"]}}],"collection":[{"href":"https:\/\/thepadelkit.com\/es\/wp-json\/wp\/v2\/pages"}],"about":[{"href":"https:\/\/thepadelkit.com\/es\/wp-json\/wp\/v2\/types\/page"}],"author":[{"embeddable":true,"href":"https:\/\/thepadelkit.com\/es\/wp-json\/wp\/v2\/users\/1"}],"replies":[{"embeddable":true,"href":"https:\/\/thepadelkit.com\/es\/wp-json\/wp\/v2\/comments?post=518"}],"version-history":[{"count":6,"href":"https:\/\/thepadelkit.com\/es\/wp-json\/wp\/v2\/pages\/518\/revisions"}],"predecessor-version":[{"id":590,"href":"https:\/\/thepadelkit.com\/es\/wp-json\/wp\/v2\/pages\/518\/revisions\/590"}],"wp:attachment":[{"href":"https:\/\/thepadelkit.com\/es\/wp-json\/wp\/v2\/media?parent=518"}],"curies":[{"name":"wp","href":"https:\/\/api.w.org\/{rel}","templated":true}]}}