{"id":22,"date":"2024-03-05T03:24:03","date_gmt":"2024-03-05T03:24:03","guid":{"rendered":"https:\/\/thepadelkit.com\/?page_id=22"},"modified":"2024-04-19T00:32:47","modified_gmt":"2024-04-19T00:32:47","slug":"homepage","status":"publish","type":"page","link":"https:\/\/thepadelkit.com\/es\/","title":{"rendered":"P\u00e1gina principal"},"content":{"rendered":"<section class=\"section dark\" id=\"section_1952492473\">\n\t\t<div class=\"section-bg fill\" >\n\t\t\t<img loading=\"lazy\" decoding=\"async\" width=\"2000\" height=\"1500\" src=\"https:\/\/thepadelkit.com\/wp-content\/uploads\/2024\/03\/Thepadelkit-Arturf-Padel-Court.jpg\" class=\"bg attachment-original size-original\" alt=\"\" \/>\t\t\t\t\t\t<div class=\"section-bg-overlay absolute fill\"><\/div>\n\t\t\t\n\n\t\t<\/div>\n\n\t\t\n\n\t\t<div class=\"section-content relative\">\n\t\t\t\n\n<div class=\"row\" style=\"max-width:1300px\" id=\"row-1960255359\">\n\n\n\t<div id=\"col-122359804\" class=\"col medium-5 small-12 large-5\"  >\n\t\t\t\t<div class=\"col-inner\"  >\n\t\t\t\n\t\t\t\n\n<div class=\"row\"  id=\"row-1079534098\">\n\n\n\t<div id=\"col-1776457045\" class=\"col medium-4 small-12 large-4\"  >\n\t\t\t\t<div class=\"col-inner\"  >\n\t\t\t\n\t\t\t\n\n\t<div id=\"text-860934111\" class=\"text\">\n\t\t\n\n<h3>01<\/h3>\n\t\t\n<style>\n#text-860934111 {\n  font-size: 1.25rem;\n  text-align: left;\n}\n<\/style>\n\t<\/div>\n\t\n<div class=\"is-divider divider clearfix\" style=\"margin-top:15px;margin-bottom:15px;max-width:50px;background-color:rgb(255, 255, 255);\"><\/div>\n\n<h5>Pistas de p\u00e1del<\/h5>\n\n\t\t<\/div>\n\t\t\t\t\t<\/div>\n\n\t\n\n\t<div id=\"col-358423362\" class=\"col medium-4 small-12 large-4\"  >\n\t\t\t\t<div class=\"col-inner\"  >\n\t\t\t\n\t\t\t\n\n\t<div id=\"text-3617473810\" class=\"text\">\n\t\t\n\n<h3>02<\/h3>\n\t\t\n<style>\n#text-3617473810 {\n  font-size: 1.25rem;\n  text-align: left;\n}\n<\/style>\n\t<\/div>\n\t\n<div class=\"is-divider divider clearfix\" style=\"margin-top:15px;margin-bottom:15px;max-width:50px;background-color:rgb(255, 255, 255);\"><\/div>\n\n<h5>Techo<\/h5>\n\n\t\t<\/div>\n\t\t\t\t\t<\/div>\n\n\t\n\n\t<div id=\"col-1097504122\" class=\"col medium-4 small-12 large-4\"  >\n\t\t\t\t<div class=\"col-inner\"  >\n\t\t\t\n\t\t\t\n\n\t<div id=\"text-3098348879\" class=\"text\">\n\t\t\n\n<h3>03<\/h3>\n\t\t\n<style>\n#text-3098348879 {\n  font-size: 1.25rem;\n  text-align: left;\n}\n<\/style>\n\t<\/div>\n\t\n<div class=\"is-divider divider clearfix\" style=\"margin-top:15px;margin-bottom:15px;max-width:50px;background-color:rgb(255, 255, 255);\"><\/div>\n\n<h5>Productos relacionados con p\u00e1del<\/h5>\n\n\t\t<\/div>\n\t\t\t\t\t<\/div>\n\n\t\n\n<\/div>\n\n\t\t<\/div>\n\t\t\t\t\n<style>\n#col-122359804 > .col-inner {\n  margin: 0 0px 0px 0px;\n}\n@media (min-width:550px) {\n  #col-122359804 > .col-inner {\n    margin: 185px 0px 0px 0px;\n  }\n}\n@media (min-width:850px) {\n  #col-122359804 > .col-inner {\n    margin: 483px 0px 0px 0px;\n  }\n}\n<\/style>\n\t<\/div>\n\n\t\n\n<\/div>\n\n\t\t<\/div>\n\n\t\t\n<style>\n#section_1952492473 {\n  padding-top: 0px;\n  padding-bottom: 0px;\n  min-height: 500px;\n}\n#section_1952492473 .section-bg-overlay {\n  background-color: rgba(0, 0, 0, 0.33);\n}\n#section_1952492473 .section-bg img {\n  object-position: Center;\n}\n@media (min-width:550px) {\n  #section_1952492473 {\n    min-height: 500px;\n  }\n}\n@media (min-width:850px) {\n  #section_1952492473 {\n    min-height: 600px;\n  }\n  #section_1952492473 .section-bg-overlay {\n    background-color: rgba(0, 0, 0, 0.15);\n  }\n}\n<\/style>\n\t<\/section>\n\t\n<div class=\"row align-right\" style=\"max-width:1300px\" id=\"row-1127482334\">\n\n\n\t<div id=\"col-1486669579\" class=\"col medium-12 small-12 large-6\"  >\n\t\t\t\t<div class=\"col-inner dark\" style=\"background-color:rgba(32, 32, 32, 0.483);\" >\n\t\t\t\n\t\t\t\n\n\t<div id=\"text-1097977631\" class=\"text\">\n\t\t\n\n<h1>Descubre el Paquete Pista Completa de P\u00e1del<\/h1>\n\t\t\n<style>\n#text-1097977631 {\n  font-size: 1.25rem;\n}\n@media (min-width:550px) {\n  #text-1097977631 {\n    font-size: 1.5rem;\n  }\n}\n<\/style>\n\t<\/div>\n\t\n<div class=\"is-divider divider clearfix\" style=\"margin-top:25px;margin-bottom:25px;max-width:100px;background-color:rgb(255, 255, 255);\"><\/div>\n\n<p>Experimenta la facilidad de construir la cancha de p\u00e1del de tus sue\u00f1os con nuestro paquete integral. Todo lo que necesitas para una cancha de nivel profesional, todo en un solo lugar.<\/p>\n\n\t\t<\/div>\n\t\t\t\t\n<style>\n#col-1486669579 > .col-inner {\n  padding: 40px 40px 40px 40px;\n  margin: -75px 0px 0px 0px;\n}\n@media (min-width:550px) {\n  #col-1486669579 > .col-inner {\n    padding: 60px 80px 60px 80px;\n    margin: -121px 0px 0px 0px;\n  }\n}\n@media (min-width:850px) {\n  #col-1486669579 > .col-inner {\n    margin: -225px 0px 0px 0px;\n  }\n}\n<\/style>\n\t<\/div>\n\n\t\n\n<\/div>\n\n\t<section class=\"section\" id=\"section_543636258\">\n\t\t<div class=\"section-bg fill\" >\n\t\t\t\t\t\t\t\t\t\n\t\t\t\n\n\t\t<\/div>\n\n\t\t\n\n\t\t<div class=\"section-content relative\">\n\t\t\t\n\n<div class=\"row align-middle\" style=\"max-width:1300px\" id=\"row-1132177492\">\n\n\n\t<div id=\"col-1104369005\" class=\"col medium-12 small-12 large-5\"  >\n\t\t\t\t<div class=\"col-inner\"  >\n\t\t\t\n\t\t\t\n\n\n  <div class=\"banner has-hover\" id=\"banner-1216015245\">\n          <div class=\"banner-inner fill\">\n        <div class=\"banner-bg fill\" >\n            <img loading=\"lazy\" decoding=\"async\" width=\"1020\" height=\"765\" src=\"https:\/\/thepadelkit.com\/wp-content\/uploads\/2024\/03\/Padel-Courts-Arturf.jpg\" class=\"bg attachment-large size-large\" alt=\"\" \/>                                    \n                    <\/div>\n\t\t\n        <div class=\"banner-layers container\">\n            <div class=\"fill banner-link\"><\/div>            \n\n   <div id=\"text-box-2026126696\" class=\"text-box banner-layer x50 md-x50 lg-x50 y50 md-y50 lg-y50 res-text\">\n                                <div class=\"text-box-content text dark\">\n              \n              <div class=\"text-inner text-center\">\n                  \n\n\n              <\/div>\n           <\/div>\n                            \n<style>\n#text-box-2026126696 {\n  width: 60%;\n}\n#text-box-2026126696 .text-box-content {\n  font-size: 100%;\n}\n@media (min-width:550px) {\n  #text-box-2026126696 {\n    width: 60%;\n  }\n}\n<\/style>\n    <\/div>\n \n\n        <\/div>\n      <\/div>\n\n            \n<style>\n#banner-1216015245 {\n  padding-top: 350px;\n  background-color: rgb(255, 255, 255);\n}\n@media (min-width:550px) {\n  #banner-1216015245 {\n    padding-top: 400px;\n  }\n}\n@media (min-width:850px) {\n  #banner-1216015245 {\n    padding-top: 500px;\n  }\n}\n<\/style>\n  <\/div>\n\n\n\n\t\t<\/div>\n\t\t\t\t\n<style>\n#col-1104369005 > .col-inner {\n  margin: -0 0px 0px 0px;\n}\n@media (min-width:850px) {\n  #col-1104369005 > .col-inner {\n    margin: -100px 0px 0px 0px;\n  }\n}\n<\/style>\n\t<\/div>\n\n\t\n\n\t<div id=\"col-575177015\" class=\"col medium-10 small-12 large-5\"  >\n\t\t\t\t<div class=\"col-inner\"  >\n\t\t\t\n\t\t\t\n\n\t<div id=\"text-486870552\" class=\"text\">\n\t\t\n\n<h2>Maximizando la calidad<\/h2>\n\t\t\n<style>\n#text-486870552 {\n  font-size: 1.25rem;\n}\n<\/style>\n\t<\/div>\n\t\n<p>Trabajamos en estrecha colaboraci\u00f3n con nuestros socios de la cadena de suministro para seleccionar los mejores materiales y caracter\u00edsticas de dise\u00f1o innovadoras para nuestros paquetes de canchas de p\u00e1del premium. Esta meticulosa colaboraci\u00f3n garantiza una experiencia excepcional para los jugadores y al mismo tiempo optimiza el valor a largo plazo para los propietarios de las canchas.<\/p>\n<a href=\"https:\/\/thepadelkit.com\/es\/contacto\/\" class=\"button secondary is-underline\"  >\n\t\t<span>Consigue una cotizaci\u00f3n<\/span>\n\t<\/a>\n\n\n\n\t\t<\/div>\n\t\t\t\t\n<style>\n#col-575177015 > .col-inner {\n  padding: 0px 0px 0px 0;\n}\n@media (min-width:850px) {\n  #col-575177015 > .col-inner {\n    padding: 0px 0px 0px 105px;\n  }\n}\n<\/style>\n\t<\/div>\n\n\t\n\n<\/div>\n\t<div id=\"gap-469996096\" class=\"gap-element clearfix\" style=\"display:block; height:auto;\">\n\t\t\n<style>\n#gap-469996096 {\n  padding-top: 0px;\n}\n@media (min-width:850px) {\n  #gap-469996096 {\n    padding-top: 45px;\n  }\n}\n<\/style>\n\t<\/div>\n\t\n\n\n\t\t<\/div>\n\n\t\t\n<style>\n#section_543636258 {\n  padding-top: 30px;\n  padding-bottom: 30px;\n}\n<\/style>\n\t<\/section>\n\t\n\n\t<section class=\"section\" id=\"section_994190708\">\n\t\t<div class=\"section-bg fill\" >\n\t\t\t\t\t\t\t\t\t\n\t\t\t\n\n\t\t<\/div>\n\n\t\t\n\n\t\t<div class=\"section-content relative\">\n\t\t\t\n\n\t<div id=\"gap-872573877\" class=\"gap-element clearfix\" style=\"display:block; height:auto;\">\n\t\t\n<style>\n#gap-872573877 {\n  padding-top: 30px;\n}\n<\/style>\n\t<\/div>\n\t\n\n<div class=\"row align-right\" style=\"max-width:1300px\" id=\"row-1062871796\">\n\n\n\t<div id=\"col-1577373545\" class=\"col medium-3 small-12 large-3\"  >\n\t\t\t\t<div class=\"col-inner\"  >\n\t\t\t\n\t\t\t\n\n\t<div id=\"text-2363847562\" class=\"text\">\n\t\t\n\n<h3><span style=\"color: #f2f2f2;\">Desde 2018<\/span><\/h3>\n\t\t\n<style>\n#text-2363847562 {\n  font-size: 4rem;\n}\n<\/style>\n\t<\/div>\n\t\n\n\t\t<\/div>\n\t\t\t\t\t<\/div>\n\n\t\n\n\t<div id=\"col-2039170824\" class=\"col medium-9 small-12 large-9\"  >\n\t\t\t\t<div class=\"col-inner\"  >\n\t\t\t\n\t\t\t\n\n\n  <div class=\"banner has-hover\" id=\"banner-223597019\">\n          <div class=\"banner-inner fill\">\n        <div class=\"banner-bg fill\" >\n            <img loading=\"lazy\" decoding=\"async\" width=\"1020\" height=\"765\" src=\"https:\/\/thepadelkit.com\/wp-content\/uploads\/2024\/03\/Padel-Court-001.jpeg\" class=\"bg attachment-large size-large\" alt=\"\" \/>                                    \n                    <\/div>\n\t\t\n        <div class=\"banner-layers container\">\n            <div class=\"fill banner-link\"><\/div>            \n\n   <div id=\"text-box-1710246176\" class=\"text-box banner-layer x50 md-x50 lg-x50 y50 md-y50 lg-y50 res-text\">\n                                <div class=\"text-box-content text dark\">\n              \n              <div class=\"text-inner text-center\">\n                  \n\n\n              <\/div>\n           <\/div>\n                            \n<style>\n#text-box-1710246176 {\n  width: 60%;\n}\n#text-box-1710246176 .text-box-content {\n  font-size: 100%;\n}\n@media (min-width:550px) {\n  #text-box-1710246176 {\n    width: 60%;\n  }\n}\n<\/style>\n    <\/div>\n \n\n        <\/div>\n      <\/div>\n\n            \n<style>\n#banner-223597019 {\n  padding-top: 250px;\n  background-color: rgb(217, 217, 217);\n}\n#banner-223597019 .banner-bg img {\n  object-position: 53% 100%;\n}\n@media (min-width:550px) {\n  #banner-223597019 {\n    padding-top: 400px;\n  }\n}\n@media (min-width:850px) {\n  #banner-223597019 {\n    padding-top: 500px;\n  }\n}\n<\/style>\n  <\/div>\n\n\n\n\t\t<\/div>\n\t\t\t\t\t<\/div>\n\n\t\n\n<\/div>\n<div class=\"row\" style=\"max-width:1300px\" id=\"row-1863786588\">\n\n\n\t<div id=\"col-1465010338\" class=\"col medium-8 small-12 large-5\"  >\n\t\t\t\t<div class=\"col-inner\" style=\"background-color:rgb(255, 255, 255);\" >\n\t\t\t\n\t\t\t\n\n\t<div id=\"text-1969833669\" class=\"text\">\n\t\t\n\n<h2>Soluciones pioneras en pistas de p\u00e1del<\/h2>\n\t\t\n<style>\n#text-1969833669 {\n  font-size: 1.25rem;\n}\n<\/style>\n\t<\/div>\n\t\n<p>Con m\u00e1s de 14 a\u00f1os de experiencia en la fabricaci\u00f3n de c\u00e9sped artificial de p\u00e1del y 6 a\u00f1os ofreciendo paquetes integrales para pistas de p\u00e1del, lideramos la industria con innovaci\u00f3n y calidad. Explore nuestra diversa gama de soluciones para canchas de p\u00e1del, que incluyen las ediciones Classic, Pro y SuperView. Adem\u00e1s, ofrecemos opciones personalizables para satisfacer sus necesidades individuales.<\/p>\n<a href=\"https:\/\/thepadelkit.com\/es\/padel-courts\/\" class=\"button secondary is-underline\"  >\n\t\t<span>Detalles<\/span>\n\t<\/a>\n\n\n\n\t\t<\/div>\n\t\t\t\t\n<style>\n#col-1465010338 > .col-inner {\n  padding: 40px 40px 40px 40px;\n  margin: -37px 0px 0px 0px;\n}\n@media (min-width:550px) {\n  #col-1465010338 > .col-inner {\n    padding: 50px 50px 50px 50px;\n    margin: -270px 0px 0px 0px;\n  }\n}\n<\/style>\n\t<\/div>\n\n\t\n\n<\/div>\n\n\t\t<\/div>\n\n\t\t\n<style>\n#section_994190708 {\n  padding-top: 50px;\n  padding-bottom: 50px;\n  background-color: #d26e4b;\n}\n@media (min-width:550px) {\n  #section_994190708 {\n    padding-top: 80px;\n    padding-bottom: 80px;\n  }\n}\n<\/style>\n\t<\/section>\n\t\n\n\t<section class=\"section dark\" id=\"section_2123416528\">\n\t\t<div class=\"section-bg fill\" >\n\t\t\t\t\t\t\t\t\t\n\t\t\t\n\n\t\t<\/div>\n\n\t\t\n\n\t\t<div class=\"section-content relative\">\n\t\t\t\n\n\t<div id=\"gap-963456869\" class=\"gap-element clearfix\" style=\"display:block; height:auto;\">\n\t\t\n<style>\n#gap-963456869 {\n  padding-top: 30px;\n}\n<\/style>\n\t<\/div>\n\t\n\n<div class=\"row row-large\" style=\"max-width:1000px\" id=\"row-1376018954\">\n\n\n\t<div id=\"col-1986600019\" class=\"col medium-4 small-12 large-4\"  >\n\t\t\t\t<div class=\"col-inner text-center\"  >\n\t\t\t\n\t\t\t\n\n\n\t\t<div class=\"icon-box featured-box icon-box-top text-left\"  >\n\t\t\t\t\t<div class=\"icon-box-img\" style=\"width: 48px\">\n\t\t\t\t<div class=\"icon\">\n\t\t\t\t\t<div class=\"icon-inner\" >\n\t\t\t\t\t\t<?xml version=\"1.0\" standalone=\"no\"?><!DOCTYPE svg PUBLIC \"-\/\/W3C\/\/DTD SVG 1.1\/\/EN\" \"http:\/\/www.w3.org\/Graphics\/SVG\/1.1\/DTD\/svg11.dtd\"><svg t=\"1710850830994\" class=\"icon\" viewbox=\"0 0 1024 1024\" version=\"1.1\" xmlns=\"http:\/\/www.w3.org\/2000\/svg\" p-id=\"1735\" xmlns:xlink=\"http:\/\/www.w3.org\/1999\/xlink\" width=\"200\" height=\"200\"><path d=\"M735.168 112H288.832a80 80 0 0 0-65.92 34.688l-152.448 221.76a80 80 0 0 0 5.44 97.696L451.584 899.52a80 80 0 0 0 120.896 0l375.616-433.376a80 80 0 0 0 5.472-97.728l-152.448-221.76a80 80 0 0 0-65.92-34.656z m-8.448 96l140.672 204.608L512 822.688 156.576 412.608 297.248 208H726.72z m-32.768 215.552l24.512 20.544a32 32 0 0 1 3.936 45.12l-110.304 131.456a32 32 0 0 1-45.12 3.936l-24.48-20.576a32 32 0 0 1-3.968-45.056l110.336-131.52a32 32 0 0 1 45.088-3.904z\" fill=\"#333333\" p-id=\"1736\"><\/path><\/svg>\t\t\t\t\t<\/div>\n\t\t\t\t<\/div>\n\t\t\t<\/div>\n\t\t\t\t<div class=\"icon-box-text last-reset\">\n\t\t\t\t\t\t\t\t\t\n\n\t<div id=\"text-1603927019\" class=\"text\">\n\t\t\n\n<h3>Calidad premium<\/h3>\n\t\t\n<style>\n#text-1603927019 {\n  text-align: center;\n}\n<\/style>\n\t<\/div>\n\t\n\n\t\t<\/div>\n\t<\/div>\n\t\n\t\n<div class=\"is-divider divider clearfix\" style=\"margin-top:15px;margin-bottom:15px;max-width:50px;background-color:rgb(255, 255, 255);\"><\/div>\n\n<p>Nos asociamos con l\u00edderes de la industria y utilizamos materiales de primer nivel para un rendimiento duradero.<\/p>\n\n\t\t<\/div>\n\t\t\t\t\t<\/div>\n\n\t\n\n\t<div id=\"col-544240789\" class=\"col medium-4 small-12 large-4\"  >\n\t\t\t\t<div class=\"col-inner text-center\"  >\n\t\t\t\n\t\t\t\n\n\n\t\t<div class=\"icon-box featured-box icon-box-top text-left\"  >\n\t\t\t\t\t<div class=\"icon-box-img\" style=\"width: 48px\">\n\t\t\t\t<div class=\"icon\">\n\t\t\t\t\t<div class=\"icon-inner\" >\n\t\t\t\t\t\t<?xml version=\"1.0\" standalone=\"no\"?><!DOCTYPE svg PUBLIC \"-\/\/W3C\/\/DTD SVG 1.1\/\/EN\" \"http:\/\/www.w3.org\/Graphics\/SVG\/1.1\/DTD\/svg11.dtd\"><svg t=\"1710850912569\" class=\"icon\" viewbox=\"0 0 1024 1024\" version=\"1.1\" xmlns=\"http:\/\/www.w3.org\/2000\/svg\" p-id=\"2819\" xmlns:xlink=\"http:\/\/www.w3.org\/1999\/xlink\" width=\"200\" height=\"200\"><path d=\"M833.3 515.33l159.09-159.1c43-43 43-111.8 0-150.49L824.7 38.04c-38.7-38.7-111.8-38.7-150.5 0L515.11 197.13 356.02 38.04c-38.7-38.7-111.79-38.7-150.49 0l-167.7 167.7c-43 43-43 111.8 0 150.49l159.09 159.1-68.8 64.5c-12.9 12.9-21.5 25.8-25.8 43L7.73 885.11c-12.9 34.4-4.3 68.8 12.9 94.6 21.5 25.8 51.59 43 86 43 12.9 0 21.5 0 34.4-4.3l262.29-94.6c17.2-4.3 30.1-12.9 43-25.8l64.5-64.5L669.91 992.6c21.5 21.5 47.3 30.1 77.4 30.1 30.1 0 55.9-12.9 77.4-30.1L992.4 824.9c43-43 43-111.79 0-150.49L833.3 515.33zM761.61 89.64c4.3 0 12.9 4.3 17.2 4.3l167.69 167.7c8.6 8.6 8.6 21.5 0 30.09l-60.2 60.2-197.79-197.79 60.2-60.2c-0.01 0 4.29-4.3 12.9-4.3zM211.23 399.23l77.39-77.4c12.9-12.9 12.9-34.4 0-47.3-12.9-12.9-34.4-12.9-47.3 0l-77.39 77.4-55.9-55.9c-8.6-8.6-8.6-21.5 0-30.1l167.7-167.69c4.3-4.3 8.6-4.3 17.2-4.3s12.9 4.3 17.2 4.3l154.8 159.09-197.8 197.79-55.9-55.89z m189.19 442.88s-4.3 4.3-8.6 4.3l-262.29 94.6c-8.6 4.3-17.2 0-21.5-8.6-4.3-4.3-4.3-8.6-4.3-17.2l94.6-262.29c0-4.3 4.3-4.3 4.3-8.6l438.58-438.58L839 403.53l-86 86-257.99 257.98-94.59 94.6z m541.78-77.39L774.5 932.41c-8.6 8.6-21.5 8.6-30.1 0l-55.9-55.89 77.4-77.4c12.9-12.9 12.9-34.4 0-47.3-12.9-12.9-34.4-12.9-47.3 0l-77.4 77.4-55.89-55.9 197.79-197.8 159.1 159.1c8.6 8.6 8.6 21.49 0 30.1z m0 0\" fill=\"#333333\" p-id=\"2820\"><\/path><\/svg>\t\t\t\t\t<\/div>\n\t\t\t\t<\/div>\n\t\t\t<\/div>\n\t\t\t\t<div class=\"icon-box-text last-reset\">\n\t\t\t\t\t\t\t\t\t\n\n\t<div id=\"text-1185371427\" class=\"text\">\n\t\t\n\n<h3>Personalizaci\u00f3n<\/h3>\n\t\t\n<style>\n#text-1185371427 {\n  text-align: center;\n}\n<\/style>\n\t<\/div>\n\t\n\n\t\t<\/div>\n\t<\/div>\n\t\n\t\n<div class=\"is-divider divider clearfix\" style=\"margin-top:15px;margin-bottom:15px;max-width:50px;background-color:rgb(255, 255, 255);\"><\/div>\n\n<p>Adaptado a sus preferencias, desde la estructura y el color del c\u00e9sped hasta complejos detalles de dise\u00f1o.<\/p>\n\n\t\t<\/div>\n\t\t\t\t\t<\/div>\n\n\t\n\n\t<div id=\"col-1006389387\" class=\"col medium-4 small-12 large-4\"  >\n\t\t\t\t<div class=\"col-inner text-center\"  >\n\t\t\t\n\t\t\t\n\n\n\t\t<div class=\"icon-box featured-box icon-box-top text-left\"  >\n\t\t\t\t\t<div class=\"icon-box-img\" style=\"width: 48px\">\n\t\t\t\t<div class=\"icon\">\n\t\t\t\t\t<div class=\"icon-inner\" >\n\t\t\t\t\t\t<?xml version=\"1.0\" standalone=\"no\"?><!DOCTYPE svg PUBLIC \"-\/\/W3C\/\/DTD SVG 1.1\/\/EN\" \"http:\/\/www.w3.org\/Graphics\/SVG\/1.1\/DTD\/svg11.dtd\"><svg t=\"1710850979480\" class=\"icon\" viewbox=\"0 0 1064 1024\" version=\"1.1\" xmlns=\"http:\/\/www.w3.org\/2000\/svg\" p-id=\"3849\" xmlns:xlink=\"http:\/\/www.w3.org\/1999\/xlink\" width=\"207.8125\" height=\"200\"><path d=\"M532.8 582.4c-12.8 0-25.6-6.4-38.4-12.8L20.8 332.8l-6.4-6.4c-19.2-19.2-19.2-57.6 0-76.8l6.4-6.4L494.4 6.4c12.8 0 25.6-6.4 38.4-6.4 12.8 0 25.6 6.4 32 12.8l473.6 236.8 6.4 6.4c19.2 19.2 19.2 57.6 0 76.8l-6.4 6.4-473.6 230.4c-6.4 6.4-19.2 12.8-32 12.8zM78.4 288L532.8 512l454.4-224L532.8 64 78.4 288z\" p-id=\"3850\"><\/path><path d=\"M532.8 800c-12.8 0-25.6-6.4-32-12.8L27.2 556.8c-19.2-6.4-25.6-25.6-19.2-38.4 6.4-12.8 25.6-25.6 38.4-12.8l473.6 236.8 473.6-236.8c12.8-6.4 32 0 38.4 12.8 6.4 12.8 0 32-12.8 38.4l-473.6 230.4c12.8 12.8 0 12.8-12.8 12.8z\" p-id=\"3851\"><\/path><path d=\"M532.8 1024c-12.8 0-25.6-6.4-32-12.8L27.2 780.8c-12.8-6.4-25.6-25.6-12.8-38.4s25.6-25.6 38.4-12.8L526.4 960l473.6-236.8c12.8-6.4 32 0 44.8 12.8s0 32-12.8 44.8l-473.6 230.4c0 6.4-12.8 12.8-25.6 12.8z\" p-id=\"3852\"><\/path><\/svg>\t\t\t\t\t<\/div>\n\t\t\t\t<\/div>\n\t\t\t<\/div>\n\t\t\t\t<div class=\"icon-box-text last-reset\">\n\t\t\t\t\t\t\t\t\t\n\n\t<div id=\"text-3188490329\" class=\"text\">\n\t\t\n\n<h3>Ventanilla \u00fanica<\/h3>\n\t\t\n<style>\n#text-3188490329 {\n  text-align: center;\n}\n<\/style>\n\t<\/div>\n\t\n\n\t\t<\/div>\n\t<\/div>\n\t\n\t\n<div class=\"is-divider divider clearfix\" style=\"margin-top:15px;margin-bottom:15px;max-width:50px;background-color:rgb(255, 255, 255);\"><\/div>\n\n<p>Soluciones completas para pistas de p\u00e1del, incluyendo piezas de instalaci\u00f3n, cubiertas y todos los productos relacionados.<\/p>\n\n\t\t<\/div>\n\t\t\t\t\t<\/div>\n\n\t\n\n<\/div>\n\n\t\t<\/div>\n\n\t\t\n<style>\n#section_2123416528 {\n  padding-top: 50px;\n  padding-bottom: 50px;\n  background-color: rgb(32, 32, 32);\n}\n<\/style>\n\t<\/section>\n\t\n\n\t<section class=\"section\" id=\"section_960455374\">\n\t\t<div class=\"section-bg fill\" >\n\t\t\t\t\t\t\t\t\t\n\t\t\t\n\n\t\t<\/div>\n\n\t\t\n\n\t\t<div class=\"section-content relative\">\n\t\t\t\n\n<div class=\"row\" style=\"max-width:1300px\" id=\"row-1113568539\">\n\n\n\t<div id=\"col-184870102\" class=\"col medium-11 small-12 large-9\"  >\n\t\t\t\t<div class=\"col-inner\"  >\n\t\t\t\n\t\t\t\n\n\n  <div class=\"banner has-hover\" id=\"banner-373483226\">\n          <div class=\"banner-inner fill\">\n        <div class=\"banner-bg fill\" >\n            <img loading=\"lazy\" decoding=\"async\" width=\"1020\" height=\"764\" src=\"https:\/\/thepadelkit.com\/wp-content\/uploads\/2024\/03\/Arturf-Padel-Court-China-02.jpg\" class=\"bg attachment-large size-large\" alt=\"\" \/>                                    \n                    <\/div>\n\t\t\n        <div class=\"banner-layers container\">\n            <div class=\"fill banner-link\"><\/div>            \n\n   <div id=\"text-box-91376706\" class=\"text-box banner-layer x50 md-x50 lg-x50 y50 md-y50 lg-y50 res-text\">\n                                <div class=\"text-box-content text dark\">\n              \n              <div class=\"text-inner text-center\">\n                  \n\n\n              <\/div>\n           <\/div>\n                            \n<style>\n#text-box-91376706 {\n  width: 60%;\n}\n#text-box-91376706 .text-box-content {\n  font-size: 100%;\n}\n@media (min-width:550px) {\n  #text-box-91376706 {\n    width: 60%;\n  }\n}\n<\/style>\n    <\/div>\n \n\n        <\/div>\n      <\/div>\n\n            \n<style>\n#banner-373483226 {\n  padding-top: 300px;\n  background-color: rgb(255, 255, 255);\n}\n#banner-373483226 .banner-bg img {\n  object-position: 44% 100%;\n}\n@media (min-width:550px) {\n  #banner-373483226 {\n    padding-top: 400px;\n  }\n}\n@media (min-width:850px) {\n  #banner-373483226 {\n    padding-top: 500px;\n  }\n}\n<\/style>\n  <\/div>\n\n\n\n\t\t<\/div>\n\t\t\t\t\t<\/div>\n\n\t\n\n<\/div>\n<div class=\"row align-right\" style=\"max-width:1300px\" id=\"row-1289690152\">\n\n\n\t<div id=\"col-1213547061\" class=\"col medium-10 small-12 large-6\"  >\n\t\t\t\t<div class=\"col-inner\"  >\n\t\t\t\n\t\t\t\n\n<div class=\"row\"  id=\"row-1923046179\">\n\n\n\t<div id=\"col-796434411\" class=\"col medium-4 small-12 large-4\"  >\n\t\t\t\t<div class=\"col-inner\"  >\n\t\t\t\n\t\t\t\n\n\t<div id=\"text-3150957299\" class=\"text\">\n\t\t\n\n<h3><span class=\"count-up\">800+<\/span><\/h3>\n\t\t\n<style>\n#text-3150957299 {\n  font-size: 1.5rem;\n  text-align: left;\n}\n<\/style>\n\t<\/div>\n\t\n<div class=\"is-divider divider clearfix\" style=\"margin-top:15px;margin-bottom:15px;max-width:50px;background-color:rgb(39, 54, 71);\"><\/div>\n\n<p>Pistas de p\u00e1del instaladas en todo el mundo<\/p>\n\n\t\t<\/div>\n\t\t\t\t\t<\/div>\n\n\t\n\n\t<div id=\"col-1528732704\" class=\"col medium-4 small-12 large-4\"  >\n\t\t\t\t<div class=\"col-inner\"  >\n\t\t\t\n\t\t\t\n\n\t<div id=\"text-3992367369\" class=\"text\">\n\t\t\n\n<h3><span class=\"count-up\">13<\/span><\/h3>\n\t\t\n<style>\n#text-3992367369 {\n  font-size: 1.5rem;\n  text-align: left;\n}\n<\/style>\n\t<\/div>\n\t\n<div class=\"is-divider divider clearfix\" style=\"margin-top:15px;margin-bottom:15px;max-width:50px;background-color:rgb(39, 54, 71);\"><\/div>\n\n<p>Naciones servidas y contando<\/p>\n\n\t\t<\/div>\n\t\t\t\t\t<\/div>\n\n\t\n\n\t<div id=\"col-113973009\" class=\"col medium-4 small-12 large-4\"  >\n\t\t\t\t<div class=\"col-inner\"  >\n\t\t\t\n\t\t\t\n\n\t<div id=\"text-2992064240\" class=\"text\">\n\t\t\n\n<h3><span class=\"count-up\">6<\/span><\/h3>\n\t\t\n<style>\n#text-2992064240 {\n  font-size: 1.5rem;\n  text-align: left;\n}\n<\/style>\n\t<\/div>\n\t\n<div class=\"is-divider divider clearfix\" style=\"margin-top:15px;margin-bottom:15px;max-width:50px;background-color:rgb(39, 54, 71);\"><\/div>\n\n<p>A\u00f1os de Experiencia en Pistas de P\u00e1del<\/p>\n\n\t\t<\/div>\n\t\t\t\t\t<\/div>\n\n\t\n\n<\/div>\n\n\t\t<\/div>\n\t\t\t\t\t<\/div>\n\n\t\n\n\t<div id=\"col-1540216311\" class=\"col medium-10 small-12 large-6 medium-col-first\"  >\n\t\t\t\t<div class=\"col-inner\" style=\"background-color:rgb(233, 233, 233);\" >\n\t\t\t\n\t\t\t\n\n\t<div id=\"text-1375155534\" class=\"text\">\n\t\t\n\n<h2>Bienvenido a nuestra experiencia<\/h2>\n\t\t\n<style>\n#text-1375155534 {\n  font-size: 1.25rem;\n}\n<\/style>\n\t<\/div>\n\t\n<p>Con sede en China y env\u00edos a todo el mundo, le invitamos a explorar nuestra experiencia. Ya sea que est\u00e9 estableciendo canchas de p\u00e1del para alquiler o centros deportivos gubernamentales, ofrecemos soluciones personalizadas. En estrecha colaboraci\u00f3n con sus ingenieros o dise\u00f1adores, personalizamos paquetes \u00fanicos para satisfacer sus necesidades. Conf\u00ede en nuestro compromiso de ofrecer productos de calidad y alto rendimiento. Cont\u00e1ctenos hoy para discutir las necesidades de su proyecto.<\/p>\n<a href=\"https:\/\/thepadelkit.com\/es\/contacto\/\" class=\"button secondary is-underline\"  >\n\t\t<span>Ponerse en contacto<\/span>\n\t<\/a>\n\n\n\n\t\t<\/div>\n\t\t\t\t\n<style>\n#col-1540216311 > .col-inner {\n  padding: 40px 40px 40px 40px;\n  margin: -50px 0px 0px 0px;\n}\n@media (min-width:550px) {\n  #col-1540216311 > .col-inner {\n    padding: 50px 50px 50px 50px;\n    margin: -110px 0px 0px 0px;\n  }\n}\n@media (min-width:850px) {\n  #col-1540216311 > .col-inner {\n    margin: -210px 0px 0px 0px;\n  }\n}\n<\/style>\n\t<\/div>\n\n\t\n\n<\/div>\n\n\t\t<\/div>\n\n\t\t\n<style>\n#section_960455374 {\n  padding-top: 65px;\n  padding-bottom: 65px;\n}\n@media (min-width:850px) {\n  #section_960455374 {\n    padding-top: 100px;\n    padding-bottom: 100px;\n  }\n}\n<\/style>\n\t<\/section>","protected":false},"excerpt":{"rendered":"","protected":false},"author":1,"featured_media":0,"parent":0,"menu_order":0,"comment_status":"closed","ping_status":"closed","template":"page-blank.php","meta":{"_seopress_robots_primary_cat":"0","_seopress_titles_title":"Premium Padel Courts: Manufacturer in China","_seopress_titles_desc":"Discover premium padel court packages for your dream court. Tailored solutions, top-tier materials, and expert craftsmanship. Based in China with 6 years of experience.","_seopress_robots_index":"","footnotes":""},"class_list":["post-22","page","type-page","status-publish","hentry"],"_links":{"self":[{"href":"https:\/\/thepadelkit.com\/es\/wp-json\/wp\/v2\/pages\/22","targetHints":{"allow":["GET"]}}],"collection":[{"href":"https:\/\/thepadelkit.com\/es\/wp-json\/wp\/v2\/pages"}],"about":[{"href":"https:\/\/thepadelkit.com\/es\/wp-json\/wp\/v2\/types\/page"}],"author":[{"embeddable":true,"href":"https:\/\/thepadelkit.com\/es\/wp-json\/wp\/v2\/users\/1"}],"replies":[{"embeddable":true,"href":"https:\/\/thepadelkit.com\/es\/wp-json\/wp\/v2\/comments?post=22"}],"version-history":[{"count":0,"href":"https:\/\/thepadelkit.com\/es\/wp-json\/wp\/v2\/pages\/22\/revisions"}],"wp:attachment":[{"href":"https:\/\/thepadelkit.com\/es\/wp-json\/wp\/v2\/media?parent=22"}],"curies":[{"name":"wp","href":"https:\/\/api.w.org\/{rel}","templated":true}]}}