{"id":518,"date":"2024-04-18T01:53:16","date_gmt":"2024-04-18T01:53:16","guid":{"rendered":"https:\/\/thepadelkit.com\/?page_id=518"},"modified":"2024-04-21T02:18:52","modified_gmt":"2024-04-21T02:18:52","slug":"canopy","status":"publish","type":"page","link":"https:\/\/thepadelkit.com\/de\/uberdachung\/","title":{"rendered":"\u00dcberdachung"},"content":{"rendered":"<section class=\"section\" id=\"section_1204342178\">\n\t\t<div class=\"section-bg fill\" >\n\t\t\t\t\t\t\t\t\t\n\t\t\t\n\n\t\t<\/div>\n\n\t\t\n\n\t\t<div class=\"section-content relative\">\n\t\t\t\n\n<div class=\"row align-center\"  id=\"row-1145087612\">\n\n\n\t<div id=\"col-360691846\" class=\"col medium-9 small-11 large-8\"  >\n\t\t\t\t<div class=\"col-inner text-center\"  >\n\t\t\t\n\t\t\t\n\n<h1>Padel Court-\u00dcberdachungen: So ist das ganze Jahr \u00fcber Spa\u00df garantiert<\/h1>\n<p class=\"lead\">ThePadelKit Padel-Court-\u00dcberdachungen bieten im Gegensatz zu aufblasbaren Optionen dauerhaften Schutz vor den Elementen. Unsere statischen Installationen bieten eine dauerhafte, wetterfeste Abdeckung und sorgen f\u00fcr unterbrechungsfreies Spielen. Mit ma\u00dfgeschneiderten L\u00f6sungen, die auf die Bed\u00fcrfnisse jedes Veranstaltungsortes zugeschnitten sind, garantiert ThePadelKit einen nahtlosen Auswahl- und Installationsprozess und hebt das Spielerlebnis im Freien auf ein neues Niveau.<\/p>\n\n\t\t<\/div>\n\t\t\t\t\n<style>\n#col-360691846 > .col-inner {\n  padding: 60px 0px 60px 0px;\n}\n<\/style>\n\t<\/div>\n\n\t\n\n<\/div>\n\n\t\t<\/div>\n\n\t\t\n<style>\n#section_1204342178 {\n  padding-top: 30px;\n  padding-bottom: 30px;\n}\n<\/style>\n\t<\/section>\n\t\n\n\t<section class=\"section dark\" id=\"section_1809882714\">\n\t\t<div class=\"section-bg fill\" >\n\t\t\t\t\t\t\t\t\t\n\t\t\t\n\n\t\t<\/div>\n\n\t\t\n\n\t\t<div class=\"section-content relative\">\n\t\t\t\n\n<div class=\"row row-large align-middle align-center\"  id=\"row-1892361874\">\n\n\n\t<div id=\"col-1724893852\" class=\"col medium-10 small-12 large-6\"  >\n\t\t\t\t<div class=\"col-inner\"  >\n\t\t\t\n\t\t\t\n\n\n  <div class=\"banner has-hover\" id=\"banner-1209832259\">\n          <div class=\"banner-inner fill\">\n        <div class=\"banner-bg fill\" >\n            <img loading=\"lazy\" decoding=\"async\" width=\"1000\" height=\"750\" src=\"https:\/\/thepadelkit.com\/wp-content\/uploads\/2024\/03\/Padel-Court-Structure-Integrated-Roofing.jpg\" class=\"bg attachment-large size-large\" alt=\"\" \/>                                    \n                    <\/div>\n\t\t\n        <div class=\"banner-layers container\">\n            <div class=\"fill banner-link\"><\/div>            \n\n   <div id=\"text-box-1241912079\" class=\"text-box banner-layer x50 md-x50 lg-x50 y50 md-y50 lg-y50 res-text\">\n                                <div class=\"text-box-content text dark\">\n              \n              <div class=\"text-inner text-center\">\n                  \n\n\n              <\/div>\n           <\/div>\n                            \n<style>\n#text-box-1241912079 {\n  width: 60%;\n}\n#text-box-1241912079 .text-box-content {\n  font-size: 100%;\n}\n@media (min-width:550px) {\n  #text-box-1241912079 {\n    width: 60%;\n  }\n}\n<\/style>\n    <\/div>\n \n\n        <\/div>\n      <\/div>\n\n            \n<style>\n#banner-1209832259 {\n  padding-top: 350px;\n}\n@media (min-width:550px) {\n  #banner-1209832259 {\n    padding-top: 99.99%;\n  }\n}\n<\/style>\n  <\/div>\n\n\n\n\t\t<\/div>\n\t\t\t\t\t<\/div>\n\n\t\n\n\t<div id=\"col-733733926\" class=\"col medium-10 small-12 large-6\"  >\n\t\t\t\t<div class=\"col-inner\"  >\n\t\t\t\n\t\t\t\n\n\n\t\t<div class=\"icon-box featured-box icon-box-left text-left\"  style=\"margin:0px 0px 30px 0px;\">\n\t\t\t\t<div class=\"icon-box-text last-reset\">\n\t\t\t\t\t\t\t\t\t\n\n<h3>\u00dcberdachung in Padel Court-Pfeilern integriert<\/h3>\n<p>Erleben Sie eine nahtlose Integration mit unseren \u00dcberdachungsl\u00f6sungen, die direkt in die Padel-Court-Pfeiler integriert sind. Diese \u00dcberdachungen bieten ein schlankes und einheitliches Design, optimalen Schutz vor den Elementen und verbessern gleichzeitig die \u00c4sthetik Ihres Padel-Courts. Genie\u00dfen Sie ungest\u00f6rtes Spielen unter der langlebigen Allwetterabdeckung, die unsere in die Padel-Court-Pfeiler integrierten \u00dcberdachungen bieten.<\/p>\n\n\t\t<\/div>\n\t<\/div>\n\t\n\t\n\n\t\t<\/div>\n\t\t\t\t\n<style>\n#col-733733926 > .col-inner {\n  padding: 20px 0px 0px 0px;\n}\n<\/style>\n\t<\/div>\n\n\t\n\n<\/div>\n\t<div id=\"gap-1922440555\" class=\"gap-element clearfix\" style=\"display:block; height:auto;\">\n\t\t\n<style>\n#gap-1922440555 {\n  padding-top: 30px;\n}\n<\/style>\n\t<\/div>\n\t\n\n<div class=\"row row-large align-middle align-center\"  id=\"row-1368966046\">\n\n\n\t<div id=\"col-1375390042\" class=\"col medium-10 small-12 large-6\"  >\n\t\t\t\t<div class=\"col-inner\"  >\n\t\t\t\n\t\t\t\n\n<div class=\"row\"  id=\"row-97699161\">\n\n\n\t<div id=\"col-1183331061\" class=\"col small-12 large-12\"  >\n\t\t\t\t<div class=\"col-inner\"  >\n\t\t\t\n\t\t\t\n\n<h3>\u00dcberdachung vom Padelplatz getrennt<\/h3>\n<p>Maximieren Sie die Flexibilit\u00e4t mit unseren \u00dcberdachungsl\u00f6sungen, die von der Padel-Court-Struktur getrennt sind. Diese auf Vielseitigkeit ausgelegten \u00dcberdachungen bieten anpassbare Abdeckungsoptionen, die auf die spezifischen Anforderungen Ihres Veranstaltungsortes zugeschnitten sind. Erleben Sie ungest\u00f6rtes Spielen bei allen Wetterbedingungen mit unseren langlebigen \u00dcberdachungsinstallationen, die strategisch platziert sind, um zuverl\u00e4ssigen Schutz zu bieten, ohne die Integrit\u00e4t Ihres Padel-Court-Layouts zu beeintr\u00e4chtigen.<\/p>\n\n\t\t<\/div>\n\t\t\t\t\t<\/div>\n\n\t\n\n<\/div>\n\n\t\t<\/div>\n\t\t\t\t\n<style>\n#col-1375390042 > .col-inner {\n  padding: 20px 0px 0px 0px;\n}\n<\/style>\n\t<\/div>\n\n\t\n\n\t<div id=\"col-1682880979\" class=\"col medium-10 small-12 large-6 medium-col-first\"  >\n\t\t\t\t<div class=\"col-inner\"  >\n\t\t\t\n\t\t\t\n\n\n  <div class=\"banner has-hover\" id=\"banner-1689677965\">\n          <div class=\"banner-inner fill\">\n        <div class=\"banner-bg fill\" >\n            <img loading=\"lazy\" decoding=\"async\" width=\"1000\" height=\"750\" src=\"https:\/\/thepadelkit.com\/wp-content\/uploads\/2024\/03\/Padel-Court-Roof.jpg\" class=\"bg attachment-large size-large\" alt=\"\" \/>                                    \n                    <\/div>\n\t\t\n        <div class=\"banner-layers container\">\n            <div class=\"fill banner-link\"><\/div>            \n\n   <div id=\"text-box-948906221\" class=\"text-box banner-layer x50 md-x50 lg-x50 y50 md-y50 lg-y50 res-text\">\n                                <div class=\"text-box-content text dark\">\n              \n              <div class=\"text-inner text-center\">\n                  \n\n\n              <\/div>\n           <\/div>\n                            \n<style>\n#text-box-948906221 {\n  width: 60%;\n}\n#text-box-948906221 .text-box-content {\n  font-size: 100%;\n}\n@media (min-width:550px) {\n  #text-box-948906221 {\n    width: 60%;\n  }\n}\n<\/style>\n    <\/div>\n \n\n        <\/div>\n      <\/div>\n\n            \n<style>\n#banner-1689677965 {\n  padding-top: 350px;\n}\n#banner-1689677965 .banner-bg img {\n  object-position: 31% 100%;\n}\n@media (min-width:550px) {\n  #banner-1689677965 {\n    padding-top: 99.99%;\n  }\n}\n<\/style>\n  <\/div>\n\n\n\n\t\t<\/div>\n\t\t\t\t\t<\/div>\n\n\t\n\n<\/div>\n\t<div id=\"gap-793674312\" class=\"gap-element clearfix\" style=\"display:block; height:auto;\">\n\t\t\n<style>\n#gap-793674312 {\n  padding-top: 60px;\n}\n<\/style>\n\t<\/div>\n\t\n\n\n\t\t<\/div>\n\n\t\t\n<style>\n#section_1809882714 {\n  padding-top: 50px;\n  padding-bottom: 50px;\n  background-color: rgb(190, 102, 71);\n}\n@media (min-width:550px) {\n  #section_1809882714 {\n    padding-top: 80px;\n    padding-bottom: 80px;\n  }\n}\n<\/style>\n\t<\/section>\n\t\n\n\t<section class=\"section dark\" id=\"section_2118726788\">\n\t\t<div class=\"section-bg fill\" >\n\t\t\t\t\t\t\t\t\t\n\t\t\t\n\n\t\t<\/div>\n\n\t\t\n\n\t\t<div class=\"section-content relative\">\n\t\t\t\n\n\t<div id=\"gap-400479319\" class=\"gap-element clearfix\" style=\"display:block; height:auto;\">\n\t\t\n<style>\n#gap-400479319 {\n  padding-top: 30px;\n}\n<\/style>\n\t<\/div>\n\t\n\n<div class=\"row\"  id=\"row-1582003197\">\n\n\n\t<div id=\"col-954724254\" class=\"col small-12 large-12\"  >\n\t\t\t\t<div class=\"col-inner text-center\"  >\n\t\t\t\n\t\t\t\n\n\t<div id=\"text-1831527363\" class=\"text\">\n\t\t\n\n<h2>Benutzerdefinierte Optionen<\/h2>\n\t\t\n<style>\n#text-1831527363 {\n  font-size: 1.75rem;\n}\n<\/style>\n\t<\/div>\n\t\n\n\t\t<\/div>\n\t\t\t\t\t<\/div>\n\n\t\n\n<\/div>\n<div class=\"row row-large\"  id=\"row-164695932\">\n\n\n\t<div id=\"col-1700659643\" class=\"col medium-4 small-12 large-4\"  >\n\t\t\t\t<div class=\"col-inner text-center\"  >\n\t\t\t\n\t\t\t\n\n\n\t\t<div class=\"icon-box featured-box icon-box-center text-center\"  >\n\t\t\t\t<div class=\"icon-box-text last-reset\">\n\t\t\t\t\t\t\t\t\t\n\n\t<div id=\"text-1138410927\" class=\"text\">\n\t\t\n\n<h3>Struktureller Stil<\/h3>\n\t\t\n<style>\n#text-1138410927 {\n  font-size: 1.25rem;\n}\n<\/style>\n\t<\/div>\n\t\n\n\t\t<\/div>\n\t<\/div>\n\t\n\t\n<p>W\u00e4hlen Sie vorgefertigte Optionen oder passen Sie sie Ihren W\u00fcnschen und bereitgestellten Bildern f\u00fcr individuelle Anforderungen an.<\/p>\n\n\t\t<\/div>\n\t\t\t\t\t<\/div>\n\n\t\n\n\t<div id=\"col-1714348122\" class=\"col medium-4 small-12 large-4\"  >\n\t\t\t\t<div class=\"col-inner text-center\"  >\n\t\t\t\n\t\t\t\n\n\n\t\t<div class=\"icon-box featured-box icon-box-center text-center\"  >\n\t\t\t\t<div class=\"icon-box-text last-reset\">\n\t\t\t\t\t\t\t\t\t\n\n\t<div id=\"text-3401301158\" class=\"text\">\n\t\t\n\n<h3>Strukturfarbe<\/h3>\n\t\t\n<style>\n#text-3401301158 {\n  font-size: 1.25rem;\n}\n<\/style>\n\t<\/div>\n\t\n\n\t\t<\/div>\n\t<\/div>\n\t\n\t\n<p>\u00a0Passen Sie die Farbe des Baldachins den Kundenvorlieben, der Farbe des Padel-Platzes und der Umgebung an.<\/p>\n\n\t\t<\/div>\n\t\t\t\t\t<\/div>\n\n\t\n\n\t<div id=\"col-849818758\" class=\"col medium-4 small-12 large-4\"  >\n\t\t\t\t<div class=\"col-inner text-center\"  >\n\t\t\t\n\t\t\t\n\n\n\t\t<div class=\"icon-box featured-box icon-box-center text-center\"  >\n\t\t\t\t<div class=\"icon-box-text last-reset\">\n\t\t\t\t\t\t\t\t\t\n\n\t<div id=\"text-3360528886\" class=\"text\">\n\t\t\n\n<h3>Bezugsmaterial<\/h3>\n\t\t\n<style>\n#text-3360528886 {\n  font-size: 1.25rem;\n}\n<\/style>\n\t<\/div>\n\t\n\n\t\t<\/div>\n\t<\/div>\n\t\n\t\n<p>W\u00e4hlen Sie zwischen strapazierf\u00e4higem PVC-Gewebe oder langlebigem PVDF, beides ideal f\u00fcr ein Paddeldach, da es Haltbarkeit und Wetterbest\u00e4ndigkeit gew\u00e4hrleistet.<\/p>\n\n\t\t<\/div>\n\t\t\t\t\t<\/div>\n\n\t\n\n<\/div>\n\n\t\t<\/div>\n\n\t\t\n<style>\n#section_2118726788 {\n  padding-top: 45px;\n  padding-bottom: 45px;\n  background-color: rgb(93, 93, 94);\n}\n@media (min-width:550px) {\n  #section_2118726788 {\n    padding-top: 65px;\n    padding-bottom: 65px;\n  }\n}\n@media (min-width:850px) {\n  #section_2118726788 {\n    padding-top: 90px;\n    padding-bottom: 90px;\n  }\n}\n<\/style>\n\t<\/section>\n\t\n\n\t<section class=\"section\" id=\"section_1665431861\">\n\t\t<div class=\"section-bg fill\" >\n\t\t\t\t\t\t\t\t\t\n\t\t\t\n\n\t\t<\/div>\n\n\t\t\n\n\t\t<div class=\"section-content relative\">\n\t\t\t\n\n<div class=\"row align-center\"  id=\"row-734220819\">\n\n\n\t<div id=\"col-969254359\" class=\"col medium-8 small-11 large-8\"  >\n\t\t\t\t<div class=\"col-inner text-center\"  >\n\t\t\t\n\t\t\t\n\n<h2><span style=\"font-size: 120%;\">In Kontakt kommen<br \/><\/span><\/h2>\n<p>Teilen Sie uns Ihre Anforderungen mit und unser engagiertes Verkaufsteam wird Ihnen umgehend weiterhelfen. Als vertrauensw\u00fcrdiger Padel-Platzhersteller mit Sitz in China empfehlen wir eine Mindestbestellmenge von zwei Pl\u00e4tzen f\u00fcr eine optimale Containerversandeffizienz.<\/p>\n\t<div id=\"gap-1055168182\" class=\"gap-element clearfix\" style=\"display:block; height:auto;\">\n\t\t\n<style>\n#gap-1055168182 {\n  padding-top: 20px;\n}\n<\/style>\n\t<\/div>\n\t\n\n<div class=\"forminator-ui forminator-custom-form forminator-custom-form-100 forminator-design--default  forminator_ajax\" data-forminator-render=\"0\" data-form=\"forminator-module-100\" data-uid=\"69e30e0538d7c\"><br\/><\/div><form\n\t\t\t\tid=\"forminator-module-100\"\n\t\t\t\tclass=\"forminator-ui forminator-custom-form forminator-custom-form-100 forminator-design--default  forminator_ajax\"\n\t\t\t\tmethod=\"post\"\n\t\t\t\tdata-forminator-render=\"0\"\n\t\t\t\tdata-form-id=\"100\"\n\t\t\t\t\n\t\t\t\tdata-design=\"default\"\n\t\t\t\t\n\t\t\t\t\n\t\t\t\t\n\t\t\t\tdata-grid=\"open\"\n\t\t\t\t\n\t\t\t\t\n\t\t\t\tstyle=\"display: none;\"\n\t\t\t\t\n\t\t\t\tdata-uid=\"69e30e0538d7c\" action=\"\"\n\t\t\t><div role=\"alert\" aria-live=\"polite\" class=\"forminator-response-message forminator-error\" aria-hidden=\"true\"><\/div><div class=\"forminator-row\"><div id=\"name-1\" class=\"forminator-field-name forminator-col forminator-col-12\"><div class=\"forminator-field\"><input type=\"text\" name=\"name-1\" value=\"\" placeholder=\"Ihr Name\" id=\"forminator-field-name-1_69e30e0538d7c\" class=\"forminator-input forminator-name--field\" aria-required=\"true\" \/><\/div><\/div><\/div><div class=\"forminator-row\"><div id=\"email-1\" class=\"forminator-field-email forminator-col forminator-col-12\"><div class=\"forminator-field\"><input type=\"email\" name=\"email-1\" value=\"\" placeholder=\"E-Mail-Adresse\" id=\"forminator-field-email-1_69e30e0538d7c\" class=\"forminator-input forminator-email--field\" data-required=\"true\" aria-required=\"true\" \/><\/div><\/div><\/div><div class=\"forminator-row\"><div id=\"phone-1\" class=\"forminator-field-phone forminator-col forminator-col-12\"><div class=\"forminator-field\"><input type=\"text\" name=\"phone-1\" value=\"\" placeholder=\"Telefonnummer\" id=\"forminator-field-phone-1_69e30e0538d7c\" class=\"forminator-input forminator-field--phone\" data-required=\"\" aria-required=\"false\" autocomplete=\"off\" \/><\/div><\/div><\/div><div class=\"forminator-row\"><div id=\"textarea-1\" class=\"forminator-field-textarea forminator-col forminator-col-12\"><div class=\"forminator-field\"><textarea name=\"textarea-1\" placeholder=\"Gib deine Nachricht ein...\" id=\"forminator-field-textarea-1_69e30e0538d7c\" class=\"forminator-textarea\" rows=\"6\" style=\"min-height:140px;\" maxlength=\"180\" ><\/textarea><span id=\"forminator-field-textarea-1_69e30e0538d7c-description\" class=\"forminator-description\"><span data-limit=\"180\" data-type=\"characters\" data-editor=\"\">0 \/ 180<\/span><\/span><\/div><\/div><\/div><div class=\"forminator-row\"><div id=\"captcha-1\" class=\"forminator-field-captcha forminator-col forminator-col-12\"><div class=\"forminator-captcha-left forminator-g-recaptcha recaptcha-invisible\" data-theme=\"light\" data-badge=\"bottomright\" data-sitekey=\"6LcAaaUqAAAAANTAfX6qVlxFYEeuxvQr2fwoo4Md\" data-size=\"invisible\"><\/div> <\/div><\/div><input type=\"hidden\" name=\"referer_url\" value=\"\" \/><div class=\"forminator-row forminator-row-last\"><div class=\"forminator-col\"><div class=\"forminator-field\"><button class=\"forminator-button forminator-button-submit\">Nachricht senden<\/button><\/div><\/div><\/div><input type=\"hidden\" id=\"forminator_nonce\" name=\"forminator_nonce\" value=\"258d22d7f5\" \/><input type=\"hidden\" name=\"_wp_http_referer\" value=\"\/de\/wp-json\/wp\/v2\/pages\/518\" \/><input type=\"hidden\" name=\"form_id\" value=\"100\"><input type=\"hidden\" name=\"page_id\" value=\"518\"><input type=\"hidden\" name=\"form_type\" value=\"default\"><input type=\"hidden\" name=\"current_url\" value=\"https:\/\/thepadelkit.com\/de\/uberdachung\/\"><input type=\"hidden\" name=\"render_id\" value=\"0\"><input type=\"hidden\" name=\"action\" value=\"forminator_submit_form_custom-forms\"><input type=\"hidden\" name=\"trp-form-language\" value=\"de\"\/><\/form>\n\n\t\t<\/div>\n\t\t\t\t\n<style>\n#col-969254359 > .col-inner {\n  margin: 40px 0px 0px 0px;\n}\n<\/style>\n\t<\/div>\n\n\t\n\n<\/div>\n\n\t\t<\/div>\n\n\t\t\n<style>\n#section_1665431861 {\n  padding-top: 60px;\n  padding-bottom: 60px;\n}\n<\/style>\n\t<\/section>","protected":false},"excerpt":{"rendered":"","protected":false},"author":1,"featured_media":0,"parent":0,"menu_order":0,"comment_status":"closed","ping_status":"closed","template":"page-blank.php","meta":{"_seopress_robots_primary_cat":"0","_seopress_titles_title":"Padel Court Canopies: Year-Round Protection","_seopress_titles_desc":"Explore ThePadelKit&#039;s static canopy solutions, providing durable, all-weather coverage for uninterrupted play. Choose from integrated or separated options tailored to your venue&#039;s needs, elevating outdoor gameplay experiences.","_seopress_robots_index":"","footnotes":""},"class_list":["post-518","page","type-page","status-publish","hentry"],"_links":{"self":[{"href":"https:\/\/thepadelkit.com\/de\/wp-json\/wp\/v2\/pages\/518","targetHints":{"allow":["GET"]}}],"collection":[{"href":"https:\/\/thepadelkit.com\/de\/wp-json\/wp\/v2\/pages"}],"about":[{"href":"https:\/\/thepadelkit.com\/de\/wp-json\/wp\/v2\/types\/page"}],"author":[{"embeddable":true,"href":"https:\/\/thepadelkit.com\/de\/wp-json\/wp\/v2\/users\/1"}],"replies":[{"embeddable":true,"href":"https:\/\/thepadelkit.com\/de\/wp-json\/wp\/v2\/comments?post=518"}],"version-history":[{"count":6,"href":"https:\/\/thepadelkit.com\/de\/wp-json\/wp\/v2\/pages\/518\/revisions"}],"predecessor-version":[{"id":590,"href":"https:\/\/thepadelkit.com\/de\/wp-json\/wp\/v2\/pages\/518\/revisions\/590"}],"wp:attachment":[{"href":"https:\/\/thepadelkit.com\/de\/wp-json\/wp\/v2\/media?parent=518"}],"curies":[{"name":"wp","href":"https:\/\/api.w.org\/{rel}","templated":true}]}}