{"id":485,"date":"2024-04-17T14:25:35","date_gmt":"2024-04-17T14:25:35","guid":{"rendered":"https:\/\/thepadelkit.com\/?page_id=485"},"modified":"2024-04-18T04:21:53","modified_gmt":"2024-04-18T04:21:53","slug":"scoreboard","status":"publish","type":"page","link":"https:\/\/thepadelkit.com\/de\/scoreboard\/","title":{"rendered":"Anzeigetafel"},"content":{"rendered":"<section class=\"section\" id=\"section_1482341659\">\n\t\t<div class=\"section-bg fill\" >\n\t\t\t\t\t\t\t\t\t\n\t\t\t\n\n\t\t<\/div>\n\n\t\t\n\n\t\t<div class=\"section-content relative\">\n\t\t\t\n\n<div class=\"row align-center\"  id=\"row-1693871154\">\n\n\n\t<div id=\"col-1976861623\" class=\"col medium-9 small-11 large-8\"  >\n\t\t\t\t<div class=\"col-inner text-center\"  >\n\t\t\t\n\t\t\t\n\n<h1>Verbessern Sie Ihre Padel- und Tennisspiele mit unserer tragbaren kabellosen LED-Anzeigetafel<\/h1>\n<p class=\"lead\">Verbessern Sie Ihr Tennis- und Padelspiel mit unserer tragbaren kabellosen 6-stelligen LED-Anzeigetafel. Mit den am Handgelenk bedienbaren Bedienelementen und der kabellosen Funktionalit\u00e4t ist sie perfekt f\u00fcr den Heim- oder professionellen Einsatz geeignet.<\/p>\n\n\t\t<\/div>\n\t\t\t\t\n<style>\n#col-1976861623 > .col-inner {\n  padding: 60px 0px 60px 0px;\n}\n<\/style>\n\t<\/div>\n\n\t\n\n<\/div>\n\n\t\t<\/div>\n\n\t\t\n<style>\n#section_1482341659 {\n  padding-top: 30px;\n  padding-bottom: 30px;\n}\n<\/style>\n\t<\/section>\n\t\n\n\t<section class=\"section dark\" id=\"section_272072417\">\n\t\t<div class=\"section-bg fill\" >\n\t\t\t\t\t\t\t\t\t<div class=\"section-bg-overlay absolute fill\"><\/div>\n\t\t\t\n\n\t\t<\/div>\n\n\t\t\n\n\t\t<div class=\"section-content relative\">\n\t\t\t\n\n<div class=\"row row-large align-middle align-center\"  id=\"row-1475703644\">\n\n\n\t<div id=\"col-111821516\" class=\"col medium-10 small-12 large-6\"  >\n\t\t\t\t<div class=\"col-inner\"  >\n\t\t\t\n\t\t\t\n\n\n  <div class=\"banner has-hover\" id=\"banner-105155692\">\n          <div class=\"banner-inner fill\">\n        <div class=\"banner-bg fill\" >\n            <img loading=\"lazy\" decoding=\"async\" width=\"800\" height=\"600\" src=\"https:\/\/thepadelkit.com\/wp-content\/uploads\/2024\/03\/Padel-Court-Score-Counter.jpg\" class=\"bg attachment-large size-large\" alt=\"\" \/>                                    \n                    <\/div>\n\t\t\n        <div class=\"banner-layers container\">\n            <div class=\"fill banner-link\"><\/div>            \n\n   <div id=\"text-box-349400320\" class=\"text-box banner-layer text-box-circle x5 md-x0 lg-x0 y5 md-y15 lg-y15 res-text\">\n                                <div class=\"text-box-content text box-shadow-3 dark\">\n              \n              <div class=\"text-inner text-center\">\n                  \n\n\t<div class=\"img has-hover circle x md-x lg-x y md-y lg-y\" id=\"image_995781419\">\n\t\t\t\t\t\t\t\t<div class=\"img-inner image-cover dark\" style=\"padding-top:100%;\">\n\t\t\t<img loading=\"lazy\" decoding=\"async\" width=\"1000\" height=\"750\" src=\"https:\/\/thepadelkit.com\/wp-content\/uploads\/2024\/03\/Watch-control-Scoreboard-for-PadelTennis.jpg\" class=\"attachment-large size-large\" alt=\"\" \/>\t\t\t\t\t\t\n\t\t\t\t\t<\/div>\n\t\t\t\t\t\t\t\t\n<style>\n#image_995781419 {\n  width: 100%;\n}\n<\/style>\n\t<\/div>\n\t\n\n\n              <\/div>\n           <\/div>\n                            \n<style>\n#text-box-349400320 {\n  margin: 0px 0px 0px 0pxx;\n  width: 38%;\n}\n#text-box-349400320 .text-box-content {\n  background-color: rgba(255, 249, 249, 0.86);\n  font-size: 100%;\n}\n#text-box-349400320 .text-inner {\n  padding: 5px 5px 5px 5px;\n}\n@media (min-width:550px) {\n  #text-box-349400320 {\n    margin: 0px 0px 0px -60px;\n    width: 40%;\n  }\n}\n<\/style>\n    <\/div>\n \n\n        <\/div>\n      <\/div>\n\n            \n<style>\n#banner-105155692 {\n  padding-top: 350px;\n}\n@media (min-width:550px) {\n  #banner-105155692 {\n    padding-top: 99.99%;\n  }\n}\n<\/style>\n  <\/div>\n\n\n\n\t\t<\/div>\n\t\t\t\t\t<\/div>\n\n\t\n\n\t<div id=\"col-1501817583\" class=\"col medium-10 small-12 large-6\"  >\n\t\t\t\t<div class=\"col-inner\"  >\n\t\t\t\n\t\t\t\n\n\n\t\t<div class=\"icon-box featured-box icon-box-left text-left\"  style=\"margin:0px 0px 30px 0px;\">\n\t\t\t\t<div class=\"icon-box-text last-reset\">\n\t\t\t\t\t\t\t\t\t\n\n<h3>Product-Funktionen:<\/h3>\n<ul>\n<li class=\"bullet-checkmark\">Verwalten Sie die Ergebnisse der Heim- und Gastmannschaft m\u00fchelos per Knopfdruck.<\/li>\n<li class=\"bullet-checkmark\">Passen Sie die Anzahl der Runden an, um bei verschiedenen Spielformaten Flexibilit\u00e4t zu gew\u00e4hrleisten.<\/li>\n<li class=\"bullet-checkmark\">Setzen Sie die Anzeigetafel sofort auf Null zur\u00fcck, um nahtlose \u00dcberg\u00e4nge zwischen den Spielen zu erm\u00f6glichen.<\/li>\n<li class=\"bullet-checkmark\">Genie\u00dfen Sie f\u00fcr zus\u00e4tzlichen Komfort die kabellose Steuerung aus bis zu 40 Metern Entfernung.<\/li>\n<\/ul>\n\n\t\t<\/div>\n\t<\/div>\n\t\n\t\n\n\t\t<\/div>\n\t\t\t\t\n<style>\n#col-1501817583 > .col-inner {\n  padding: 20px 0px 0px 0px;\n}\n<\/style>\n\t<\/div>\n\n\t\n\n<\/div>\n\t<div id=\"gap-1006954102\" class=\"gap-element clearfix\" style=\"display:block; height:auto;\">\n\t\t\n<style>\n#gap-1006954102 {\n  padding-top: 30px;\n}\n<\/style>\n\t<\/div>\n\t\n\n<div class=\"row row-large align-middle align-center\"  id=\"row-94508082\">\n\n\n\t<div id=\"col-16622698\" class=\"col medium-10 small-12 large-6\"  >\n\t\t\t\t<div class=\"col-inner\"  >\n\t\t\t\n\t\t\t\n\n<div class=\"row\"  id=\"row-613386912\">\n\n\n\t<div id=\"col-1166673234\" class=\"col small-12 large-12\"  >\n\t\t\t\t<div class=\"col-inner\"  >\n\t\t\t\n\t\t\t\n\n<h3>Auf Komfort ausgelegt:<\/h3>\n<ul>\n<li class=\"bullet-checkmark\">Das kabellose Design verhindert Kabelsalat und erm\u00f6glicht uneingeschr\u00e4nkte Bewegungsfreiheit beim Spielen.<\/li>\n<li class=\"bullet-checkmark\">Die Handgelenksteuerungsfunktion erm\u00f6glicht eine freih\u00e4ndige Bedienung und verbessert die Konzentration w\u00e4hrend des Spiels.<\/li>\n<li class=\"bullet-checkmark\">Das LED-Display gew\u00e4hrleistet klare Sichtbarkeit bei allen Lichtverh\u00e4ltnissen und verbessert die Lesbarkeit f\u00fcr Spieler und Zuschauer gleicherma\u00dfen.<\/li>\n<\/ul>\n\n\t\t<\/div>\n\t\t\t\t\t<\/div>\n\n\t\n\n<\/div>\n\n\t\t<\/div>\n\t\t\t\t\n<style>\n#col-16622698 > .col-inner {\n  padding: 20px 0px 0px 0px;\n}\n<\/style>\n\t<\/div>\n\n\t\n\n\t<div id=\"col-2101078929\" class=\"col medium-10 small-12 large-6 medium-col-first\"  >\n\t\t\t\t<div class=\"col-inner\"  >\n\t\t\t\n\t\t\t\n\n\n  <div class=\"banner has-hover\" id=\"banner-1184929751\">\n          <div class=\"banner-inner fill\">\n        <div class=\"banner-bg fill\" >\n            <img loading=\"lazy\" decoding=\"async\" width=\"720\" height=\"720\" src=\"https:\/\/thepadelkit.com\/wp-content\/uploads\/2024\/04\/PadelTennis-Scoreboard.jpg\" class=\"bg attachment-large size-large\" alt=\"\" \/>                                    \n                    <\/div>\n\t\t\n        <div class=\"banner-layers container\">\n            <div class=\"fill banner-link\"><\/div>            \n\n   <div id=\"text-box-857630606\" class=\"text-box banner-layer text-box-circle x95 md-x100 lg-x100 y5 md-y10 lg-y10 res-text\">\n                                <div class=\"text-box-content text box-shadow-3 dark\">\n              \n              <div class=\"text-inner text-center\">\n                  \n\n\t<div class=\"img has-hover circle x md-x lg-x y md-y lg-y\" id=\"image_573219616\">\n\t\t\t\t\t\t\t\t<div class=\"img-inner image-cover dark\" style=\"padding-top:100%;\">\n\t\t\t<img loading=\"lazy\" decoding=\"async\" width=\"300\" height=\"300\" src=\"https:\/\/thepadelkit.com\/wp-content\/uploads\/2024\/04\/Padel-scoreboard-thepadelkit-com-697134.hostingersite.com_-300x300.jpg\" class=\"attachment-medium size-medium\" alt=\"\" srcset=\"https:\/\/thepadelkit.com\/wp-content\/uploads\/2024\/04\/Padel-scoreboard-thepadelkit-com-697134.hostingersite.com_-300x300.jpg 300w, https:\/\/thepadelkit.com\/wp-content\/uploads\/2024\/04\/Padel-scoreboard-thepadelkit-com-697134.hostingersite.com_-1024x1024.jpg 1024w, https:\/\/thepadelkit.com\/wp-content\/uploads\/2024\/04\/Padel-scoreboard-thepadelkit-com-697134.hostingersite.com_-150x150.jpg 150w, https:\/\/thepadelkit.com\/wp-content\/uploads\/2024\/04\/Padel-scoreboard-thepadelkit-com-697134.hostingersite.com_-768x768.jpg 768w, https:\/\/thepadelkit.com\/wp-content\/uploads\/2024\/04\/Padel-scoreboard-thepadelkit-com-697134.hostingersite.com_-600x600.jpg 600w, https:\/\/thepadelkit.com\/wp-content\/uploads\/2024\/04\/Padel-scoreboard-thepadelkit-com-697134.hostingersite.com_-100x100.jpg 100w, https:\/\/thepadelkit.com\/wp-content\/uploads\/2024\/04\/Padel-scoreboard-thepadelkit-com-697134.hostingersite.com_.jpg 1200w\" sizes=\"auto, (max-width: 300px) 100vw, 300px\" \/>\t\t\t\t\t\t\n\t\t\t\t\t<\/div>\n\t\t\t\t\t\t\t\t\n<style>\n#image_573219616 {\n  width: 100%;\n}\n<\/style>\n\t<\/div>\n\t\n\n\n              <\/div>\n           <\/div>\n                            \n<style>\n#text-box-857630606 {\n  margin: 0px 0 0px 0px;\n  width: 38%;\n}\n#text-box-857630606 .text-box-content {\n  background-color: rgba(255, 249, 249, 0.86);\n  font-size: 100%;\n}\n#text-box-857630606 .text-inner {\n  padding: 5px 5px 5px 5px;\n}\n@media (min-width:550px) {\n  #text-box-857630606 {\n    margin: 0px -60px 0px 0px;\n    width: 40%;\n  }\n  #text-box-857630606 .text-box-content {\n    font-size: 100%;\n  }\n}\n<\/style>\n    <\/div>\n \n\n        <\/div>\n      <\/div>\n\n            \n<style>\n#banner-1184929751 {\n  padding-top: 350px;\n}\n#banner-1184929751 .banner-bg img {\n  object-position: 31% 100%;\n}\n@media (min-width:550px) {\n  #banner-1184929751 {\n    padding-top: 99.99%;\n  }\n}\n<\/style>\n  <\/div>\n\n\n\n\t\t<\/div>\n\t\t\t\t\t<\/div>\n\n\t\n\n<\/div>\n\t<div id=\"gap-1313222698\" class=\"gap-element clearfix\" style=\"display:block; height:auto;\">\n\t\t\n<style>\n#gap-1313222698 {\n  padding-top: 60px;\n}\n<\/style>\n\t<\/div>\n\t\n\n\n\t\t<\/div>\n\n\t\t\n<style>\n#section_272072417 {\n  padding-top: 50px;\n  padding-bottom: 50px;\n  background-color: rgb(255, 255, 255);\n}\n#section_272072417 .section-bg-overlay {\n  background-color: rgba(0, 0, 0, 0.384);\n}\n@media (min-width:550px) {\n  #section_272072417 {\n    padding-top: 80px;\n    padding-bottom: 80px;\n  }\n}\n<\/style>\n\t<\/section>\n\t\n\n\t<section class=\"section\" id=\"section_1014516642\">\n\t\t<div class=\"section-bg fill\" >\n\t\t\t\t\t\t\t\t\t\n\t\t\t\n\n\t\t<\/div>\n\n\t\t\n\n\t\t<div class=\"section-content relative\">\n\t\t\t\n\n<div class=\"row align-center\"  id=\"row-1080303521\">\n\n\n\t<div id=\"col-1661776625\" class=\"col medium-8 small-11 large-8\"  >\n\t\t\t\t<div class=\"col-inner text-center\"  >\n\t\t\t\n\t\t\t\n\n<h2><span style=\"font-size: 120%;\">In Kontakt kommen<br \/><\/span><\/h2>\n<p>Teilen Sie uns Ihre Anforderungen mit und unser engagiertes Verkaufsteam wird Ihnen umgehend weiterhelfen. Als vertrauensw\u00fcrdiger Padel-Platzhersteller mit Sitz in China empfehlen wir eine Mindestbestellmenge von zwei Pl\u00e4tzen f\u00fcr eine optimale Containerversandeffizienz.<\/p>\n\t<div id=\"gap-144061127\" class=\"gap-element clearfix\" style=\"display:block; height:auto;\">\n\t\t\n<style>\n#gap-144061127 {\n  padding-top: 20px;\n}\n<\/style>\n\t<\/div>\n\t\n\n<div class=\"forminator-ui forminator-custom-form forminator-custom-form-100 forminator-design--default  forminator_ajax\" data-forminator-render=\"0\" data-form=\"forminator-module-100\" data-uid=\"69d99c9193566\"><br\/><\/div><form\n\t\t\t\tid=\"forminator-module-100\"\n\t\t\t\tclass=\"forminator-ui forminator-custom-form forminator-custom-form-100 forminator-design--default  forminator_ajax\"\n\t\t\t\tmethod=\"post\"\n\t\t\t\tdata-forminator-render=\"0\"\n\t\t\t\tdata-form-id=\"100\"\n\t\t\t\t\n\t\t\t\tdata-design=\"default\"\n\t\t\t\t\n\t\t\t\t\n\t\t\t\t\n\t\t\t\tdata-grid=\"open\"\n\t\t\t\t\n\t\t\t\t\n\t\t\t\tstyle=\"display: none;\"\n\t\t\t\t\n\t\t\t\tdata-uid=\"69d99c9193566\" action=\"\"\n\t\t\t><div role=\"alert\" aria-live=\"polite\" class=\"forminator-response-message forminator-error\" aria-hidden=\"true\"><\/div><div class=\"forminator-row\"><div id=\"name-1\" class=\"forminator-field-name forminator-col forminator-col-12\"><div class=\"forminator-field\"><input type=\"text\" name=\"name-1\" value=\"\" placeholder=\"Ihr Name\" id=\"forminator-field-name-1_69d99c9193566\" class=\"forminator-input forminator-name--field\" aria-required=\"true\" \/><\/div><\/div><\/div><div class=\"forminator-row\"><div id=\"email-1\" class=\"forminator-field-email forminator-col forminator-col-12\"><div class=\"forminator-field\"><input type=\"email\" name=\"email-1\" value=\"\" placeholder=\"E-Mail-Adresse\" id=\"forminator-field-email-1_69d99c9193566\" class=\"forminator-input forminator-email--field\" data-required=\"true\" aria-required=\"true\" \/><\/div><\/div><\/div><div class=\"forminator-row\"><div id=\"phone-1\" class=\"forminator-field-phone forminator-col forminator-col-12\"><div class=\"forminator-field\"><input type=\"text\" name=\"phone-1\" value=\"\" placeholder=\"Telefonnummer\" id=\"forminator-field-phone-1_69d99c9193566\" class=\"forminator-input forminator-field--phone\" data-required=\"\" aria-required=\"false\" autocomplete=\"off\" \/><\/div><\/div><\/div><div class=\"forminator-row\"><div id=\"textarea-1\" class=\"forminator-field-textarea forminator-col forminator-col-12\"><div class=\"forminator-field\"><textarea name=\"textarea-1\" placeholder=\"Gib deine Nachricht ein...\" id=\"forminator-field-textarea-1_69d99c9193566\" class=\"forminator-textarea\" rows=\"6\" style=\"min-height:140px;\" maxlength=\"180\" ><\/textarea><span id=\"forminator-field-textarea-1_69d99c9193566-description\" class=\"forminator-description\"><span data-limit=\"180\" data-type=\"characters\" data-editor=\"\">0 \/ 180<\/span><\/span><\/div><\/div><\/div><div class=\"forminator-row\"><div id=\"captcha-1\" class=\"forminator-field-captcha forminator-col forminator-col-12\"><div class=\"forminator-captcha-left forminator-g-recaptcha recaptcha-invisible\" data-theme=\"light\" data-badge=\"bottomright\" data-sitekey=\"6LcAaaUqAAAAANTAfX6qVlxFYEeuxvQr2fwoo4Md\" data-size=\"invisible\"><\/div> <\/div><\/div><input type=\"hidden\" name=\"referer_url\" value=\"\" \/><div class=\"forminator-row forminator-row-last\"><div class=\"forminator-col\"><div class=\"forminator-field\"><button class=\"forminator-button forminator-button-submit\">Nachricht senden<\/button><\/div><\/div><\/div><input type=\"hidden\" id=\"forminator_nonce\" name=\"forminator_nonce\" value=\"76df985dda\" \/><input type=\"hidden\" name=\"_wp_http_referer\" value=\"\/de\/wp-json\/wp\/v2\/pages\/485\" \/><input type=\"hidden\" name=\"form_id\" value=\"100\"><input type=\"hidden\" name=\"page_id\" value=\"485\"><input type=\"hidden\" name=\"form_type\" value=\"default\"><input type=\"hidden\" name=\"current_url\" value=\"https:\/\/thepadelkit.com\/de\/scoreboard\/\"><input type=\"hidden\" name=\"render_id\" value=\"0\"><input type=\"hidden\" name=\"action\" value=\"forminator_submit_form_custom-forms\"><input type=\"hidden\" name=\"trp-form-language\" value=\"de\"\/><\/form>\n\n\t\t<\/div>\n\t\t\t\t\n<style>\n#col-1661776625 > .col-inner {\n  margin: 40px 0px 0px 0px;\n}\n<\/style>\n\t<\/div>\n\n\t\n\n<\/div>\n\n\t\t<\/div>\n\n\t\t\n<style>\n#section_1014516642 {\n  padding-top: 60px;\n  padding-bottom: 60px;\n}\n<\/style>\n\t<\/section>","protected":false},"excerpt":{"rendered":"","protected":false},"author":1,"featured_media":0,"parent":0,"menu_order":0,"comment_status":"closed","ping_status":"closed","template":"page-blank.php","meta":{"_seopress_robots_primary_cat":"0","_seopress_titles_title":"Portable Wireless LED Scoreboard for Padel &amp; Tennis","_seopress_titles_desc":"Elevate your matches with our Portable Wireless LED Scoreboard. Manage scores, customize formats, and enjoy wireless control. Designed for convenience with wrist-operated controls and clear LED display.","_seopress_robots_index":"","footnotes":""},"class_list":["post-485","page","type-page","status-publish","hentry"],"_links":{"self":[{"href":"https:\/\/thepadelkit.com\/de\/wp-json\/wp\/v2\/pages\/485","targetHints":{"allow":["GET"]}}],"collection":[{"href":"https:\/\/thepadelkit.com\/de\/wp-json\/wp\/v2\/pages"}],"about":[{"href":"https:\/\/thepadelkit.com\/de\/wp-json\/wp\/v2\/types\/page"}],"author":[{"embeddable":true,"href":"https:\/\/thepadelkit.com\/de\/wp-json\/wp\/v2\/users\/1"}],"replies":[{"embeddable":true,"href":"https:\/\/thepadelkit.com\/de\/wp-json\/wp\/v2\/comments?post=485"}],"version-history":[{"count":0,"href":"https:\/\/thepadelkit.com\/de\/wp-json\/wp\/v2\/pages\/485\/revisions"}],"wp:attachment":[{"href":"https:\/\/thepadelkit.com\/de\/wp-json\/wp\/v2\/media?parent=485"}],"curies":[{"name":"wp","href":"https:\/\/api.w.org\/{rel}","templated":true}]}}