{"id":36,"date":"2024-03-07T04:07:02","date_gmt":"2024-03-07T04:07:02","guid":{"rendered":"https:\/\/thepadelkit.com\/?page_id=36"},"modified":"2024-06-15T11:38:43","modified_gmt":"2024-06-15T11:38:43","slug":"about","status":"publish","type":"page","link":"https:\/\/thepadelkit.com\/de\/um\/","title":{"rendered":"Um"},"content":{"rendered":"<section class=\"section\" id=\"section_1609599845\">\n\t\t<div class=\"section-bg fill\" >\n\t\t\t\t\t\t\t\t\t<button class=\"scroll-for-more z-5 icon absolute bottom h-center\" aria-label=\"Scrollen f\u00fcr mehr\"><i class=\"icon-angle-down\" style=\"font-size:42px;\" ><\/i><\/button>\n\t\t\t\n\n\t\t<\/div>\n\n\t\t\n\n\t\t<div class=\"section-content relative\">\n\t\t\t\n\n<div class=\"row align-center\"  id=\"row-174611828\">\n\n\n\t<div id=\"col-1130425001\" class=\"col medium-8 small-10 large-7\"  >\n\t\t\t\t<div class=\"col-inner text-center\"  >\n\t\t\t\n\t\t\t\n\n<h6 class=\"uppercase\">\u00dcber uns<\/h6>\n<h1 style=\"font-size: 250%;\">Ihre erstklassigen Padel Court-L\u00f6sungen Provider<\/h1>\n\n\t\t<\/div>\n\t\t\t\t\n<style>\n#col-1130425001 > .col-inner {\n  padding: 40px 0px 0px 0px;\n}\n<\/style>\n\t<\/div>\n\n\t\n\n<\/div>\n\n\t\t<\/div>\n\n\t\t\n<style>\n#section_1609599845 {\n  padding-top: 30px;\n  padding-bottom: 30px;\n}\n<\/style>\n\t<\/section>\n\t\n\n\t<section class=\"section\" id=\"section_95869335\">\n\t\t<div class=\"section-bg fill\" >\n\t\t\t\t\t\t\t\t\t\n\t\t\t\n\n\t\t<\/div>\n\n\t\t\n\n\t\t<div class=\"section-content relative\">\n\t\t\t\n\n<div class=\"row align-middle\"  id=\"row-1389096691\">\n\n\n\t<div id=\"col-150515222\" class=\"col medium-4 small-12 large-4\"  >\n\t\t\t\t<div class=\"col-inner\"  >\n\t\t\t\n\t\t\t\n\n\n  <div class=\"banner has-hover\" id=\"banner-1268895601\">\n          <div class=\"banner-inner fill\">\n        <div class=\"banner-bg fill\" >\n            <img loading=\"lazy\" decoding=\"async\" width=\"1000\" height=\"750\" src=\"https:\/\/thepadelkit.com\/wp-content\/uploads\/2024\/03\/Padel-Frame-Structure-Making-2.jpg\" class=\"bg attachment-large size-large\" alt=\"\" \/>                                    \n                    <\/div>\n\t\t\n        <div class=\"banner-layers container\">\n            <div class=\"fill banner-link\"><\/div>            \n\n   <div id=\"text-box-1179951406\" class=\"text-box banner-layer x50 md-x50 lg-x50 y50 md-y50 lg-y50 res-text\">\n                                <div class=\"text-box-content text dark\">\n              \n              <div class=\"text-inner text-center\">\n                  \n\n\n              <\/div>\n           <\/div>\n                            \n<style>\n#text-box-1179951406 {\n  width: 60%;\n}\n#text-box-1179951406 .text-box-content {\n  font-size: 100%;\n}\n@media (min-width:550px) {\n  #text-box-1179951406 {\n    width: 60%;\n  }\n}\n<\/style>\n    <\/div>\n \n\n        <\/div>\n      <\/div>\n\n            \n<style>\n#banner-1268895601 {\n  padding-top: 250px;\n  background-color: rgb(247, 245, 244);\n}\n@media (min-width:550px) {\n  #banner-1268895601 {\n    padding-top: 99.99%;\n  }\n}\n<\/style>\n  <\/div>\n\n\n\n\t\t<\/div>\n\t\t\t\t\t<\/div>\n\n\t\n\n\t<div id=\"col-615036487\" class=\"col medium-4 small-12 large-4\"  >\n\t\t\t\t<div class=\"col-inner\"  >\n\t\t\t\n\t\t\t\n\n\n  <div class=\"banner has-hover has-parallax\" id=\"banner-540571023\">\n          <div class=\"banner-inner fill\">\n        <div class=\"banner-bg fill\" data-parallax=\"-6\" data-parallax-container=\".banner\" data-parallax-background>\n            <img loading=\"lazy\" decoding=\"async\" width=\"768\" height=\"1024\" src=\"https:\/\/thepadelkit.com\/wp-content\/uploads\/2024\/03\/Padel-Frame-Structure-Making.jpg\" class=\"bg attachment-large size-large\" alt=\"\" \/>                                    \n                    <\/div>\n\t\t\n        <div class=\"banner-layers container\">\n            <div class=\"fill banner-link\"><\/div>            \n\n   <div id=\"text-box-1289014485\" class=\"text-box banner-layer x50 md-x50 lg-x50 y50 md-y50 lg-y50 res-text\">\n                                <div class=\"text-box-content text dark\">\n              \n              <div class=\"text-inner text-center\">\n                  \n\n\n              <\/div>\n           <\/div>\n                            \n<style>\n#text-box-1289014485 {\n  width: 60%;\n}\n#text-box-1289014485 .text-box-content {\n  font-size: 100%;\n}\n@media (min-width:550px) {\n  #text-box-1289014485 {\n    width: 60%;\n  }\n}\n<\/style>\n    <\/div>\n \n\n        <\/div>\n      <\/div>\n\n            \n<style>\n#banner-540571023 {\n  padding-top: 400px;\n  background-color: rgb(247, 245, 244);\n}\n@media (min-width:850px) {\n  #banner-540571023 {\n    padding-top: 500px;\n  }\n}\n<\/style>\n  <\/div>\n\n\n\n\t\t<\/div>\n\t\t\t\t\t<\/div>\n\n\t\n\n\t<div id=\"col-794569194\" class=\"col medium-4 small-12 large-4\"  >\n\t\t\t\t<div class=\"col-inner\"  >\n\t\t\t\n\t\t\t\n\n\n  <div class=\"banner has-hover\" id=\"banner-1153482735\">\n          <div class=\"banner-inner fill\">\n        <div class=\"banner-bg fill\" >\n            <img loading=\"lazy\" decoding=\"async\" width=\"1000\" height=\"1000\" src=\"https:\/\/thepadelkit.com\/wp-content\/uploads\/2024\/03\/Padel-Court-Loading.jpg\" class=\"bg attachment-large size-large\" alt=\"\" \/>                                    \n                    <\/div>\n\t\t\n        <div class=\"banner-layers container\">\n            <div class=\"fill banner-link\"><\/div>            \n\n   <div id=\"text-box-218684332\" class=\"text-box banner-layer x50 md-x50 lg-x50 y50 md-y50 lg-y50 res-text\">\n                                <div class=\"text-box-content text dark\">\n              \n              <div class=\"text-inner text-center\">\n                  \n\n\n              <\/div>\n           <\/div>\n                            \n<style>\n#text-box-218684332 {\n  width: 60%;\n}\n#text-box-218684332 .text-box-content {\n  font-size: 100%;\n}\n@media (min-width:550px) {\n  #text-box-218684332 {\n    width: 60%;\n  }\n}\n<\/style>\n    <\/div>\n \n\n        <\/div>\n      <\/div>\n\n            \n<style>\n#banner-1153482735 {\n  padding-top: 250px;\n  background-color: rgb(247, 245, 244);\n}\n@media (min-width:550px) {\n  #banner-1153482735 {\n    padding-top: 99.99%;\n  }\n}\n<\/style>\n  <\/div>\n\n\n\n\t\t<\/div>\n\t\t\t\t\t<\/div>\n\n\t\n\n<\/div>\n\n\t\t<\/div>\n\n\t\t\n<style>\n#section_95869335 {\n  padding-top: 30px;\n  padding-bottom: 30px;\n}\n<\/style>\n\t<\/section>\n\t\n\n\t<section class=\"section\" id=\"section_435334160\">\n\t\t<div class=\"section-bg fill\" >\n\t\t\t\t\t\t\t\t\t\n\t\t\t\n\n\t\t<\/div>\n\n\t\t\n\n\t\t<div class=\"section-content relative\">\n\t\t\t\n\n<div class=\"row align-center\"  id=\"row-835024183\">\n\n\n\t<div id=\"col-570500965\" class=\"col medium-7 small-12 large-7\"  >\n\t\t\t\t<div class=\"col-inner\"  >\n\t\t\t\n\t\t\t\n\n<p class=\"lead\">Willkommen bei ThePadelKit, einer Abteilung von Team Sports Industry Limited, die sich auf die Bereitstellung umfassender L\u00f6sungen f\u00fcr Padelpl\u00e4tze und zugeh\u00f6rige Produkte spezialisiert hat.<\/p>\n<p>Team Sports Industry Limited, auch bekannt als <a href=\"https:\/\/arturf.com\/\" target=\"_blank\" rel=\"noopener\">Arturf<\/a>ist ein f\u00fchrender Kunstrasenhersteller mit Sitz in China. Unsere Expertise liegt in der Herstellung von hochwertigem Rasen f\u00fcr Garten- und Sportanwendungen, einschlie\u00dflich Padel. Da die Popularit\u00e4t von Padel weiter zunimmt, beobachten wir eine wachsende Nachfrage nicht nur nach hochwertigem Kunstrasen, sondern nach Komplettl\u00f6sungen. Aus diesem Grund haben wir auf der Plattform ThePadelKit.com eine eigene Abteilung f\u00fcr Padel-Pl\u00e4tze eingerichtet.<\/p>\n<p>Durch strategische Zusammenarbeit mit angesehenen Partnern liefern wir erstklassige, umfassende Produkte f\u00fcr den Bau von Padel-Pl\u00e4tzen. Unser Angebot umfasst Stahlrahmen, Glasplatten, Beleuchtungsk\u00f6rper, Dachl\u00f6sungen und nat\u00fcrlich unseren hochwertigen Rasen. Dar\u00fcber hinaus liefern wir wichtiges Zubeh\u00f6r wie Padel-Schl\u00e4ger, B\u00e4lle, Punktez\u00e4hler und mehr.<\/p>\n<p>Mit unseren umfassenden Padelplatz-Paketen k\u00f6nnen Sie erfolgreiche Padelanlagen f\u00fcr kommerzielle Unternehmen, private Clubs oder Sportzentren schaffen. Arbeiten Sie mit uns zusammen, um Ihre Vision Wirklichkeit werden zu lassen und das Padel-Erlebnis f\u00fcr Enthusiasten weltweit zu verbessern.<\/p>\n\n\t\t<\/div>\n\t\t\t\t\n<style>\n#col-570500965 > .col-inner {\n  margin: 0px 0px -60px 0px;\n}\n<\/style>\n\t<\/div>\n\n\t\n\n<\/div>\n\n\t\t<\/div>\n\n\t\t\n<style>\n#section_435334160 {\n  padding-top: 60px;\n  padding-bottom: 60px;\n}\n<\/style>\n\t<\/section>\n\t\n\n\t<section class=\"section\" id=\"section_1426463692\">\n\t\t<div class=\"section-bg fill\" >\n\t\t\t\t\t\t\t\t\t\n\t\t\t\n\n\t\t<\/div>\n\n\t\t\n\n\t\t<div class=\"section-content relative\">\n\t\t\t\n\n<div class=\"row row-solid\"  id=\"row-328978967\">\n\n\n\t<div id=\"col-1965681307\" class=\"col medium-3 small-12 large-3\"  >\n\t\t\t\t<div class=\"col-inner text-center\"  >\n\t\t\t\n\t\t\t\n\n<h2 style=\"font-size: 200%;\">14+<\/h2>\n<p>Mehr als 14 Jahre Erfahrung in der Herstellung von Padel-Kunstrasen<\/p>\n\n\t\t<\/div>\n\t\t\t\t\t<\/div>\n\n\t\n\n\t<div id=\"col-604006854\" class=\"col medium-3 small-12 large-3\"  >\n\t\t\t\t<div class=\"col-inner text-center\"  >\n\t\t\t\n\t\t\t\n\n<h2 style=\"font-size: 200%;\">6<\/h2>\n<p>6 Jahre Angebot umfassender Padelcourt-Pakete<\/p>\n\n\t\t<\/div>\n\t\t\t\t\t<\/div>\n\n\t\n\n\t<div id=\"col-912155373\" class=\"col medium-3 small-12 large-3\"  >\n\t\t\t\t<div class=\"col-inner text-center\"  >\n\t\t\t\n\t\t\t\n\n<h2 style=\"font-size: 200%;\">13<\/h2>\n<h5>Proudly bedient 13 L\u00e4nder und expandiert weltweit<\/h5>\n\n\t\t<\/div>\n\t\t\t\t\t<\/div>\n\n\t\n\n\t<div id=\"col-1128700768\" class=\"col medium-3 small-12 large-3\"  >\n\t\t\t\t<div class=\"col-inner text-center\"  >\n\t\t\t\n\t\t\t\n\n<h2 style=\"font-size: 200%;\">800+<\/h2>\n<p>Weltweit mehr als 800 installierte Padel-Pl\u00e4tze<\/p>\n\n\t\t<\/div>\n\t\t\t\t\t<\/div>\n\n\t\n\n<\/div>\n\n\t\t<\/div>\n\n\t\t\n<style>\n#section_1426463692 {\n  padding-top: 60px;\n  padding-bottom: 60px;\n}\n<\/style>\n\t<\/section>\n\t\n\n\t<section class=\"section dark\" id=\"section_1963956382\">\n\t\t<div class=\"section-bg fill\" >\n\t\t\t<img loading=\"lazy\" decoding=\"async\" width=\"1536\" height=\"864\" src=\"https:\/\/thepadelkit.com\/wp-content\/uploads\/2024\/03\/Padel-court-surface-rackets-and-ball.jpg\" class=\"bg attachment- size-\" alt=\"\" \/>\t\t\t\t\t\t\n\t\t\t\n\n\t\t<\/div>\n\n\t\t\n\n\t\t<div class=\"section-content relative\">\n\t\t\t\n\n<div class=\"row row-collapse align-center\"  id=\"row-1039494356\">\n\n\n\t<div id=\"col-458346817\" class=\"col medium-7 small-10 large-6\"  >\n\t\t\t\t<div class=\"col-inner text-center\"  >\n\t\t\t\n\t\t\t\n\n<h3 style=\"font-size: 220%;\">Hervorragende Technik, garantierte Qualit\u00e4t: Ihr zuverl\u00e4ssiger Padel Court-Partner<\/h3>\n\n\t\t<\/div>\n\t\t\t\t\t<\/div>\n\n\t\n\n<\/div>\n\n\t\t<\/div>\n\n\t\t\n<style>\n#section_1963956382 {\n  padding-top: 120px;\n  padding-bottom: 120px;\n  background-color: rgb(247, 245, 244);\n}\n<\/style>\n\t<\/section>\n\t\n\n\t<section class=\"section\" id=\"section_266013981\">\n\t\t<div class=\"section-bg fill\" >\n\t\t\t\t\t\t\t\t\t\n\t\t\t\n\n\t\t<\/div>\n\n\t\t\n\n\t\t<div class=\"section-content relative\">\n\t\t\t\n\n<div class=\"row\" style=\"max-width:1200px\" id=\"row-1050073362\">\n\n\n\t<div id=\"col-2046416287\" class=\"col small-12 large-12\"  >\n\t\t\t\t<div class=\"col-inner\"  >\n\t\t\t\n\t\t\t\n\n\t<div id=\"text-2797696125\" class=\"text\">\n\t\t\n\n<h2>Hervorragende Fertigung: Unser Engagement f\u00fcr Qualit\u00e4t<\/h2>\n\t\t\n<style>\n#text-2797696125 {\n  font-size: 1.75rem;\n  text-align: center;\n}\n<\/style>\n\t<\/div>\n\t\n\n\t\t<\/div>\n\t\t\t\t\t<\/div>\n\n\t\n\n<\/div>\n<div class=\"row row-large row-solid\" style=\"max-width:1200px\" id=\"row-463084869\">\n\n\n\t<div id=\"col-838589034\" class=\"col medium-10 small-12 large-6\"  >\n\t\t\t\t<div class=\"col-inner\"  >\n\t\t\t\n\t\t\t\n\n\n\t\t<div class=\"icon-box featured-box icon-box-left text-left\"  >\n\t\t\t\t\t<div class=\"icon-box-img\" style=\"width: 69px\">\n\t\t\t\t<div class=\"icon\">\n\t\t\t\t\t<div class=\"icon-inner\" >\n\t\t\t\t\t\t<img loading=\"lazy\" decoding=\"async\" width=\"120\" height=\"120\" src=\"https:\/\/thepadelkit.com\/wp-content\/uploads\/2024\/03\/check-line.png\" class=\"attachment-medium size-medium\" alt=\"\" \/>\t\t\t\t\t<\/div>\n\t\t\t\t<\/div>\n\t\t\t<\/div>\n\t\t\t\t<div class=\"icon-box-text last-reset\">\n\t\t\t\t\t\t\t\t\t\n\n<h4>Innovative Forschung und Entwicklung sowie Pr\u00e4zisionsfertigung<\/h4>\n<p>Unser Forschungs- und Entwicklungsteam sorgt f\u00fcr Spitzenqualit\u00e4t vom Konzept bis zur Umsetzung und garantiert, dass jeder Aspekt unserer Padel-Pl\u00e4tze unser unersch\u00fctterliches Engagement f\u00fcr Qualit\u00e4t widerspiegelt. Durch den Einsatz modernster Robotertechnologie erreichen wir Pr\u00e4zision und Effizienz in jeder Fertigungsphase.<\/p>\n\n\t\t<\/div>\n\t<\/div>\n\t\n\t\n\t<div id=\"gap-1658379468\" class=\"gap-element clearfix\" style=\"display:block; height:auto;\">\n\t\t\n<style>\n#gap-1658379468 {\n  padding-top: 30px;\n}\n<\/style>\n\t<\/div>\n\t\n\n\n\t\t<div class=\"icon-box featured-box icon-box-left text-left\"  >\n\t\t\t\t\t<div class=\"icon-box-img\" style=\"width: 69px\">\n\t\t\t\t<div class=\"icon\">\n\t\t\t\t\t<div class=\"icon-inner\" >\n\t\t\t\t\t\t<img loading=\"lazy\" decoding=\"async\" width=\"120\" height=\"120\" src=\"https:\/\/thepadelkit.com\/wp-content\/uploads\/2024\/03\/check-line.png\" class=\"attachment-medium size-medium\" alt=\"\" \/>\t\t\t\t\t<\/div>\n\t\t\t\t<\/div>\n\t\t\t<\/div>\n\t\t\t\t<div class=\"icon-box-text last-reset\">\n\t\t\t\t\t\t\t\t\t\n\n<h4>Robustes Design f\u00fcr dauerhafte Stabilit\u00e4t<\/h4>\n<p>Unsere Padel-Pl\u00e4tze zeichnen sich durch eine robuste Struktur aus, die sorgf\u00e4ltig f\u00fcr dauerhafte Stabilit\u00e4t und Haltbarkeit konstruiert wurde. Durch die Balance zwischen Funktionalit\u00e4t und \u00c4sthetik spiegelt jedes Detail unser unerm\u00fcdliches Streben nach Spitzenleistung wider.<\/p>\n\n\t\t<\/div>\n\t<\/div>\n\t\n\t\n\t<div id=\"gap-652866099\" class=\"gap-element clearfix\" style=\"display:block; height:auto;\">\n\t\t\n<style>\n#gap-652866099 {\n  padding-top: 30px;\n}\n<\/style>\n\t<\/div>\n\t\n\n\t<div id=\"gap-1149975331\" class=\"gap-element clearfix\" style=\"display:block; height:auto;\">\n\t\t\n<style>\n#gap-1149975331 {\n  padding-top: 30px;\n}\n<\/style>\n\t<\/div>\n\t\n\n\n\t\t<\/div>\n\t\t\t\t\n<style>\n#col-838589034 > .col-inner {\n  padding: 0px 0 0px 0px;\n}\n@media (min-width:850px) {\n  #col-838589034 > .col-inner {\n    padding: 0px 40px 0px 0px;\n  }\n}\n<\/style>\n\t<\/div>\n\n\t\n\n\t<div id=\"col-1252672547\" class=\"col medium-10 small-12 large-6\"  >\n\t\t\t\t<div class=\"col-inner\"  >\n\t\t\t\n\t\t\t\n\n\n\t\t<div class=\"icon-box featured-box icon-box-left text-left\"  >\n\t\t\t\t\t<div class=\"icon-box-img\" style=\"width: 69px\">\n\t\t\t\t<div class=\"icon\">\n\t\t\t\t\t<div class=\"icon-inner\" >\n\t\t\t\t\t\t<img loading=\"lazy\" decoding=\"async\" width=\"120\" height=\"120\" src=\"https:\/\/thepadelkit.com\/wp-content\/uploads\/2024\/03\/check-line.png\" class=\"attachment-medium size-medium\" alt=\"\" \/>\t\t\t\t\t<\/div>\n\t\t\t\t<\/div>\n\t\t\t<\/div>\n\t\t\t\t<div class=\"icon-box-text last-reset\">\n\t\t\t\t\t\t\t\t\t\n\n<h4>H\u00f6chste Qualit\u00e4tsstandards, kompromisslose Komponenten<\/h4>\n<p>Wir halten die h\u00f6chsten Produktionsstandards ein und verwenden erstklassige Materialien f\u00fcr un\u00fcbertroffene Haltbarkeit und Langlebigkeit. Jede Komponente erf\u00fcllt die Wettbewerbsstandards auf h\u00f6chstem Niveau und bietet ein unvergleichliches Spielerlebnis.<\/p>\n\n\t\t<\/div>\n\t<\/div>\n\t\n\t\n\t<div id=\"gap-348008936\" class=\"gap-element clearfix\" style=\"display:block; height:auto;\">\n\t\t\n<style>\n#gap-348008936 {\n  padding-top: 30px;\n}\n<\/style>\n\t<\/div>\n\t\n\n\n\t\t<div class=\"icon-box featured-box icon-box-left text-left\"  >\n\t\t\t\t\t<div class=\"icon-box-img\" style=\"width: 69px\">\n\t\t\t\t<div class=\"icon\">\n\t\t\t\t\t<div class=\"icon-inner\" >\n\t\t\t\t\t\t<img loading=\"lazy\" decoding=\"async\" width=\"120\" height=\"120\" src=\"https:\/\/thepadelkit.com\/wp-content\/uploads\/2024\/03\/check-line.png\" class=\"attachment-medium size-medium\" alt=\"\" \/>\t\t\t\t\t<\/div>\n\t\t\t\t<\/div>\n\t\t\t<\/div>\n\t\t\t\t<div class=\"icon-box-text last-reset\">\n\t\t\t\t\t\t\t\t\t\n\n<h4>Ma\u00dfgeschneiderte L\u00f6sungen, un\u00fcbertroffene Flexibilit\u00e4t<\/h4>\n<p>Wir fertigen Padel-Pl\u00e4tze genau nach Ihren Vorgaben und bieten Ihnen damit beispiellose Flexibilit\u00e4t. Ob Sie Abmessungen anpassen oder Ihr Branding integrieren m\u00f6chten, unsere anpassbaren L\u00f6sungen sorgen daf\u00fcr, dass Ihre Vision pr\u00e4zise und einfach umgesetzt wird.<\/p>\n\n\t\t<\/div>\n\t<\/div>\n\t\n\t\n\n\t\t<\/div>\n\t\t\t\t\n<style>\n#col-1252672547 > .col-inner {\n  padding: 0px 0px 0px 0;\n}\n@media (min-width:850px) {\n  #col-1252672547 > .col-inner {\n    padding: 0px 0px 0px 30px;\n  }\n}\n<\/style>\n\t<\/div>\n\n\t\n\n<\/div>\n\t<div id=\"gap-1516065230\" class=\"gap-element clearfix\" style=\"display:block; height:auto;\">\n\t\t\n<style>\n#gap-1516065230 {\n  padding-top: 30px;\n}\n<\/style>\n\t<\/div>\n\t\n\n\n\t\t<\/div>\n\n\t\t\n<style>\n#section_266013981 {\n  padding-top: 80px;\n  padding-bottom: 80px;\n  background-color: rgb(242, 238, 241);\n}\n<\/style>\n\t<\/section>","protected":false},"excerpt":{"rendered":"","protected":false},"author":1,"featured_media":0,"parent":0,"menu_order":0,"comment_status":"closed","ping_status":"closed","template":"page-blank.php","meta":{"_seopress_robots_primary_cat":"0","_seopress_titles_title":"ThePadelKit: Premier Padel Court Solutions Manufacturer in China","_seopress_titles_desc":"Discover complete Padel court packages from ThePadelKit. Based in China, our expertise spans worldwide, offering tailored premium solutions","_seopress_robots_index":"","footnotes":""},"class_list":["post-36","page","type-page","status-publish","hentry"],"_links":{"self":[{"href":"https:\/\/thepadelkit.com\/de\/wp-json\/wp\/v2\/pages\/36","targetHints":{"allow":["GET"]}}],"collection":[{"href":"https:\/\/thepadelkit.com\/de\/wp-json\/wp\/v2\/pages"}],"about":[{"href":"https:\/\/thepadelkit.com\/de\/wp-json\/wp\/v2\/types\/page"}],"author":[{"embeddable":true,"href":"https:\/\/thepadelkit.com\/de\/wp-json\/wp\/v2\/users\/1"}],"replies":[{"embeddable":true,"href":"https:\/\/thepadelkit.com\/de\/wp-json\/wp\/v2\/comments?post=36"}],"version-history":[{"count":2,"href":"https:\/\/thepadelkit.com\/de\/wp-json\/wp\/v2\/pages\/36\/revisions"}],"predecessor-version":[{"id":614,"href":"https:\/\/thepadelkit.com\/de\/wp-json\/wp\/v2\/pages\/36\/revisions\/614"}],"wp:attachment":[{"href":"https:\/\/thepadelkit.com\/de\/wp-json\/wp\/v2\/media?parent=36"}],"curies":[{"name":"wp","href":"https:\/\/api.w.org\/{rel}","templated":true}]}}