{"id":22,"date":"2024-03-05T03:24:03","date_gmt":"2024-03-05T03:24:03","guid":{"rendered":"https:\/\/thepadelkit.com\/?page_id=22"},"modified":"2024-04-19T00:32:47","modified_gmt":"2024-04-19T00:32:47","slug":"homepage","status":"publish","type":"page","link":"https:\/\/thepadelkit.com\/de\/","title":{"rendered":"Startseite"},"content":{"rendered":"<section class=\"section dark\" id=\"section_1834115191\">\n\t\t<div class=\"section-bg fill\" >\n\t\t\t<img loading=\"lazy\" decoding=\"async\" width=\"2000\" height=\"1500\" src=\"https:\/\/thepadelkit.com\/wp-content\/uploads\/2024\/03\/Thepadelkit-Arturf-Padel-Court.jpg\" class=\"bg attachment-original size-original\" alt=\"\" \/>\t\t\t\t\t\t<div class=\"section-bg-overlay absolute fill\"><\/div>\n\t\t\t\n\n\t\t<\/div>\n\n\t\t\n\n\t\t<div class=\"section-content relative\">\n\t\t\t\n\n<div class=\"row\" style=\"max-width:1300px\" id=\"row-1781722429\">\n\n\n\t<div id=\"col-335924913\" class=\"col medium-5 small-12 large-5\"  >\n\t\t\t\t<div class=\"col-inner\"  >\n\t\t\t\n\t\t\t\n\n<div class=\"row\"  id=\"row-1241057934\">\n\n\n\t<div id=\"col-1618419986\" class=\"col medium-4 small-12 large-4\"  >\n\t\t\t\t<div class=\"col-inner\"  >\n\t\t\t\n\t\t\t\n\n\t<div id=\"text-3343283599\" class=\"text\">\n\t\t\n\n<h3>01<\/h3>\n\t\t\n<style>\n#text-3343283599 {\n  font-size: 1.25rem;\n  text-align: left;\n}\n<\/style>\n\t<\/div>\n\t\n<div class=\"is-divider divider clearfix\" style=\"margin-top:15px;margin-bottom:15px;max-width:50px;background-color:rgb(255, 255, 255);\"><\/div>\n\n<h5>Padelpl\u00e4tze<\/h5>\n\n\t\t<\/div>\n\t\t\t\t\t<\/div>\n\n\t\n\n\t<div id=\"col-1587595267\" class=\"col medium-4 small-12 large-4\"  >\n\t\t\t\t<div class=\"col-inner\"  >\n\t\t\t\n\t\t\t\n\n\t<div id=\"text-53414296\" class=\"text\">\n\t\t\n\n<h3>02<\/h3>\n\t\t\n<style>\n#text-53414296 {\n  font-size: 1.25rem;\n  text-align: left;\n}\n<\/style>\n\t<\/div>\n\t\n<div class=\"is-divider divider clearfix\" style=\"margin-top:15px;margin-bottom:15px;max-width:50px;background-color:rgb(255, 255, 255);\"><\/div>\n\n<h5>Dach<\/h5>\n\n\t\t<\/div>\n\t\t\t\t\t<\/div>\n\n\t\n\n\t<div id=\"col-1665270439\" class=\"col medium-4 small-12 large-4\"  >\n\t\t\t\t<div class=\"col-inner\"  >\n\t\t\t\n\t\t\t\n\n\t<div id=\"text-2918270198\" class=\"text\">\n\t\t\n\n<h3>03<\/h3>\n\t\t\n<style>\n#text-2918270198 {\n  font-size: 1.25rem;\n  text-align: left;\n}\n<\/style>\n\t<\/div>\n\t\n<div class=\"is-divider divider clearfix\" style=\"margin-top:15px;margin-bottom:15px;max-width:50px;background-color:rgb(255, 255, 255);\"><\/div>\n\n<h5>Padel Verwandte Produkte<\/h5>\n\n\t\t<\/div>\n\t\t\t\t\t<\/div>\n\n\t\n\n<\/div>\n\n\t\t<\/div>\n\t\t\t\t\n<style>\n#col-335924913 > .col-inner {\n  margin: 0 0px 0px 0px;\n}\n@media (min-width:550px) {\n  #col-335924913 > .col-inner {\n    margin: 185px 0px 0px 0px;\n  }\n}\n@media (min-width:850px) {\n  #col-335924913 > .col-inner {\n    margin: 483px 0px 0px 0px;\n  }\n}\n<\/style>\n\t<\/div>\n\n\t\n\n<\/div>\n\n\t\t<\/div>\n\n\t\t\n<style>\n#section_1834115191 {\n  padding-top: 0px;\n  padding-bottom: 0px;\n  min-height: 500px;\n}\n#section_1834115191 .section-bg-overlay {\n  background-color: rgba(0, 0, 0, 0.33);\n}\n#section_1834115191 .section-bg img {\n  object-position: Center;\n}\n@media (min-width:550px) {\n  #section_1834115191 {\n    min-height: 500px;\n  }\n}\n@media (min-width:850px) {\n  #section_1834115191 {\n    min-height: 600px;\n  }\n  #section_1834115191 .section-bg-overlay {\n    background-color: rgba(0, 0, 0, 0.15);\n  }\n}\n<\/style>\n\t<\/section>\n\t\n<div class=\"row align-right\" style=\"max-width:1300px\" id=\"row-1211900129\">\n\n\n\t<div id=\"col-158008357\" class=\"col medium-12 small-12 large-6\"  >\n\t\t\t\t<div class=\"col-inner dark\" style=\"background-color:rgba(32, 32, 32, 0.483);\" >\n\t\t\t\n\t\t\t\n\n\t<div id=\"text-940266777\" class=\"text\">\n\t\t\n\n<h1>Entdecken Sie das komplette Padel Court Paket<\/h1>\n\t\t\n<style>\n#text-940266777 {\n  font-size: 1.25rem;\n}\n@media (min-width:550px) {\n  #text-940266777 {\n    font-size: 1.5rem;\n  }\n}\n<\/style>\n\t<\/div>\n\t\n<div class=\"is-divider divider clearfix\" style=\"margin-top:25px;margin-bottom:25px;max-width:100px;background-color:rgb(255, 255, 255);\"><\/div>\n\n<p>Erleben Sie, wie einfach es ist, mit unserem umfassenden Paket Ihren Traum-Padelplatz zu bauen. Alles, was Sie f\u00fcr einen professionellen Platz brauchen, an einem Ort.<\/p>\n\n\t\t<\/div>\n\t\t\t\t\n<style>\n#col-158008357 > .col-inner {\n  padding: 40px 40px 40px 40px;\n  margin: -75px 0px 0px 0px;\n}\n@media (min-width:550px) {\n  #col-158008357 > .col-inner {\n    padding: 60px 80px 60px 80px;\n    margin: -121px 0px 0px 0px;\n  }\n}\n@media (min-width:850px) {\n  #col-158008357 > .col-inner {\n    margin: -225px 0px 0px 0px;\n  }\n}\n<\/style>\n\t<\/div>\n\n\t\n\n<\/div>\n\n\t<section class=\"section\" id=\"section_379631633\">\n\t\t<div class=\"section-bg fill\" >\n\t\t\t\t\t\t\t\t\t\n\t\t\t\n\n\t\t<\/div>\n\n\t\t\n\n\t\t<div class=\"section-content relative\">\n\t\t\t\n\n<div class=\"row align-middle\" style=\"max-width:1300px\" id=\"row-1265773070\">\n\n\n\t<div id=\"col-989170981\" class=\"col medium-12 small-12 large-5\"  >\n\t\t\t\t<div class=\"col-inner\"  >\n\t\t\t\n\t\t\t\n\n\n  <div class=\"banner has-hover\" id=\"banner-2122520612\">\n          <div class=\"banner-inner fill\">\n        <div class=\"banner-bg fill\" >\n            <img loading=\"lazy\" decoding=\"async\" width=\"1020\" height=\"765\" src=\"https:\/\/thepadelkit.com\/wp-content\/uploads\/2024\/03\/Padel-Courts-Arturf.jpg\" class=\"bg attachment-large size-large\" alt=\"\" \/>                                    \n                    <\/div>\n\t\t\n        <div class=\"banner-layers container\">\n            <div class=\"fill banner-link\"><\/div>            \n\n   <div id=\"text-box-153116855\" class=\"text-box banner-layer x50 md-x50 lg-x50 y50 md-y50 lg-y50 res-text\">\n                                <div class=\"text-box-content text dark\">\n              \n              <div class=\"text-inner text-center\">\n                  \n\n\n              <\/div>\n           <\/div>\n                            \n<style>\n#text-box-153116855 {\n  width: 60%;\n}\n#text-box-153116855 .text-box-content {\n  font-size: 100%;\n}\n@media (min-width:550px) {\n  #text-box-153116855 {\n    width: 60%;\n  }\n}\n<\/style>\n    <\/div>\n \n\n        <\/div>\n      <\/div>\n\n            \n<style>\n#banner-2122520612 {\n  padding-top: 350px;\n  background-color: rgb(255, 255, 255);\n}\n@media (min-width:550px) {\n  #banner-2122520612 {\n    padding-top: 400px;\n  }\n}\n@media (min-width:850px) {\n  #banner-2122520612 {\n    padding-top: 500px;\n  }\n}\n<\/style>\n  <\/div>\n\n\n\n\t\t<\/div>\n\t\t\t\t\n<style>\n#col-989170981 > .col-inner {\n  margin: -0 0px 0px 0px;\n}\n@media (min-width:850px) {\n  #col-989170981 > .col-inner {\n    margin: -100px 0px 0px 0px;\n  }\n}\n<\/style>\n\t<\/div>\n\n\t\n\n\t<div id=\"col-1196685354\" class=\"col medium-10 small-12 large-5\"  >\n\t\t\t\t<div class=\"col-inner\"  >\n\t\t\t\n\t\t\t\n\n\t<div id=\"text-306720188\" class=\"text\">\n\t\t\n\n<h2>Maximierung der Qualit\u00e4t<\/h2>\n\t\t\n<style>\n#text-306720188 {\n  font-size: 1.25rem;\n}\n<\/style>\n\t<\/div>\n\t\n<p>Wir arbeiten eng mit unseren Lieferkettenpartnern zusammen, um die besten Materialien und innovativsten Designmerkmale f\u00fcr unsere Premium-Padel-Court-Pakete auszuw\u00e4hlen. Diese sorgf\u00e4ltige Zusammenarbeit garantiert ein au\u00dfergew\u00f6hnliches Spielerlebnis und optimiert gleichzeitig den langfristigen Wert f\u00fcr die Platzbesitzer.<\/p>\n<a href=\"https:\/\/thepadelkit.com\/de\/kontakt\/\" class=\"button secondary is-underline\"  >\n\t\t<span>Ein Angebot bekommen<\/span>\n\t<\/a>\n\n\n\n\t\t<\/div>\n\t\t\t\t\n<style>\n#col-1196685354 > .col-inner {\n  padding: 0px 0px 0px 0;\n}\n@media (min-width:850px) {\n  #col-1196685354 > .col-inner {\n    padding: 0px 0px 0px 105px;\n  }\n}\n<\/style>\n\t<\/div>\n\n\t\n\n<\/div>\n\t<div id=\"gap-1952593444\" class=\"gap-element clearfix\" style=\"display:block; height:auto;\">\n\t\t\n<style>\n#gap-1952593444 {\n  padding-top: 0px;\n}\n@media (min-width:850px) {\n  #gap-1952593444 {\n    padding-top: 45px;\n  }\n}\n<\/style>\n\t<\/div>\n\t\n\n\n\t\t<\/div>\n\n\t\t\n<style>\n#section_379631633 {\n  padding-top: 30px;\n  padding-bottom: 30px;\n}\n<\/style>\n\t<\/section>\n\t\n\n\t<section class=\"section\" id=\"section_379091514\">\n\t\t<div class=\"section-bg fill\" >\n\t\t\t\t\t\t\t\t\t\n\t\t\t\n\n\t\t<\/div>\n\n\t\t\n\n\t\t<div class=\"section-content relative\">\n\t\t\t\n\n\t<div id=\"gap-314613925\" class=\"gap-element clearfix\" style=\"display:block; height:auto;\">\n\t\t\n<style>\n#gap-314613925 {\n  padding-top: 30px;\n}\n<\/style>\n\t<\/div>\n\t\n\n<div class=\"row align-right\" style=\"max-width:1300px\" id=\"row-731462088\">\n\n\n\t<div id=\"col-357967890\" class=\"col medium-3 small-12 large-3\"  >\n\t\t\t\t<div class=\"col-inner\"  >\n\t\t\t\n\t\t\t\n\n\t<div id=\"text-1641368742\" class=\"text\">\n\t\t\n\n<h3><span style=\"color: #f2f2f2;\">Seit 2018<\/span><\/h3>\n\t\t\n<style>\n#text-1641368742 {\n  font-size: 4rem;\n}\n<\/style>\n\t<\/div>\n\t\n\n\t\t<\/div>\n\t\t\t\t\t<\/div>\n\n\t\n\n\t<div id=\"col-733068130\" class=\"col medium-9 small-12 large-9\"  >\n\t\t\t\t<div class=\"col-inner\"  >\n\t\t\t\n\t\t\t\n\n\n  <div class=\"banner has-hover\" id=\"banner-895976347\">\n          <div class=\"banner-inner fill\">\n        <div class=\"banner-bg fill\" >\n            <img loading=\"lazy\" decoding=\"async\" width=\"1020\" height=\"765\" src=\"https:\/\/thepadelkit.com\/wp-content\/uploads\/2024\/03\/Padel-Court-001.jpeg\" class=\"bg attachment-large size-large\" alt=\"\" \/>                                    \n                    <\/div>\n\t\t\n        <div class=\"banner-layers container\">\n            <div class=\"fill banner-link\"><\/div>            \n\n   <div id=\"text-box-1718385099\" class=\"text-box banner-layer x50 md-x50 lg-x50 y50 md-y50 lg-y50 res-text\">\n                                <div class=\"text-box-content text dark\">\n              \n              <div class=\"text-inner text-center\">\n                  \n\n\n              <\/div>\n           <\/div>\n                            \n<style>\n#text-box-1718385099 {\n  width: 60%;\n}\n#text-box-1718385099 .text-box-content {\n  font-size: 100%;\n}\n@media (min-width:550px) {\n  #text-box-1718385099 {\n    width: 60%;\n  }\n}\n<\/style>\n    <\/div>\n \n\n        <\/div>\n      <\/div>\n\n            \n<style>\n#banner-895976347 {\n  padding-top: 250px;\n  background-color: rgb(217, 217, 217);\n}\n#banner-895976347 .banner-bg img {\n  object-position: 53% 100%;\n}\n@media (min-width:550px) {\n  #banner-895976347 {\n    padding-top: 400px;\n  }\n}\n@media (min-width:850px) {\n  #banner-895976347 {\n    padding-top: 500px;\n  }\n}\n<\/style>\n  <\/div>\n\n\n\n\t\t<\/div>\n\t\t\t\t\t<\/div>\n\n\t\n\n<\/div>\n<div class=\"row\" style=\"max-width:1300px\" id=\"row-82536788\">\n\n\n\t<div id=\"col-1822537455\" class=\"col medium-8 small-12 large-5\"  >\n\t\t\t\t<div class=\"col-inner\" style=\"background-color:rgb(255, 255, 255);\" >\n\t\t\t\n\t\t\t\n\n\t<div id=\"text-3745685446\" class=\"text\">\n\t\t\n\n<h2>Bahnbrechende Padelplatz-L\u00f6sungen<\/h2>\n\t\t\n<style>\n#text-3745685446 {\n  font-size: 1.25rem;\n}\n<\/style>\n\t<\/div>\n\t\n<p>Mit \u00fcber 14 Jahren Erfahrung in der Herstellung von Padel-Kunstrasen und 6 Jahren Erfahrung in der Bereitstellung umfassender Padel-Court-Pakete sind wir Branchenf\u00fchrer in puncto Innovation und Qualit\u00e4t. Entdecken Sie unser vielf\u00e4ltiges Angebot an Padel-Court-L\u00f6sungen mit den Editionen Classic, Pro und SuperView. Dar\u00fcber hinaus bieten wir anpassbare Optionen, die Ihren individuellen Anforderungen entsprechen.<\/p>\n<a href=\"https:\/\/thepadelkit.com\/de\/padel-courts\/\" class=\"button secondary is-underline\"  >\n\t\t<span>Einzelheiten<\/span>\n\t<\/a>\n\n\n\n\t\t<\/div>\n\t\t\t\t\n<style>\n#col-1822537455 > .col-inner {\n  padding: 40px 40px 40px 40px;\n  margin: -37px 0px 0px 0px;\n}\n@media (min-width:550px) {\n  #col-1822537455 > .col-inner {\n    padding: 50px 50px 50px 50px;\n    margin: -270px 0px 0px 0px;\n  }\n}\n<\/style>\n\t<\/div>\n\n\t\n\n<\/div>\n\n\t\t<\/div>\n\n\t\t\n<style>\n#section_379091514 {\n  padding-top: 50px;\n  padding-bottom: 50px;\n  background-color: #d26e4b;\n}\n@media (min-width:550px) {\n  #section_379091514 {\n    padding-top: 80px;\n    padding-bottom: 80px;\n  }\n}\n<\/style>\n\t<\/section>\n\t\n\n\t<section class=\"section dark\" id=\"section_1992328132\">\n\t\t<div class=\"section-bg fill\" >\n\t\t\t\t\t\t\t\t\t\n\t\t\t\n\n\t\t<\/div>\n\n\t\t\n\n\t\t<div class=\"section-content relative\">\n\t\t\t\n\n\t<div id=\"gap-750002294\" class=\"gap-element clearfix\" style=\"display:block; height:auto;\">\n\t\t\n<style>\n#gap-750002294 {\n  padding-top: 30px;\n}\n<\/style>\n\t<\/div>\n\t\n\n<div class=\"row row-large\" style=\"max-width:1000px\" id=\"row-1550097944\">\n\n\n\t<div id=\"col-2139641629\" class=\"col medium-4 small-12 large-4\"  >\n\t\t\t\t<div class=\"col-inner text-center\"  >\n\t\t\t\n\t\t\t\n\n\n\t\t<div class=\"icon-box featured-box icon-box-top text-left\"  >\n\t\t\t\t\t<div class=\"icon-box-img\" style=\"width: 48px\">\n\t\t\t\t<div class=\"icon\">\n\t\t\t\t\t<div class=\"icon-inner\" >\n\t\t\t\t\t\t<?xml version=\"1.0\" standalone=\"no\"?><!DOCTYPE svg PUBLIC \"-\/\/W3C\/\/DTD SVG 1.1\/\/EN\" \"http:\/\/www.w3.org\/Graphics\/SVG\/1.1\/DTD\/svg11.dtd\"><svg t=\"1710850830994\" class=\"icon\" viewbox=\"0 0 1024 1024\" version=\"1.1\" xmlns=\"http:\/\/www.w3.org\/2000\/svg\" p-id=\"1735\" xmlns:xlink=\"http:\/\/www.w3.org\/1999\/xlink\" width=\"200\" height=\"200\"><path d=\"M735.168 112H288.832a80 80 0 0 0-65.92 34.688l-152.448 221.76a80 80 0 0 0 5.44 97.696L451.584 899.52a80 80 0 0 0 120.896 0l375.616-433.376a80 80 0 0 0 5.472-97.728l-152.448-221.76a80 80 0 0 0-65.92-34.656z m-8.448 96l140.672 204.608L512 822.688 156.576 412.608 297.248 208H726.72z m-32.768 215.552l24.512 20.544a32 32 0 0 1 3.936 45.12l-110.304 131.456a32 32 0 0 1-45.12 3.936l-24.48-20.576a32 32 0 0 1-3.968-45.056l110.336-131.52a32 32 0 0 1 45.088-3.904z\" fill=\"#333333\" p-id=\"1736\"><\/path><\/svg>\t\t\t\t\t<\/div>\n\t\t\t\t<\/div>\n\t\t\t<\/div>\n\t\t\t\t<div class=\"icon-box-text last-reset\">\n\t\t\t\t\t\t\t\t\t\n\n\t<div id=\"text-117542379\" class=\"text\">\n\t\t\n\n<h3>Premium Qualit\u00e4t<\/h3>\n\t\t\n<style>\n#text-117542379 {\n  text-align: center;\n}\n<\/style>\n\t<\/div>\n\t\n\n\t\t<\/div>\n\t<\/div>\n\t\n\t\n<div class=\"is-divider divider clearfix\" style=\"margin-top:15px;margin-bottom:15px;max-width:50px;background-color:rgb(255, 255, 255);\"><\/div>\n\n<p>Wir arbeiten mit Branchenf\u00fchrern zusammen und verwenden erstklassige Materialien f\u00fcr dauerhafte Leistung.<\/p>\n\n\t\t<\/div>\n\t\t\t\t\t<\/div>\n\n\t\n\n\t<div id=\"col-456682596\" class=\"col medium-4 small-12 large-4\"  >\n\t\t\t\t<div class=\"col-inner text-center\"  >\n\t\t\t\n\t\t\t\n\n\n\t\t<div class=\"icon-box featured-box icon-box-top text-left\"  >\n\t\t\t\t\t<div class=\"icon-box-img\" style=\"width: 48px\">\n\t\t\t\t<div class=\"icon\">\n\t\t\t\t\t<div class=\"icon-inner\" >\n\t\t\t\t\t\t<?xml version=\"1.0\" standalone=\"no\"?><!DOCTYPE svg PUBLIC \"-\/\/W3C\/\/DTD SVG 1.1\/\/EN\" \"http:\/\/www.w3.org\/Graphics\/SVG\/1.1\/DTD\/svg11.dtd\"><svg t=\"1710850912569\" class=\"icon\" viewbox=\"0 0 1024 1024\" version=\"1.1\" xmlns=\"http:\/\/www.w3.org\/2000\/svg\" p-id=\"2819\" xmlns:xlink=\"http:\/\/www.w3.org\/1999\/xlink\" width=\"200\" height=\"200\"><path d=\"M833.3 515.33l159.09-159.1c43-43 43-111.8 0-150.49L824.7 38.04c-38.7-38.7-111.8-38.7-150.5 0L515.11 197.13 356.02 38.04c-38.7-38.7-111.79-38.7-150.49 0l-167.7 167.7c-43 43-43 111.8 0 150.49l159.09 159.1-68.8 64.5c-12.9 12.9-21.5 25.8-25.8 43L7.73 885.11c-12.9 34.4-4.3 68.8 12.9 94.6 21.5 25.8 51.59 43 86 43 12.9 0 21.5 0 34.4-4.3l262.29-94.6c17.2-4.3 30.1-12.9 43-25.8l64.5-64.5L669.91 992.6c21.5 21.5 47.3 30.1 77.4 30.1 30.1 0 55.9-12.9 77.4-30.1L992.4 824.9c43-43 43-111.79 0-150.49L833.3 515.33zM761.61 89.64c4.3 0 12.9 4.3 17.2 4.3l167.69 167.7c8.6 8.6 8.6 21.5 0 30.09l-60.2 60.2-197.79-197.79 60.2-60.2c-0.01 0 4.29-4.3 12.9-4.3zM211.23 399.23l77.39-77.4c12.9-12.9 12.9-34.4 0-47.3-12.9-12.9-34.4-12.9-47.3 0l-77.39 77.4-55.9-55.9c-8.6-8.6-8.6-21.5 0-30.1l167.7-167.69c4.3-4.3 8.6-4.3 17.2-4.3s12.9 4.3 17.2 4.3l154.8 159.09-197.8 197.79-55.9-55.89z m189.19 442.88s-4.3 4.3-8.6 4.3l-262.29 94.6c-8.6 4.3-17.2 0-21.5-8.6-4.3-4.3-4.3-8.6-4.3-17.2l94.6-262.29c0-4.3 4.3-4.3 4.3-8.6l438.58-438.58L839 403.53l-86 86-257.99 257.98-94.59 94.6z m541.78-77.39L774.5 932.41c-8.6 8.6-21.5 8.6-30.1 0l-55.9-55.89 77.4-77.4c12.9-12.9 12.9-34.4 0-47.3-12.9-12.9-34.4-12.9-47.3 0l-77.4 77.4-55.89-55.9 197.79-197.8 159.1 159.1c8.6 8.6 8.6 21.49 0 30.1z m0 0\" fill=\"#333333\" p-id=\"2820\"><\/path><\/svg>\t\t\t\t\t<\/div>\n\t\t\t\t<\/div>\n\t\t\t<\/div>\n\t\t\t\t<div class=\"icon-box-text last-reset\">\n\t\t\t\t\t\t\t\t\t\n\n\t<div id=\"text-2043651016\" class=\"text\">\n\t\t\n\n<h3>Anpassung<\/h3>\n\t\t\n<style>\n#text-2043651016 {\n  text-align: center;\n}\n<\/style>\n\t<\/div>\n\t\n\n\t\t<\/div>\n\t<\/div>\n\t\n\t\n<div class=\"is-divider divider clearfix\" style=\"margin-top:15px;margin-bottom:15px;max-width:50px;background-color:rgb(255, 255, 255);\"><\/div>\n\n<p>Auf Ihre Vorlieben zugeschnitten, von der Struktur und Rasenfarbe bis hin zu komplizierten Designdetails.<\/p>\n\n\t\t<\/div>\n\t\t\t\t\t<\/div>\n\n\t\n\n\t<div id=\"col-1348537795\" class=\"col medium-4 small-12 large-4\"  >\n\t\t\t\t<div class=\"col-inner text-center\"  >\n\t\t\t\n\t\t\t\n\n\n\t\t<div class=\"icon-box featured-box icon-box-top text-left\"  >\n\t\t\t\t\t<div class=\"icon-box-img\" style=\"width: 48px\">\n\t\t\t\t<div class=\"icon\">\n\t\t\t\t\t<div class=\"icon-inner\" >\n\t\t\t\t\t\t<?xml version=\"1.0\" standalone=\"no\"?><!DOCTYPE svg PUBLIC \"-\/\/W3C\/\/DTD SVG 1.1\/\/EN\" \"http:\/\/www.w3.org\/Graphics\/SVG\/1.1\/DTD\/svg11.dtd\"><svg t=\"1710850979480\" class=\"icon\" viewbox=\"0 0 1064 1024\" version=\"1.1\" xmlns=\"http:\/\/www.w3.org\/2000\/svg\" p-id=\"3849\" xmlns:xlink=\"http:\/\/www.w3.org\/1999\/xlink\" width=\"207.8125\" height=\"200\"><path d=\"M532.8 582.4c-12.8 0-25.6-6.4-38.4-12.8L20.8 332.8l-6.4-6.4c-19.2-19.2-19.2-57.6 0-76.8l6.4-6.4L494.4 6.4c12.8 0 25.6-6.4 38.4-6.4 12.8 0 25.6 6.4 32 12.8l473.6 236.8 6.4 6.4c19.2 19.2 19.2 57.6 0 76.8l-6.4 6.4-473.6 230.4c-6.4 6.4-19.2 12.8-32 12.8zM78.4 288L532.8 512l454.4-224L532.8 64 78.4 288z\" p-id=\"3850\"><\/path><path d=\"M532.8 800c-12.8 0-25.6-6.4-32-12.8L27.2 556.8c-19.2-6.4-25.6-25.6-19.2-38.4 6.4-12.8 25.6-25.6 38.4-12.8l473.6 236.8 473.6-236.8c12.8-6.4 32 0 38.4 12.8 6.4 12.8 0 32-12.8 38.4l-473.6 230.4c12.8 12.8 0 12.8-12.8 12.8z\" p-id=\"3851\"><\/path><path d=\"M532.8 1024c-12.8 0-25.6-6.4-32-12.8L27.2 780.8c-12.8-6.4-25.6-25.6-12.8-38.4s25.6-25.6 38.4-12.8L526.4 960l473.6-236.8c12.8-6.4 32 0 44.8 12.8s0 32-12.8 44.8l-473.6 230.4c0 6.4-12.8 12.8-25.6 12.8z\" p-id=\"3852\"><\/path><\/svg>\t\t\t\t\t<\/div>\n\t\t\t\t<\/div>\n\t\t\t<\/div>\n\t\t\t\t<div class=\"icon-box-text last-reset\">\n\t\t\t\t\t\t\t\t\t\n\n\t<div id=\"text-943752\" class=\"text\">\n\t\t\n\n<h3>Alles aus einer Hand<\/h3>\n\t\t\n<style>\n#text-943752 {\n  text-align: center;\n}\n<\/style>\n\t<\/div>\n\t\n\n\t\t<\/div>\n\t<\/div>\n\t\n\t\n<div class=\"is-divider divider clearfix\" style=\"margin-top:15px;margin-bottom:15px;max-width:50px;background-color:rgb(255, 255, 255);\"><\/div>\n\n<p>Komplettl\u00f6sungen f\u00fcr Padelpl\u00e4tze, inklusive Einbauteilen, \u00dcberdachung und allen dazugeh\u00f6rigen Produkten.<\/p>\n\n\t\t<\/div>\n\t\t\t\t\t<\/div>\n\n\t\n\n<\/div>\n\n\t\t<\/div>\n\n\t\t\n<style>\n#section_1992328132 {\n  padding-top: 50px;\n  padding-bottom: 50px;\n  background-color: rgb(32, 32, 32);\n}\n<\/style>\n\t<\/section>\n\t\n\n\t<section class=\"section\" id=\"section_1478439162\">\n\t\t<div class=\"section-bg fill\" >\n\t\t\t\t\t\t\t\t\t\n\t\t\t\n\n\t\t<\/div>\n\n\t\t\n\n\t\t<div class=\"section-content relative\">\n\t\t\t\n\n<div class=\"row\" style=\"max-width:1300px\" id=\"row-1603772599\">\n\n\n\t<div id=\"col-2076530037\" class=\"col medium-11 small-12 large-9\"  >\n\t\t\t\t<div class=\"col-inner\"  >\n\t\t\t\n\t\t\t\n\n\n  <div class=\"banner has-hover\" id=\"banner-664624974\">\n          <div class=\"banner-inner fill\">\n        <div class=\"banner-bg fill\" >\n            <img loading=\"lazy\" decoding=\"async\" width=\"1020\" height=\"764\" src=\"https:\/\/thepadelkit.com\/wp-content\/uploads\/2024\/03\/Arturf-Padel-Court-China-02.jpg\" class=\"bg attachment-large size-large\" alt=\"\" \/>                                    \n                    <\/div>\n\t\t\n        <div class=\"banner-layers container\">\n            <div class=\"fill banner-link\"><\/div>            \n\n   <div id=\"text-box-511634605\" class=\"text-box banner-layer x50 md-x50 lg-x50 y50 md-y50 lg-y50 res-text\">\n                                <div class=\"text-box-content text dark\">\n              \n              <div class=\"text-inner text-center\">\n                  \n\n\n              <\/div>\n           <\/div>\n                            \n<style>\n#text-box-511634605 {\n  width: 60%;\n}\n#text-box-511634605 .text-box-content {\n  font-size: 100%;\n}\n@media (min-width:550px) {\n  #text-box-511634605 {\n    width: 60%;\n  }\n}\n<\/style>\n    <\/div>\n \n\n        <\/div>\n      <\/div>\n\n            \n<style>\n#banner-664624974 {\n  padding-top: 300px;\n  background-color: rgb(255, 255, 255);\n}\n#banner-664624974 .banner-bg img {\n  object-position: 44% 100%;\n}\n@media (min-width:550px) {\n  #banner-664624974 {\n    padding-top: 400px;\n  }\n}\n@media (min-width:850px) {\n  #banner-664624974 {\n    padding-top: 500px;\n  }\n}\n<\/style>\n  <\/div>\n\n\n\n\t\t<\/div>\n\t\t\t\t\t<\/div>\n\n\t\n\n<\/div>\n<div class=\"row align-right\" style=\"max-width:1300px\" id=\"row-253469675\">\n\n\n\t<div id=\"col-1270128616\" class=\"col medium-10 small-12 large-6\"  >\n\t\t\t\t<div class=\"col-inner\"  >\n\t\t\t\n\t\t\t\n\n<div class=\"row\"  id=\"row-1845793169\">\n\n\n\t<div id=\"col-142150428\" class=\"col medium-4 small-12 large-4\"  >\n\t\t\t\t<div class=\"col-inner\"  >\n\t\t\t\n\t\t\t\n\n\t<div id=\"text-346208171\" class=\"text\">\n\t\t\n\n<h3><span class=\"count-up\">800+<\/span><\/h3>\n\t\t\n<style>\n#text-346208171 {\n  font-size: 1.5rem;\n  text-align: left;\n}\n<\/style>\n\t<\/div>\n\t\n<div class=\"is-divider divider clearfix\" style=\"margin-top:15px;margin-bottom:15px;max-width:50px;background-color:rgb(39, 54, 71);\"><\/div>\n\n<p>Weltweit installierte Padelpl\u00e4tze<\/p>\n\n\t\t<\/div>\n\t\t\t\t\t<\/div>\n\n\t\n\n\t<div id=\"col-1854054821\" class=\"col medium-4 small-12 large-4\"  >\n\t\t\t\t<div class=\"col-inner\"  >\n\t\t\t\n\t\t\t\n\n\t<div id=\"text-291131037\" class=\"text\">\n\t\t\n\n<h3><span class=\"count-up\">13<\/span><\/h3>\n\t\t\n<style>\n#text-291131037 {\n  font-size: 1.5rem;\n  text-align: left;\n}\n<\/style>\n\t<\/div>\n\t\n<div class=\"is-divider divider clearfix\" style=\"margin-top:15px;margin-bottom:15px;max-width:50px;background-color:rgb(39, 54, 71);\"><\/div>\n\n<p>Bediente Nationen und es werden immer mehr<\/p>\n\n\t\t<\/div>\n\t\t\t\t\t<\/div>\n\n\t\n\n\t<div id=\"col-2140363261\" class=\"col medium-4 small-12 large-4\"  >\n\t\t\t\t<div class=\"col-inner\"  >\n\t\t\t\n\t\t\t\n\n\t<div id=\"text-3426631110\" class=\"text\">\n\t\t\n\n<h3><span class=\"count-up\">6<\/span><\/h3>\n\t\t\n<style>\n#text-3426631110 {\n  font-size: 1.5rem;\n  text-align: left;\n}\n<\/style>\n\t<\/div>\n\t\n<div class=\"is-divider divider clearfix\" style=\"margin-top:15px;margin-bottom:15px;max-width:50px;background-color:rgb(39, 54, 71);\"><\/div>\n\n<p>Jahrelange Erfahrung in der Padel Court Bereitstellung<\/p>\n\n\t\t<\/div>\n\t\t\t\t\t<\/div>\n\n\t\n\n<\/div>\n\n\t\t<\/div>\n\t\t\t\t\t<\/div>\n\n\t\n\n\t<div id=\"col-1817182825\" class=\"col medium-10 small-12 large-6 medium-col-first\"  >\n\t\t\t\t<div class=\"col-inner\" style=\"background-color:rgb(233, 233, 233);\" >\n\t\t\t\n\t\t\t\n\n\t<div id=\"text-899848842\" class=\"text\">\n\t\t\n\n<h2>Willkommen bei \u201eUnsere Expertise\u201c<\/h2>\n\t\t\n<style>\n#text-899848842 {\n  font-size: 1.25rem;\n}\n<\/style>\n\t<\/div>\n\t\n<p>Wir sind in China ans\u00e4ssig und liefern in die ganze Welt. Sie k\u00f6nnen sich gerne von unserem Fachwissen \u00fcberzeugen. Egal, ob Sie Padel-Pl\u00e4tze f\u00fcr Mietobjekte oder staatliche Sportzentren einrichten, wir bieten ma\u00dfgeschneiderte L\u00f6sungen. In enger Zusammenarbeit mit Ihren Ingenieuren oder Designern erstellen wir individuelle Pakete, die Ihren Anforderungen entsprechen. Verlassen Sie sich auf unser Engagement f\u00fcr die Lieferung leistungsstarker Qualit\u00e4tsprodukte. Kontaktieren Sie uns noch heute, um Ihre Projektanforderungen zu besprechen.<\/p>\n<a href=\"https:\/\/thepadelkit.com\/de\/kontakt\/\" class=\"button secondary is-underline\"  >\n\t\t<span>In Kontakt kommen<\/span>\n\t<\/a>\n\n\n\n\t\t<\/div>\n\t\t\t\t\n<style>\n#col-1817182825 > .col-inner {\n  padding: 40px 40px 40px 40px;\n  margin: -50px 0px 0px 0px;\n}\n@media (min-width:550px) {\n  #col-1817182825 > .col-inner {\n    padding: 50px 50px 50px 50px;\n    margin: -110px 0px 0px 0px;\n  }\n}\n@media (min-width:850px) {\n  #col-1817182825 > .col-inner {\n    margin: -210px 0px 0px 0px;\n  }\n}\n<\/style>\n\t<\/div>\n\n\t\n\n<\/div>\n\n\t\t<\/div>\n\n\t\t\n<style>\n#section_1478439162 {\n  padding-top: 65px;\n  padding-bottom: 65px;\n}\n@media (min-width:850px) {\n  #section_1478439162 {\n    padding-top: 100px;\n    padding-bottom: 100px;\n  }\n}\n<\/style>\n\t<\/section>","protected":false},"excerpt":{"rendered":"","protected":false},"author":1,"featured_media":0,"parent":0,"menu_order":0,"comment_status":"closed","ping_status":"closed","template":"page-blank.php","meta":{"_seopress_robots_primary_cat":"0","_seopress_titles_title":"Premium Padel Courts: Manufacturer in China","_seopress_titles_desc":"Discover premium padel court packages for your dream court. Tailored solutions, top-tier materials, and expert craftsmanship. Based in China with 6 years of experience.","_seopress_robots_index":"","footnotes":""},"class_list":["post-22","page","type-page","status-publish","hentry"],"_links":{"self":[{"href":"https:\/\/thepadelkit.com\/de\/wp-json\/wp\/v2\/pages\/22","targetHints":{"allow":["GET"]}}],"collection":[{"href":"https:\/\/thepadelkit.com\/de\/wp-json\/wp\/v2\/pages"}],"about":[{"href":"https:\/\/thepadelkit.com\/de\/wp-json\/wp\/v2\/types\/page"}],"author":[{"embeddable":true,"href":"https:\/\/thepadelkit.com\/de\/wp-json\/wp\/v2\/users\/1"}],"replies":[{"embeddable":true,"href":"https:\/\/thepadelkit.com\/de\/wp-json\/wp\/v2\/comments?post=22"}],"version-history":[{"count":0,"href":"https:\/\/thepadelkit.com\/de\/wp-json\/wp\/v2\/pages\/22\/revisions"}],"wp:attachment":[{"href":"https:\/\/thepadelkit.com\/de\/wp-json\/wp\/v2\/media?parent=22"}],"curies":[{"name":"wp","href":"https:\/\/api.w.org\/{rel}","templated":true}]}}